{"id":4502,"date":"2016-11-23T12:03:08","date_gmt":"2016-11-23T11:03:08","guid":{"rendered":"http:\/\/lugera.solutions\/ts\/?page_id=4502"},"modified":"2021-01-21T09:03:12","modified_gmt":"2021-01-21T08:03:12","slug":"ako-funguje-talentscan","status":"publish","type":"page","link":"https:\/\/lugera.sk\/talentscan\/ako-funguje-talentscan\/","title":{"rendered":"Ako funguje TalentScan?"},"content":{"rendered":"<section class=\"l-section wpb_row height_large color_secondary with_img\"><div class=\"l-section-img\" style=\"background-image: url(https:\/\/lugera.sk\/talentscan\/wp-content\/uploads\/2016\/10\/header-fuchsia-4.png);\" data-img-width=\"1526\" data-img-height=\"315\"><\/div><div class=\"l-section-h i-cf\"><div class=\"g-cols vc_row via_flex valign_middle type_default\"><div class=\"vc_col-sm-12 wpb_column vc_column_container\"><div class=\"vc_column-inner\"><div class=\"wpb_wrapper\"><h1 class=\"w-post-elm post_title us_custom_62fa932f align_center entry-title color_link_inherit\">Ako funguje TalentScan?<\/h1><\/div><\/div><\/div><\/div><\/div><\/section><section class=\"l-section wpb_row height_medium\"><div class=\"l-section-h i-cf\"><div class=\"g-cols vc_row via_flex valign_top type_default\"><div class=\"vc_col-sm-12 wpb_column vc_column_container\"><div class=\"vc_column-inner\"><div class=\"wpb_wrapper\"><div class=\"wpb_text_column\"><div class=\"wpb_wrapper\"><h1>Ve\u013emi jednoducho.<\/h1>\n<\/div><\/div><div class=\"wpb_text_column\"><div class=\"wpb_wrapper\"><p>TalentScan je na\u0161a nov\u00e1 slu\u017eba &#8211; otvoren\u00e1 datab\u00e1za stretnut\u00fdch a ohodnoten\u00fdch kandid\u00e1tov. N\u00e1jdete tu \u0161ikovn\u00fdch absolventov, motivovan\u00fdch juniorov, sk\u00fasen\u00fdch \u0161pecialistov ale aj ostrie\u013ean\u00fdch mana\u017e\u00e9rov,\u00a0ktor\u00ed s\u00fa aktu\u00e1lne otvoren\u00ed nov\u00fdm pracovn\u00fdm v\u00fdzvam.<\/p>\n<p>Profily kandid\u00e1tov m\u00f4\u017eete vyh\u013ead\u00e1va\u0165 na z\u00e1klade jednotliv\u00fdch <a href=\"http:\/\/lugera.solutions\/ts\/talentscan\/#odvetvia\" target=\"_blank\" rel=\"noopener\">odvetv\u00ed<\/a>, <a href=\"http:\/\/lugera.solutions\/ts\/#hladam-kandidata\" target=\"_blank\" rel=\"noopener\">krajov\u00a0alebo k\u013e\u00fa\u010dov\u00fdch slov<\/a>. Pri ka\u017edom profile n\u00e1jdete inform\u00e1cie o preferovanej lokalite, seniorite, platov\u00fdch o\u010dak\u00e1vaniach, mo\u017enom term\u00edne n\u00e1stupu a jazykov\u00fdch znalostiach. S\u00fa\u010das\u0165ou profilu je aj stru\u010dn\u00fd popis sk\u00fasenost\u00ed kandid\u00e1ta a jeho celkov\u00e9 zhodnotenie.<\/p>\n<\/div><\/div><div class=\"wpb_text_column\"><div class=\"wpb_wrapper\"><h1>Na\u0161li ste zauj\u00edmav\u00fd profil &#8211; \u010do \u010falej?<\/h1>\n<\/div><\/div><div class=\"wpb_text_column\"><div class=\"wpb_wrapper\"><p>Pri ka\u017edom kandid\u00e1tovi sa nach\u00e1dza tla\u010didlo M\u00c1M Z\u00c1UJEM O KANDID\u00c1TA &#8211; po jeho stla\u010den\u00ed budete presmerovan\u00ed na formul\u00e1r, kde vypln\u00edte va\u0161e kontaktn\u00e9 \u00fadaje. \u00a0Na z\u00e1klade tohto formul\u00e1ra v\u00e1s budeme kontaktova\u0165, aby sme si doplnili detailnej\u0161ie\u00a0inform\u00e1cie o poz\u00edcii a uistili sa, \u017ee vybran\u00fd profil vyhovuje va\u0161im po\u017eiadavk\u00e1m.<\/p>\n<p>N\u00e1sledne budeme s Va\u0161ou ponukou kontaktova\u0165 vybran\u00e9ho kandid\u00e1ta a po preveren\u00ed a potvrden\u00ed jeho z\u00e1ujmu v\u00e1m za\u0161leme jeho \u00fapln\u00fd profil &#8211; \u017eivotopis spolu s hodnoten\u00edm z osobn\u00e9ho stretnutia. Vy sa na z\u00e1klade jeho profilu rozhodnete, \u010di si kandid\u00e1ta pozvete na osobn\u00e9 stretnutie, ktor\u00e9 v\u00e1m radi pom\u00f4\u017eeme zabezpe\u010di\u0165. Pokia\u013e ste v na\u0161ej datab\u00e1ze TalentScan nena\u0161li vhodn\u00fd profil, <a href=\"http:\/\/lugera.solutions\/ts\/talentscan\/najdi-kandidata\/\" target=\"_blank\" rel=\"noopener\">sta\u010d\u00ed n\u00e1s kontaktova\u0165<\/a>\u00a0&#8211;\u00a0my v\u00e1m radi pom\u00f4\u017eeme s h\u013eadan\u00edm toho spr\u00e1vneho kandid\u00e1ta.<\/p>\n<\/div><\/div><div class=\"wpb_text_column\"><div class=\"wpb_wrapper\"><h1>Ko\u013eko zaplat\u00edte za vyu\u017e\u00edvanie TalentScan?<\/h1>\n<\/div><\/div><div class=\"wpb_text_column\"><div class=\"wpb_wrapper\"><p>V\u00f4bec ni\u010d. Rovnako ako pri vyu\u017e\u00edvan\u00ed slu\u017eby Search&amp;Selection, n\u00e1rok na odmenu za sprostredkovanie kandid\u00e1ta n\u00e1m vznik\u00e1 a\u017e v momente, ke\u010f sa s vybran\u00fdm kandid\u00e1tom dohodnete na spolupr\u00e1ci &#8211; v tomto pr\u00edpade je to podpis pracovnej zmluvy.<\/p>\n<p>Odmena za zamestnan\u00e9ho kandid\u00e1ta je nastaven\u00e1 na 1-n\u00e1sobok jeho n\u00e1stupn\u00e9ho platu (minim\u00e1lne 1000\u20ac) &#8211; tak\u017ee vyu\u017eitie TalentScanu sa v\u00e1m naozaj oplat\u00ed!<\/p>\n<p>V\u0161etky d\u00f4le\u017eit\u00e9 inform\u00e1cie n\u00e1jdete aj v sekcii <a href=\"http:\/\/lugera.solutions\/ts\/talentscan\/vseobecne-obchodne-podmienky\/\" target=\"_blank\" rel=\"noopener\">V\u0161eobecn\u00e9 obchodn\u00e9 podmienky<\/a>. A na v\u0161etky dopl\u0148uj\u00face ot\u00e1zky v\u00e1m samozrejme radi odpovieme, sta\u010d\u00ed n\u00e1m <a href=\"http:\/\/lugera.solutions\/ts\/talentscan\/mam-otazku\/\" target=\"_blank\" rel=\"noopener\">nap\u00edsa\u0165<\/a>.<\/p>\n<\/div><\/div><\/div><\/div><\/div><\/div><\/div><\/section><section class=\"l-section wpb_row height_medium\"><div class=\"l-section-h i-cf\"><div class=\"g-cols vc_row via_flex valign_top type_default\"><div class=\"vc_col-sm-12 wpb_column vc_column_container\"><div class=\"vc_column-inner\"><div class=\"wpb_wrapper\"><\/div><\/div><\/div><\/div><\/div><\/section>\n","protected":false},"excerpt":{"rendered":"Ako funguje TalentScan?Ve\u013emi jednoducho. TalentScan je na\u0161a nov\u00e1 slu\u017eba &#8211; otvoren\u00e1 datab\u00e1za stretnut\u00fdch a ohodnoten\u00fdch kandid\u00e1tov. N\u00e1jdete tu \u0161ikovn\u00fdch absolventov, motivovan\u00fdch juniorov, sk\u00fasen\u00fdch \u0161pecialistov ale aj ostrie\u013ean\u00fdch mana\u017e\u00e9rov,\u00a0ktor\u00ed s\u00fa aktu\u00e1lne otvoren\u00ed nov\u00fdm pracovn\u00fdm v\u00fdzvam. Profily kandid\u00e1tov m\u00f4\u017eete vyh\u013ead\u00e1va\u0165 na z\u00e1klade jednotliv\u00fdch odvetv\u00ed, krajov\u00a0alebo k\u013e\u00fa\u010dov\u00fdch slov. Pri ka\u017edom profile n\u00e1jdete inform\u00e1cie o preferovanej lokalite, seniorite, platov\u00fdch...","protected":false},"author":4,"featured_media":0,"parent":0,"menu_order":0,"comment_status":"closed","ping_status":"closed","template":"","meta":[],"_links":{"self":[{"href":"https:\/\/lugera.sk\/talentscan\/wp-json\/wp\/v2\/pages\/4502"}],"collection":[{"href":"https:\/\/lugera.sk\/talentscan\/wp-json\/wp\/v2\/pages"}],"about":[{"href":"https:\/\/lugera.sk\/talentscan\/wp-json\/wp\/v2\/types\/page"}],"author":[{"embeddable":true,"href":"https:\/\/lugera.sk\/talentscan\/wp-json\/wp\/v2\/users\/4"}],"replies":[{"embeddable":true,"href":"https:\/\/lugera.sk\/talentscan\/wp-json\/wp\/v2\/comments?post=4502"}],"version-history":[{"count":0,"href":"https:\/\/lugera.sk\/talentscan\/wp-json\/wp\/v2\/pages\/4502\/revisions"}],"wp:attachment":[{"href":"https:\/\/lugera.sk\/talentscan\/wp-json\/wp\/v2\/media?parent=4502"}],"curies":[{"name":"wp","href":"https:\/\/api.w.org\/{rel}","templated":true}]}}