{"id":4185,"date":"2016-10-27T12:27:02","date_gmt":"2016-10-27T10:27:02","guid":{"rendered":"http:\/\/lugera.solutions\/ts\/?page_id=4185"},"modified":"2021-01-21T09:03:11","modified_gmt":"2021-01-21T08:03:11","slug":"vseobecne-obchodne-podmienky","status":"publish","type":"page","link":"https:\/\/lugera.sk\/talentscan\/vseobecne-obchodne-podmienky\/","title":{"rendered":"V\u0161eobecn\u00e9 obchodn\u00e9 podmienky"},"content":{"rendered":"<section class=\"l-section wpb_row height_large color_secondary with_img\"><div class=\"l-section-img\" style=\"background-image: url(https:\/\/lugera.sk\/talentscan\/wp-content\/uploads\/2016\/10\/Vop-header-with-fuchsia.png);\" data-img-width=\"1526\" data-img-height=\"315\"><\/div><div class=\"l-section-h i-cf\"><div class=\"g-cols vc_row via_flex valign_middle type_default\"><div class=\"vc_col-sm-12 wpb_column vc_column_container\"><div class=\"vc_column-inner\"><div class=\"wpb_wrapper\"><h1 class=\"w-post-elm post_title us_custom_62fa932f align_center entry-title color_link_inherit\">V\u0161eobecn\u00e9 obchodn\u00e9 podmienky<\/h1><\/div><\/div><\/div><\/div><\/div><\/section>\n<section class=\"l-section wpb_row height_medium\"><div class=\"l-section-h i-cf\"><div class=\"g-cols vc_row via_flex valign_top type_default\"><div class=\"vc_col-sm-12 wpb_column vc_column_container\"><div class=\"vc_column-inner\"><div class=\"wpb_wrapper\"><div class=\"wpb_text_column\"><div class=\"wpb_wrapper\"><p><strong>Poskytovate\u013e:<\/strong><\/p>\n<p><strong>Obchodn\u00e9 meno:<\/strong>\u00a0Lugera &amp; Makl\u00e9r spol. s r.o.<br \/>\n<strong>S\u00eddlo:<\/strong>\u00a0Jilemnick\u00e9ho 3, 911 01 Tren\u010d\u00edn, Slovensk\u00e1 republika<br \/>\n<strong>I\u010cO:<\/strong>\u00a034 140 620<br \/>\n<strong>I\u010c DPH:<\/strong>\u00a0SK2020387402<br \/>\n<strong>\u010c\u00edslo bankov\u00e9ho \u00fa\u010dtu:<\/strong>\u00a0SK7609000000005114009161<br \/>\n<strong>Zast\u00fapen\u00fd: <\/strong>Ing., MVDr. Dana Ber\u010deniov\u00e1\u00a0\u2013 \u0161tatut\u00e1rny z\u00e1stupca<br \/>\nPr\u00e1vnick\u00e1 osoba registrovan\u00e1 v OR Okr. s\u00fadu Tren\u010d\u00edn \u2013 vlo\u017eka \u010d.: Sro 1107\/R<\/p>\n<p><strong>I. Predmet dohody<\/strong><\/p>\n<ol>\n<li>Poskytovate\u013e sa zav\u00e4zuje poskytova\u0165 objedn\u00e1vate\u013eovi slu\u017eby person\u00e1lneho poradenstva v rozsahu: sprostredkovanie zamestnania vybran\u00e9ho kandid\u00e1ta.<\/li>\n<li>Objedn\u00e1vate\u013e sa zav\u00e4zuje zaplati\u0165 za splnen\u00e9 slu\u017eby dohodnut\u00fa odmenu.<\/li>\n<\/ol>\n<p><strong>II. \u0160pecifik\u00e1cia predmetu plnenia<\/strong><\/p>\n<ol>\n<li>Kandid\u00e1t sa pova\u017euje za predstaven\u00e9ho pri zaslan\u00ed jeho \u017eivotopisu poskytovate\u013eom a to aj v pr\u00edpade, \u017ee sa nach\u00e1dzal v datab\u00e1ze objedn\u00e1vate\u013ea, ktor\u00fd d\u00f4veryhodne nepreuk\u00e1\u017ee \/e-mail, po\u0161tovou z\u00e1sielkou alebo in\u00fdm preuk\u00e1zate\u013en\u00fdm sp\u00f4sobom\/, \u017ee kandid\u00e1t sa priamo uch\u00e1dzal u objedn\u00e1vate\u013ea o predmetn\u00fa poz\u00edciu v \u010dase predstavenia poskytovate\u013eom.<\/li>\n<li>Slu\u017eba sa pova\u017euje za doru\u010den\u00fa a\u00a0sprostredkovanie zamestnania vybran\u00e9ho kandid\u00e1ta za uskuto\u010dnen\u00e9 v\u00a0de\u0148 podpisu pracovnej zmluvy kandid\u00e1ta a\u00a0objedn\u00e1vate\u013ea.<\/li>\n<\/ol>\n<p><strong>III. Z\u00e1ruky a ochrany<\/strong><\/p>\n<ol>\n<li>Ak objedn\u00e1vate\u013e ukon\u010d\u00ed s predstaven\u00fdm kandid\u00e1tom, alebo predstaven\u00fd kandid\u00e1t s objedn\u00e1vate\u013eom zmluvn\u00fd vz\u0165ah do 2 mesiacov od za\u010diatku zmluvn\u00e9ho vz\u0165ahu, zav\u00e4zuje sa objedn\u00e1vate\u013e p\u00edsomne toto ozn\u00e1mi\u0165 do 10 pracovn\u00fdch dn\u00ed poskytovate\u013eovi. Poskytovate\u013e je potom povinn\u00fd zabezpe\u010di\u0165 refund\u00e1ciu odmeny a to v pomere :<\/li>\n<\/ol>\n<ul>\n<li>50 % odmeny pri ukon\u010den\u00ed spolupr\u00e1ce v 1. mesiaci zmluvn\u00e9ho vz\u0165ahu medzi kandid\u00e1tom a\u00a0objedn\u00e1vate\u013eom<\/li>\n<li>25 % odmeny pri ukon\u010den\u00ed spolupr\u00e1ce v 2. mesiaci zmluvn\u00e9ho vz\u0165ahu medzi kandid\u00e1tom a objedn\u00e1vate\u013eom<\/li>\n<\/ul>\n<ol start=\"2\">\n<li>Objedn\u00e1vate\u013e sa zav\u00e4zuje pou\u017e\u00edva\u0165 osobn\u00e9 \u00fadaje uch\u00e1dza\u010dov len pre \u00fa\u010del plnenia predmetu tejto dohody a v s\u00fa\u010dinnosti s poskytovate\u013eom a nepou\u017e\u00edva\u0165 ich pre \u010fal\u0161ie spracovanie. \u010ealej sa objedn\u00e1vate\u013e zav\u00e4zuje neposkytova\u0165 osobn\u00e9 \u00fadaje uch\u00e1dza\u010dov tret\u00edm stran\u00e1m bez v\u00fdslovn\u00e9ho p\u00edsomn\u00e9ho s\u00fahlasu poskytovate\u013ea, nenadv\u00e4zova\u0165 bez v\u00fdslovn\u00e9ho s\u00fahlasu poskytovate\u013ea priamy kontakt s uch\u00e1dza\u010dom o zamestnanie a tie\u017e s jeho predch\u00e1dzaj\u00facim alebo teraj\u0161\u00edm zamestn\u00e1vate\u013eom.<\/li>\n<\/ol>\n<p><strong>IV. Cena a sp\u00f4sob platby<\/strong><\/p>\n<ol>\n<li>Poskytovate\u013e bude fakturova\u0165 odmenu vo v\u00fd\u0161ke 1 n\u00e1sobku mesa\u010dnej mzdy kandid\u00e1ta, najmenej v\u0161ak 1 000.- EUR bez DPH.<\/li>\n<li>Poskytovate\u013e bude fakturova\u0165 objedn\u00e1vate\u013eovi odmenu ku d\u0148u podpisu pracovnej zmluvy kandid\u00e1ta a\u00a0objedn\u00e1vate\u013ea, alebo na z\u00e1kladne inej dohody medzi kandid\u00e1tom a objedn\u00e1vate\u013eom, kedyko\u013evek do 12 mesiacov od predstavenia kandid\u00e1ta poskytovate\u013eom.<\/li>\n<li>Splatnos\u0165 fakt\u00fary (da\u0148ov\u00e9ho dokladu) je 14 dn\u00ed od doru\u010denia.<\/li>\n<li>V pr\u00edpade, \u017ee objedn\u00e1vate\u013e nedodr\u017e\u00ed splatnos\u0165 fakt\u00far (da\u0148ov\u00fdch dokladov) a s platbou fakt\u00far (da\u0148ov\u00fdch dokladov) bude me\u0161ka\u0165 viac ako 10 dn\u00ed, zanik\u00e1 poskytovate\u013eovi povinnos\u0165 plni\u0165 ustanovenia pod\u013ea bodu 1. \u010dl\u00e1nku III. tejto dohody. T\u00e1to povinnos\u0165 zanik\u00e1 poskytovate\u013eovi k prv\u00e9mu d\u0148u ome\u0161kania splatnosti o viac ako desa\u0165 dn\u00ed.<\/li>\n<\/ol>\n<\/div><\/div><\/div><\/div><\/div><\/div><\/div><\/section>\n","protected":false},"excerpt":{"rendered":"V\u0161eobecn\u00e9 obchodn\u00e9 podmienkyPoskytovate\u013e: Obchodn\u00e9 meno:\u00a0Lugera &amp; Makl\u00e9r spol. s r.o. S\u00eddlo:\u00a0Jilemnick\u00e9ho 3, 911 01 Tren\u010d\u00edn, Slovensk\u00e1 republika I\u010cO:\u00a034 140 620 I\u010c DPH:\u00a0SK2020387402 \u010c\u00edslo bankov\u00e9ho \u00fa\u010dtu:\u00a0SK7609000000005114009161 Zast\u00fapen\u00fd: Ing., MVDr. Dana Ber\u010deniov\u00e1\u00a0\u2013 \u0161tatut\u00e1rny z\u00e1stupca Pr\u00e1vnick\u00e1 osoba registrovan\u00e1 v OR Okr. s\u00fadu Tren\u010d\u00edn \u2013 vlo\u017eka \u010d.: Sro 1107\/R I. Predmet dohody Poskytovate\u013e sa zav\u00e4zuje poskytova\u0165 objedn\u00e1vate\u013eovi slu\u017eby person\u00e1lneho...","protected":false},"author":4,"featured_media":0,"parent":0,"menu_order":0,"comment_status":"closed","ping_status":"closed","template":"","meta":[],"_links":{"self":[{"href":"https:\/\/lugera.sk\/talentscan\/wp-json\/wp\/v2\/pages\/4185"}],"collection":[{"href":"https:\/\/lugera.sk\/talentscan\/wp-json\/wp\/v2\/pages"}],"about":[{"href":"https:\/\/lugera.sk\/talentscan\/wp-json\/wp\/v2\/types\/page"}],"author":[{"embeddable":true,"href":"https:\/\/lugera.sk\/talentscan\/wp-json\/wp\/v2\/users\/4"}],"replies":[{"embeddable":true,"href":"https:\/\/lugera.sk\/talentscan\/wp-json\/wp\/v2\/comments?post=4185"}],"version-history":[{"count":0,"href":"https:\/\/lugera.sk\/talentscan\/wp-json\/wp\/v2\/pages\/4185\/revisions"}],"wp:attachment":[{"href":"https:\/\/lugera.sk\/talentscan\/wp-json\/wp\/v2\/media?parent=4185"}],"curies":[{"name":"wp","href":"https:\/\/api.w.org\/{rel}","templated":true}]}}