{"id":8617,"date":"2018-02-01T14:54:41","date_gmt":"2018-02-01T13:54:41","guid":{"rendered":"https:\/\/lugera.sk\/solutions\/?page_id=8617"},"modified":"2026-03-10T14:15:02","modified_gmt":"2026-03-10T13:15:02","slug":"zasady-pouzivania-web-stranky","status":"publish","type":"page","link":"https:\/\/lugera.sk\/solutions\/zasady-pouzivania-web-stranky\/","title":{"rendered":"Z\u00e1sady pou\u017e\u00edvania web str\u00e1nky"},"content":{"rendered":"<section class=\"l-section wpb_row height_medium\"><div class=\"l-section-h i-cf\"><div class=\"g-cols vc_row via_flex valign_top type_default stacking_default\"><div class=\"vc_col-sm-12 wpb_column vc_column_container\"><div class=\"vc_column-inner\"><div class=\"wpb_wrapper\"><div class=\"wpb_text_column\"><div class=\"wpb_wrapper\"><p>Vitajte na na\u0161ej webovej str\u00e1nke. Ak budete pokra\u010dova\u0165 v prezeran\u00ed a pou\u017e\u00edvan\u00ed tejto webovej str\u00e1nky, s\u00fahlas\u00edte a zav\u00e4zujete sa dodr\u017eiava\u0165 nasledovn\u00e9 Z\u00e1sady pou\u017e\u00edvania, ktor\u00e9 spolu s na\u0161imi z\u00e1sadami ochrany s\u00fakromia stanovuj\u00fa V\u00e1\u0161 vz\u0165ah k Lugera.solutions vo vz\u0165ahu k tejto webovej str\u00e1nke. Ak nes\u00fahlas\u00edte s akouko\u013evek \u010das\u0165ou t\u00fdchto z\u00e1sad, nepou\u017e\u00edvajte pros\u00edm na\u0161u webov\u00fa str\u00e1nku.<\/p>\n<p>N\u00e1zvy \u201eLugera.solutions\u201c alebo \u201en\u00e1s\u201c alebo \u201emy\u201c sa vz\u0165ahuj\u00fa k vlastn\u00edkovi tejto str\u00e1nky, ktor\u00e9ho n\u00e1zov je Lugera &amp; Makl\u00e9r spol. s r.o. so s\u00eddlom Jilemnickeho 3, Tre\u010dn\u00edn 911 01, Slovensk\u00e1 republika. N\u00e1zov \u201evy\u201c sa t\u00fdka pou\u017e\u00edvate\u013ea alebo n\u00e1v\u0161tevn\u00edka na\u0161ej webovej str\u00e1nky. N\u00e1zov \u201estr\u00e1nka\u201c sa t\u00fdka na\u0161ej webovej str\u00e1nky.<\/p>\n<p>Lugera.solutions si vyhradzuje pr\u00e1vo kedyko\u013evek zmaza\u0165 alebo aktualizova\u0165 obsah webovej str\u00e1nky www.Lugera.solutions a Z\u00e1sad pou\u017e\u00edvania a\/alebo pravidl\u00e1 alebo oznamy uveden\u00e9 na str\u00e1nke bez predch\u00e1dzaj\u00faceho upozornenia.<\/p>\n<p>Zaka\u017ed\u00fdm ke\u010f budete pou\u017e\u00edva\u0165 t\u00fato str\u00e1nku, budete sa riadi\u0165 pod\u013ea tejto dohody v jej aktu\u00e1lnom znen\u00ed. Preto, ke\u010f budete vyu\u017e\u00edva\u0165 t\u00fato str\u00e1nku, mali by ste si skontrolova\u0165 d\u00e1tum t\u00fdchto z\u00e1sad, ktor\u00fd sa zobraz\u00ed v hornej \u010dasti tejto dohody a skontrolova\u0165 si ak\u00e9ko\u013evek zmeny od uvedenia poslednej verzie.<\/p>\n<p><strong>Schopnos\u0165 akceptova\u0165 Z\u00e1sady pou\u017e\u00edvania<\/strong><\/p>\n<p>Zaka\u017ed\u00fdm, ke\u010f budete vyu\u017e\u00edva\u0165 webov\u00e9 str\u00e1nky, potvrdzujete svoj s\u00fahlas, a s\u00fahlas v\u0161etk\u00fdch os\u00f4b, ktor\u00e9 zastupujete, a to bez obmedzen\u00ed alebo kvalifik\u00e1cie, \u017ee budete viazan\u00fd t\u00fdmito Z\u00e1sadami pou\u017e\u00edvania, a vyhlasujete a ru\u010d\u00edte, \u017ee m\u00e1te pr\u00e1vnu moc s\u00fahlasi\u0165 a prija\u0165 tieto Z\u00e1sady pou\u017e\u00edvania vo svojom mene a v mene os\u00f4b ktor\u00e9 reprezentujete. Ak nes\u00fahlas\u00edte s ka\u017ed\u00fdm ustanoven\u00edm t\u00fdchto z\u00e1sad pou\u017e\u00edvania, alebo nie ste opr\u00e1vnen\u00fd s\u00fahlasi\u0165 s a akceptova\u0165 tieto Z\u00e1sady pou\u017e\u00edvania, nesmiete pou\u017e\u00edva\u0165 tieto str\u00e1nky. Taktie\u017e potvrdzujete, \u017ee ste plnolet\u00fd, schopn\u00fd tvori\u0165 z\u00e1v\u00e4zn\u00e9 pr\u00e1vne dohody pod\u013ea platn\u00e9ho pr\u00e1va, a ste plne schopn\u00fd a kompetentn\u00fd zaviaza\u0165 sa k dan\u00fdm n\u00e1le\u017eitostiam, podmienkam, z\u00e1v\u00e4zkom, po\u017eiadavk\u00e1m, a z\u00e1ruk\u00e1m stanoven\u00fdm v t\u00fdchto Z\u00e1sad\u00e1ch pou\u017e\u00edvania, a \u017ee ste opr\u00e1vnen\u00fd, re\u0161pektujete a sp\u013a\u0148ate tieto Z\u00e1sady pou\u017e\u00edvania.<\/p>\n<p><strong>Presnos\u0165, \u00faplnos\u0165 a aktu\u00e1lnos\u0165 inform\u00e1ci\u00ed<\/strong><\/p>\n<p>Ani my ani \u017eiadne tretie osoby neposkytuj\u00fa z\u00e1ruku alebo garanciu, \u010do sa t\u00fdka presnosti, aktu\u00e1lnosti, v\u00fdkonnosti, \u00faplnosti alebo primeranosti inform\u00e1ci\u00ed alebo materi\u00e1lov n\u00e1jden\u00fdch alebo poskytnut\u00fdch na tejto str\u00e1nke na ak\u00fdko\u013evek konkr\u00e9tny \u00fa\u010del. Berte na vedomie, \u017ee tak\u00e9to inform\u00e1cie a materi\u00e1ly m\u00f4\u017eu obsahova\u0165 nepresnosti a chyby a my sa v\u00fdlu\u010dne zbavujeme zodpovednosti za ak\u00e9ko\u013evek tak\u00e9to nepresnosti alebo chyby v maxim\u00e1lnom mo\u017enom pr\u00e1vne povolenom rozsahu. Va\u0161e pou\u017e\u00edvanie ak\u00fdchko\u013evek inform\u00e1ci\u00ed alebo materi\u00e1lov na tejto str\u00e1nke je \u00faplne na Va\u0161e vlastn\u00e9 riziko, za ktor\u00e9 nenesieme zodpovednos\u0165. Je vo Va\u0161ej vlastnej zodpovednosti uisti\u0165 sa, \u017ee v\u0161etky produkty, slu\u017eby alebo inform\u00e1cie, ktor\u00e9 s\u00fa k dispoz\u00edcii na tejto webovej str\u00e1nke sp\u013a\u0148aj\u00fa Va\u0161e \u0161pecifick\u00e9 po\u017eiadavky.<\/p>\n<p><strong>Du\u0161evn\u00e9 vlastn\u00edctvo<\/strong><\/p>\n<p>T\u00e1to webov\u00e1 str\u00e1nka obsahuje materi\u00e1l, ktor\u00fd je nami vlastnen\u00fd alebo licencovan\u00fd. Tento materi\u00e1l zah\u0155\u0148a, ale nie je limitovan\u00fd na dizajn, rozlo\u017eenie, vzh\u013ead, v\u00fdzor a grafiku. Reprodukcia inak ako v s\u00falade s autorsk\u00fdm z\u00e1konom je zak\u00e1zan\u00e1, \u010do je s\u00fa\u010das\u0165ou t\u00fdchto z\u00e1sad. V\u0161etky ofici\u00e1lne zna\u010dky, ktor\u00e9 sa objavuj\u00fa na tejto str\u00e1nke a ktor\u00e9 nie s\u00fa vo vlastn\u00edctve alebo licencii oper\u00e1tora\/prev\u00e1dzkovate\u013ea, s\u00fa na str\u00e1nke riadne zdokumentovan\u00e9. Ak sa v tomto dokumente neuv\u00e1dza inak, \u017eiadny prvok str\u00e1nky sa nepova\u017euje za tak\u00fd, ktor\u00fd by nepriamo, protin\u00e1rokom, alebo inak ude\u013eoval licenciu alebo pr\u00e1vo pou\u017e\u00edva\u0165 ak\u00fako\u013evek zna\u010dku, logo, alebo registra\u010dn\u00fa obchodn\u00fa zn\u00e1mku uveden\u00fa na str\u00e1nke bez predo\u0161l\u00e9ho p\u00edsomn\u00e9ho s\u00fahlasu vlastn\u00edka. Neopr\u00e1vnen\u00e9 pou\u017eitie tejto webovej str\u00e1nky m\u00f4\u017ee vies\u0165 k n\u00e1roku na n\u00e1hradu \u0161kody a\/alebo m\u00f4\u017ee by\u0165 trestn\u00fdm \u010dinom. Lugera.solutions si vyhradzuje v\u0161etky pr\u00e1va, ktor\u00e9 nie s\u00fa v\u00fdlu\u010dne stanoven\u00e9 k tejto str\u00e1nke a jej obsahu.<\/p>\n<p><strong>Odkazy<\/strong><\/p>\n<p>T\u00e1to str\u00e1nka m\u00f4\u017ee obsahova\u0165 odkazy na in\u00e9 webov\u00e9 str\u00e1nky, ktor\u00e9 s\u00fa poskytnut\u00e9 iba pre va\u0161e pohodlie a ako dodato\u010dn\u00e1 pr\u00edstupov\u00e1 cesta k inform\u00e1ci\u00e1m v nich obsiahnut\u00fdch. Lugera.solutions nemus\u00ed nutne sk\u00fama\u0165 v\u0161etky inform\u00e1cie na t\u00fdchto ostatn\u00fdch str\u00e1nkach ako je uveden\u00e9 na tejto str\u00e1nke a nie je zodpovedn\u00e1 za obsah t\u00fdchto webov\u00fdch str\u00e1nok, inform\u00e1ci\u00ed, materi\u00e1lu, produktov alebo slu\u017eieb, ktor\u00e9 m\u00f4\u017eu by\u0165 poskytovan\u00e9 prostredn\u00edctvom t\u00fdchto ostatn\u00fdch webov\u00fdch str\u00e1nok. Zaradenie odkazov na ostatn\u00e9 webov\u00e9 str\u00e1nky by nemalo by\u0165 vn\u00edman\u00e9 ako podpora obsahu t\u00fdchto odkazovan\u00fdch str\u00e1nok a na pou\u017eitie ak\u00fdchko\u013evek odkazovan\u00fdch str\u00e1nok sa vz\u0165ahuj\u00fa rozdielne podmienky. Lugera.solutions nie je zodpovedn\u00e1 za \u017eiadne straty, \u0161kody alebo ostatn\u00e9 z\u00e1v\u00e4zky vzniknut\u00e9 ako v\u00fdsledok pou\u017e\u00edvania ak\u00fdchko\u013evek webov\u00fdch str\u00e1nok zmienen\u00fdch na tejto str\u00e1nke.<\/p>\n<p><strong>Vz\u0165ah k spolo\u010dnostiam, ktor\u00e9 inzeruj\u00fa na Lugera.solutions<\/strong><\/p>\n<p>Lugera.solutions m\u00f4\u017ee na svojich str\u00e1nkach prev\u00e1dzkova\u0165 reklamn\u00e9 kampane a propag\u00e1cie. Kore\u0161pondencia alebo obchod alebo \u00fa\u010das\u0165 na propag\u00e1cii alebo reklamn\u00fdch kampaniach n\u00e1jden\u00fdch na na\u0161ich str\u00e1nkach, zah\u0155\u0148aj\u00fac platbu alebo dodanie tovarov alebo slu\u017eieb, a ak\u00e9ko\u013evek in\u00e9 podmienky, okolnosti, garancie alebo reprezent\u00e1cia spojen\u00e1 s tak\u00fdmto vz\u0165ahom je \u010disto Va\u0161ou zodpovednos\u0165ou a zodpovednos\u0165ou dan\u00fdch spolo\u010dnost\u00ed. S\u00fahlas\u00edte, \u017ee Lugera.solutions nie je zodpovedn\u00e1 alebo ru\u010diaca za ak\u00fako\u013evek stratu alebo \u0161kodu ak\u00e9hoko\u013evek typu vzniknut\u00e9ho v d\u00f4sledku tak\u00fdchto jednan\u00ed, alebo ako v\u00fdsledok pr\u00edtomnosti tak\u00fdchto inzerentov danej slu\u017eby.<\/p>\n<p><strong>Vyl\u00fa\u010denie zodpovednosti<\/strong><\/p>\n<p>Pou\u017eitie tejto str\u00e1nky je na vlastn\u00e9 riziko pou\u017e\u00edvate\u013ea. Str\u00e1nka je poskytovan\u00e1 pre \u00fa\u010dely, na ktor\u00e9 bola p\u00f4vodne vytvoren\u00e1. Vyhradzujeme si pr\u00e1vo kedyko\u013evek obmedzi\u0165 alebo zru\u0161i\u0165 pr\u00edstup k str\u00e1nke alebo akejko\u013evek jej s\u00fa\u010dasti. Lugera.solutions v\u00fdslovne odmieta z\u00e1ruky ak\u00e9hoko\u013evek druhu, ale nie limitovan\u00e9 na: predpokladan\u00e9 z\u00e1ruky predajnosti a vhodnosti na konkr\u00e9tny \u00fa\u010del a ak\u00e9ko\u013evek z\u00e1ruky, \u017ee materi\u00e1ly na t\u00fdchto str\u00e1nkach s\u00fa neporu\u0161en\u00e9, taktie\u017e ako aj z\u00e1ruky vypl\u00fdvaj\u00face z priebehu v\u00fdkonu a priebehu jednania\u037e \u017ee pr\u00edstup na str\u00e1nku bude nepreru\u0161en\u00fd alebo bez ch\u00fdb\u037e \u017ee str\u00e1nka bude bezpe\u010dn\u00e1\u037e \u017ee str\u00e1nka alebo server, ktor\u00fd rob\u00ed str\u00e1nku dostupnou bude bez v\u00edrusov\u037e alebo, \u017ee inform\u00e1cia na str\u00e1nke bude \u00fapln\u00e1, presn\u00e1, v\u010dasn\u00e1, alebo autentick\u00e1. V pr\u00edpade \u017ee u\u017e\u00edvate\u013e stiahne alebo nahr\u00e1 ak\u00fdko\u013evek obsah na str\u00e1nku, rob\u00ed tak pod\u013ea vlastn\u00e9ho uv\u00e1\u017eenia na jeho vlastn\u00e9 riziko. Ka\u017ed\u00fd u\u017e\u00edvate\u013e je v\u00fdhradne zodpovedn\u00fd za ak\u00e9ko\u013evek po\u0161kodenie jeho\/jej po\u010d\u00edta\u010dov\u00e9ho syst\u00e9mu alebo straty d\u00e1t, ktor\u00e9 vyplyn\u00fa zo stiahnutia alebo nahratia tak\u00fdchto materi\u00e1lov. \u017diadne rady alebo inform\u00e1cie, \u010di \u00fastne alebo p\u00edsomn\u00e9, z\u00edskan\u00e9 z Lugera.solutions alebo z danej str\u00e1nky neposkytuj\u00fa z\u00e1ruky ak\u00e9hoko\u013evek druhu. Lugera.solutions neposkytuje \u017eiadne z\u00e1ruky alebo istoty t\u00fdkaj\u00face sa pou\u017eitia obsahu na danej str\u00e1nke pokia\u013e ide o ich \u00faplnos\u0165, spr\u00e1vnos\u0165, presnos\u0165, adekv\u00e1tnos\u0165, prospe\u0161nos\u0165, aktu\u00e1lnos\u0165, spo\u013eahlivos\u0165, origin\u00e1lnos\u0165 a in\u00e9.<\/p>\n<p><strong>Z\u00e1v\u00e4zky Lugera.solutions<\/strong><\/p>\n<p>Vzh\u013eadom k tomu, \u017ee overovanie u\u017e\u00edvate\u013eov na internete je \u0165a\u017ek\u00e9, Lugera.solutions nem\u00f4\u017ee a nepotvrdzuje, \u017ee ka\u017ed\u00fd u\u017e\u00edvate\u013e je naozaj t\u00fdm, k\u00fdm tvrd\u00ed, \u017ee je. Preto\u017ee nie sme a nem\u00f4\u017eeme by\u0165 za\u010dlenen\u00ed medzi transakcie u\u017e\u00edvate\u013ea vo\u010di u\u017e\u00edvate\u013eovi alebo kontrolova\u0165 spr\u00e1vanie \u00fa\u010dastn\u00edkov na ktorejko\u013evek str\u00e1nke Lugera.solutions, v pr\u00edpade \u017ee m\u00e1te spor s jedn\u00fdm alebo viacer\u00fdmi u\u017e\u00edvate\u013emi, zbavujete sa vo\u010di Lugera.solutions (a na\u0161im sprostredkovate\u013eom a zamestnancom) ak\u00fdchko\u013evek n\u00e1rokov, po\u017eiadaviek a \u0161k\u00f4d (aktu\u00e1lnych a n\u00e1sledn\u00fdch, priamych a nepriamych) ka\u017ed\u00e9ho druhu a povahy, zn\u00e1mych a nezn\u00e1mych, podozriv\u00fdch a netu\u0161en\u00fdch, odhalen\u00fdch a skryt\u00fdch, vypl\u00fdvaj\u00facich alebo ak\u00fdmko\u013evek sp\u00f4sobom spojen\u00fdch s tak\u00fdmito spormi.<\/p>\n<p>Lugera.solutions nem\u00e1 povinnos\u0165 kontrolova\u0165 obsah odoslan\u00fd svojimi u\u017e\u00edvate\u013emi a negarantuje presnos\u0165, bez\u00fahonnos\u0165 alebo kvalitu tak\u00e9hoto obsahu. Rozumiete, \u017ee pou\u017e\u00edvan\u00edm t\u00fdchto slu\u017eieb, m\u00f4\u017eete by\u0165 vystaven\u00fd obsahu, ktor\u00fd je ofenz\u00edvny, nemravn\u00fd alebo nevy\u017eiadan\u00fd. Tento materi\u00e1l m\u00f4\u017ee obsahova\u0165 nepresnosti alebo chyby. Lugera.solutions nepreber\u00e1 zodpovednos\u0165 za spr\u00e1vnos\u0165 materi\u00e1lu na tejto str\u00e1nke. Beriete na vedomie a s\u00fahlas\u00edte, \u017ee ste s\u00e1m zodpovedn\u00fd za formu, obsah alebo presnos\u0165 materi\u00e1lu, ktor\u00fd umiestnite na dan\u00fa webov\u00fa str\u00e1nku.<\/p>\n<p><strong>Obmedzenie zodpovednosti<\/strong><\/p>\n<p>V\u00fdslovne rozumiete a s\u00fahlas\u00edte, \u017ee Lugera.solutions nie je zodpovedn\u00e1 za \u017eiadne priame, nepriame, n\u00e1hodn\u00e9, zvl\u00e1\u0161tne, n\u00e1sledn\u00e9 alebo exempl\u00e1rne \u0161kody, vr\u00e1tane, ale nie limitovan\u00e9 na, \u0161kody na strate na zisku, na dobrom mene, pou\u017eit\u00ed, d\u00e1t alebo in\u00fdch str\u00e1t (dokonca aj ke\u010f bola Lugera.solutions dopredu informovan\u00e1 o mo\u017enosti tak\u00fdchto str\u00e1t) vypl\u00fdvaj\u00facich z:<\/p>\n<ol>\n<li>pou\u017eitia alebo neschopnosti pou\u017eitia slu\u017eieb sk,<\/li>\n<li>neopr\u00e1vnen\u00e9ho pr\u00edstupu alebo zmeny Va\u0161ich prenosov alebo d\u00e1t,<\/li>\n<li>vyhl\u00e1senia, alebo spr\u00e1vania sa akejko\u013evek tretej strany k slu\u017eb\u00e1m sk,<\/li>\n<li>ak\u00fdchko\u013evek in\u00fdch z\u00e1le\u017eitosti t\u00fdkaj\u00facich sa slu\u017eby<\/li>\n<\/ol>\n<p>Taktie\u017e rozumiete a s\u00fahlas\u00edte s t\u00fdm, \u017ee:<\/p>\n<ol>\n<li>ste v\u00fdhradne zodpovedn\u00fd za pou\u017e\u00edvanie t\u00fdchto slu\u017eieb. Slu\u017eby s\u00fa poskytnut\u00e9 \u201etak ako s\u00fa\u201c,<\/li>\n<li>Lugera.solutions neposkytuje \u017eiadnu z\u00e1ruku \u017ee:\n<ol>\n<li>dan\u00e9 slu\u017eby bud\u00fa sp\u013a\u0148a\u0165 Va\u0161e po\u017eiadavky,<\/li>\n<li>dan\u00e9 slu\u017eby bud\u00fa nepreru\u0161en\u00e9, v\u010dasn\u00e9, zabezpe\u010den\u00e9 alebo bez ch\u00fdb,<\/li>\n<li>v\u00fdsledky, ktor\u00e9 m\u00f4\u017eu by\u0165 z\u00edskan\u00e9 z pou\u017eitia t\u00fdchto slu\u017eieb bud\u00fa spr\u00e1vne a spo\u013eahliv\u00e9,<\/li>\n<li>ak\u00e9ko\u013evek chyby v softv\u00e9ri bud\u00fa opraven\u00e9,<\/li>\n<\/ol>\n<\/li>\n<\/ol>\n<ol start=\"3\">\n<li>ak\u00fdko\u013evek materi\u00e1l stiahnut\u00fd alebo inak z\u00edskan\u00fd pou\u017eit\u00edm slu\u017eby, sa vykon\u00e1va na vlastn\u00e9 uv\u00e1\u017eenie a riziko, a budete v\u00fdhradne zodpovedn\u00fd za ak\u00fako\u013evek \u0161kodu na Va\u0161om po\u010d\u00edta\u010dovom syst\u00e9me alebo za stratu d\u00e1t ktor\u00e9 vyplyn\u00fa z takto stiahnut\u00e9ho materi\u00e1lu.<\/li>\n<\/ol>\n<p><strong>Od\u0161kodnenie<\/strong><\/p>\n<p>U\u017e\u00edvatelia webovej str\u00e1nky s\u00fahlasia so zabezpe\u010den\u00edm a ochranou Lugera.solutions a ich \u00faradn\u00edkov, riadite\u013eov, zamestnancov, zmluvn\u00fdch dod\u00e1vate\u013eov, sprostredkovate\u013eov, poskytovate\u013eov licencie, poskytovate\u013eov slu\u017eieb, subdod\u00e1vate\u013eov a dod\u00e1vate\u013eov vo\u010di a proti v\u0161etk\u00fdm strat\u00e1m, z\u00e1v\u00e4zkom, n\u00e1kladom, \u0161kod\u00e1m a v\u00fddavkom, zah\u0155\u0148aj\u00fac primeran\u00e9 n\u00e1klady na pr\u00e1vne zast\u00fapenie a s\u00fadne poplatky vypl\u00fdvaj\u00face z, alebo v d\u00f4sledku pou\u017eitia tejto str\u00e1nky a ak\u00e9hoko\u013evek poru\u0161enia t\u00fdchto Z\u00e1sad pou\u017e\u00edvania. V pr\u00edpade, \u017ee sa vyskytne technick\u00e9 preru\u0161enie tejto str\u00e1nky alebo podporn\u00fdch syst\u00e9mov tejto str\u00e1nky kv\u00f4li Va\u0161ej \u010dinnosti alebo ne\u010dinnosti, s\u00fahlas\u00edte, \u017ee budete zodpovedn\u00fd za v\u0161etky straty, z\u00e1v\u00e4zky, n\u00e1klady, \u0161kody a v\u00fddavky zah\u0155\u0148aj\u00fac primeran\u00e9 n\u00e1klady na pr\u00e1vne zast\u00fapenie a s\u00fadne poplatky vypl\u00fdvaj\u00face z, alebo v d\u00f4sledku tak\u00e9ho preru\u0161enia.<\/p>\n<p>Lugera.solutions si vyhradzuje pr\u00e1vo na svoje vlastn\u00e9 n\u00e1klady prevzia\u0165 v\u00fdhradn\u00fa ochranu a kontrolu ak\u00fdchko\u013evek z\u00e1le\u017eitost\u00ed, ktor\u00e9 by boli inak predmetom od\u0161kodnenia, a v takomto pr\u00edpade pou\u017e\u00edvatelia tejto str\u00e1nky s\u00fahlasia spolupracova\u0165 s Lugera.solutions v ochrane takejto z\u00e1le\u017eitosti.<\/p>\n<p><strong>Jurisdikcia<\/strong><\/p>\n<p>Va\u0161e pou\u017eitie tejto str\u00e1nky a v\u0161etky spory vypl\u00fdvaj\u00face z tak\u00e9hoto pou\u017eitia webov\u00fdch str\u00e1nok bud\u00fa predmetom z\u00e1konov a predpisov platn\u00fdch na \u00fazem\u00ed Slovenskej republiky.<\/p>\n<p><strong>Cel\u00e1 dohoda<\/strong><\/p>\n<p>Tieto Z\u00e1sady pou\u017e\u00edvania spolu so v\u0161etk\u00fdmi prilo\u017een\u00fdmi postupmi a prev\u00e1dzkov\u00fdmi pravidlami tvoria \u00fapln\u00e9 porozumenie pojmov Lugera.solutions a Pou\u017e\u00edvatelia, a nahr\u00e1dza v\u0161etky predo\u0161l\u00e9 alebo do\u010dasn\u00e9 komunik\u00e1cie a n\u00e1vrhy, \u010di u\u017e \u00fastne alebo p\u00edsomn\u00e9, medzi stranami oh\u013eadom k str\u00e1nke.<\/p>\n<p><strong>Oddelite\u013enos\u0165<\/strong><\/p>\n<p>Ak je ak\u00e9ko\u013evek ustanovenie t\u00fdchto Z\u00e1sad pou\u017e\u00edvania nez\u00e1konn\u00e9, neplatn\u00e9 alebo nevyn\u00fatite\u013en\u00e9, ostatn\u00e9 ustanovenia ost\u00e1vaj\u00fa v plnej platnosti.<\/p>\n<p><strong>Neprevodite\u013enos\u0165<\/strong><\/p>\n<p>Ak je niektor\u00e1 z podmienok uveden\u00fdch v tejto kapitole \u201eZ\u00e1sady pou\u017e\u00edvania\u201c pova\u017eovan\u00e1 za neplatn\u00fa pod\u013ea pr\u00e1vneho f\u00f3ra, neplatnos\u0165 takejto podmienky neovplyvn\u00ed platnos\u0165 ostatn\u00fdch podmienok v \u201eZ\u00e1sady pou\u017e\u00edvania\u201c. \u201eZ\u00e1sady pou\u017e\u00edvania\u201c predstavuj\u00fa dohodu medzi Vami a Lugera.solutions \u010do sa t\u00fdka pou\u017e\u00edvania Lugera.solutions.<\/p>\n<p><strong>Ako n\u00e1s kontaktova\u0165<\/strong><\/p>\n<p>Ot\u00e1zky alebo koment\u00e1re oh\u013eadom t\u00fdchto Z\u00e1sad pou\u017e\u00edvania alebo tejto str\u00e1nky m\u00f4\u017eu by\u0165 smerovan\u00e9 na lugera@lugera.sk.<\/p>\n<\/div><\/div><\/div><\/div><\/div><\/div><\/div><\/section>\n","protected":false},"excerpt":{"rendered":"Vitajte na na\u0161ej webovej str\u00e1nke. Ak budete pokra\u010dova\u0165 v prezeran\u00ed a pou\u017e\u00edvan\u00ed tejto webovej str\u00e1nky, s\u00fahlas\u00edte a zav\u00e4zujete sa dodr\u017eiava\u0165 nasledovn\u00e9 Z\u00e1sady pou\u017e\u00edvania, ktor\u00e9 spolu s na\u0161imi z\u00e1sadami ochrany s\u00fakromia stanovuj\u00fa V\u00e1\u0161 vz\u0165ah k Lugera.solutions vo vz\u0165ahu k tejto webovej str\u00e1nke. Ak nes\u00fahlas\u00edte s akouko\u013evek \u010das\u0165ou t\u00fdchto z\u00e1sad, nepou\u017e\u00edvajte pros\u00edm na\u0161u webov\u00fa str\u00e1nku. N\u00e1zvy \u201eLugera.solutions\u201c...","protected":false},"author":2,"featured_media":0,"parent":0,"menu_order":0,"comment_status":"closed","ping_status":"closed","template":"","meta":{"footnotes":""},"class_list":["post-8617","page","type-page","status-publish","hentry"],"yoast_head":"<!-- This site is optimized with the Yoast SEO plugin v25.4 - https:\/\/yoast.com\/wordpress\/plugins\/seo\/ -->\n<title>Z\u00e1sady pou\u017e\u00edvania web str\u00e1nky | Lugera Solutions<\/title>\n<meta name=\"robots\" content=\"index, follow, max-snippet:-1, max-image-preview:large, max-video-preview:-1\" \/>\n<link rel=\"canonical\" href=\"https:\/\/lugera.sk\/solutions\/zasady-pouzivania-web-stranky\/\" \/>\n<meta property=\"og:locale\" content=\"sk_SK\" \/>\n<meta property=\"og:type\" content=\"article\" \/>\n<meta property=\"og:title\" content=\"Z\u00e1sady pou\u017e\u00edvania web str\u00e1nky | Lugera Solutions\" \/>\n<meta property=\"og:url\" content=\"https:\/\/lugera.sk\/solutions\/zasady-pouzivania-web-stranky\/\" \/>\n<meta property=\"og:site_name\" content=\"Lugera Solutions\" \/>\n<meta property=\"article:publisher\" content=\"https:\/\/www.facebook.com\/Lugera.sk\" \/>\n<meta property=\"article:modified_time\" content=\"2026-03-10T13:15:02+00:00\" \/>\n<meta name=\"twitter:card\" content=\"summary_large_image\" \/>\n<meta name=\"twitter:site\" content=\"@lugeraslovakia\" \/>\n<meta name=\"twitter:label1\" content=\"Predpokladan\u00fd \u010das \u010d\u00edtania\" \/>\n\t<meta name=\"twitter:data1\" content=\"9 min\u00fat\" \/>\n<script type=\"application\/ld+json\" class=\"yoast-schema-graph\">{\"@context\":\"https:\/\/schema.org\",\"@graph\":[{\"@type\":\"WebPage\",\"@id\":\"https:\/\/lugera.sk\/solutions\/zasady-pouzivania-web-stranky\/\",\"url\":\"https:\/\/lugera.sk\/solutions\/zasady-pouzivania-web-stranky\/\",\"name\":\"Z\u00e1sady pou\u017e\u00edvania web str\u00e1nky | Lugera Solutions\",\"isPartOf\":{\"@id\":\"https:\/\/lugera.sk\/solutions\/en\/#website\"},\"datePublished\":\"2018-02-01T13:54:41+00:00\",\"dateModified\":\"2026-03-10T13:15:02+00:00\",\"breadcrumb\":{\"@id\":\"https:\/\/lugera.sk\/solutions\/zasady-pouzivania-web-stranky\/#breadcrumb\"},\"inLanguage\":\"sk-SK\",\"potentialAction\":[{\"@type\":\"ReadAction\",\"target\":[\"https:\/\/lugera.sk\/solutions\/zasady-pouzivania-web-stranky\/\"]}]},{\"@type\":\"BreadcrumbList\",\"@id\":\"https:\/\/lugera.sk\/solutions\/zasady-pouzivania-web-stranky\/#breadcrumb\",\"itemListElement\":[{\"@type\":\"ListItem\",\"position\":1,\"name\":\"Domovsk\u00e1 str\u00e1nka\",\"item\":\"https:\/\/lugera.sk\/solutions\/\"},{\"@type\":\"ListItem\",\"position\":2,\"name\":\"Z\u00e1sady pou\u017e\u00edvania web str\u00e1nky\"}]},{\"@type\":\"WebSite\",\"@id\":\"https:\/\/lugera.sk\/solutions\/en\/#website\",\"url\":\"https:\/\/lugera.sk\/solutions\/en\/\",\"name\":\"Lugera Solutions\",\"description\":\"HR rie\u0161enia od Lugera\",\"publisher\":{\"@id\":\"https:\/\/lugera.sk\/solutions\/en\/#organization\"},\"potentialAction\":[{\"@type\":\"SearchAction\",\"target\":{\"@type\":\"EntryPoint\",\"urlTemplate\":\"https:\/\/lugera.sk\/solutions\/en\/?s={search_term_string}\"},\"query-input\":{\"@type\":\"PropertyValueSpecification\",\"valueRequired\":true,\"valueName\":\"search_term_string\"}}],\"inLanguage\":\"sk-SK\"},{\"@type\":\"Organization\",\"@id\":\"https:\/\/lugera.sk\/solutions\/en\/#organization\",\"name\":\"Lugera - The People republic\",\"url\":\"https:\/\/lugera.sk\/solutions\/en\/\",\"logo\":{\"@type\":\"ImageObject\",\"inLanguage\":\"sk-SK\",\"@id\":\"https:\/\/lugera.sk\/solutions\/en\/#\/schema\/logo\/image\/\",\"url\":\"https:\/\/lugera.sk\/solutions\/wp-content\/uploads\/2016\/11\/logo.png\",\"contentUrl\":\"https:\/\/lugera.sk\/solutions\/wp-content\/uploads\/2016\/11\/logo.png\",\"width\":551,\"height\":126,\"caption\":\"Lugera - The People republic\"},\"image\":{\"@id\":\"https:\/\/lugera.sk\/solutions\/en\/#\/schema\/logo\/image\/\"},\"sameAs\":[\"https:\/\/www.facebook.com\/Lugera.sk\",\"https:\/\/x.com\/lugeraslovakia\",\"https:\/\/www.linkedin.com\/company\/lugera-the-people-republic-slovakia\",\"https:\/\/www.youtube.com\/channel\/UCbloz3RG0Eg_dET26OqENUQ\"]}]}<\/script>\n<!-- \/ Yoast SEO plugin. -->","yoast_head_json":{"title":"Z\u00e1sady pou\u017e\u00edvania web str\u00e1nky | Lugera Solutions","robots":{"index":"index","follow":"follow","max-snippet":"max-snippet:-1","max-image-preview":"max-image-preview:large","max-video-preview":"max-video-preview:-1"},"canonical":"https:\/\/lugera.sk\/solutions\/zasady-pouzivania-web-stranky\/","og_locale":"sk_SK","og_type":"article","og_title":"Z\u00e1sady pou\u017e\u00edvania web str\u00e1nky | Lugera Solutions","og_url":"https:\/\/lugera.sk\/solutions\/zasady-pouzivania-web-stranky\/","og_site_name":"Lugera Solutions","article_publisher":"https:\/\/www.facebook.com\/Lugera.sk","article_modified_time":"2026-03-10T13:15:02+00:00","twitter_card":"summary_large_image","twitter_site":"@lugeraslovakia","twitter_misc":{"Predpokladan\u00fd \u010das \u010d\u00edtania":"9 min\u00fat"},"schema":{"@context":"https:\/\/schema.org","@graph":[{"@type":"WebPage","@id":"https:\/\/lugera.sk\/solutions\/zasady-pouzivania-web-stranky\/","url":"https:\/\/lugera.sk\/solutions\/zasady-pouzivania-web-stranky\/","name":"Z\u00e1sady pou\u017e\u00edvania web str\u00e1nky | Lugera Solutions","isPartOf":{"@id":"https:\/\/lugera.sk\/solutions\/en\/#website"},"datePublished":"2018-02-01T13:54:41+00:00","dateModified":"2026-03-10T13:15:02+00:00","breadcrumb":{"@id":"https:\/\/lugera.sk\/solutions\/zasady-pouzivania-web-stranky\/#breadcrumb"},"inLanguage":"sk-SK","potentialAction":[{"@type":"ReadAction","target":["https:\/\/lugera.sk\/solutions\/zasady-pouzivania-web-stranky\/"]}]},{"@type":"BreadcrumbList","@id":"https:\/\/lugera.sk\/solutions\/zasady-pouzivania-web-stranky\/#breadcrumb","itemListElement":[{"@type":"ListItem","position":1,"name":"Domovsk\u00e1 str\u00e1nka","item":"https:\/\/lugera.sk\/solutions\/"},{"@type":"ListItem","position":2,"name":"Z\u00e1sady pou\u017e\u00edvania web str\u00e1nky"}]},{"@type":"WebSite","@id":"https:\/\/lugera.sk\/solutions\/en\/#website","url":"https:\/\/lugera.sk\/solutions\/en\/","name":"Lugera Solutions","description":"HR rie\u0161enia od Lugera","publisher":{"@id":"https:\/\/lugera.sk\/solutions\/en\/#organization"},"potentialAction":[{"@type":"SearchAction","target":{"@type":"EntryPoint","urlTemplate":"https:\/\/lugera.sk\/solutions\/en\/?s={search_term_string}"},"query-input":{"@type":"PropertyValueSpecification","valueRequired":true,"valueName":"search_term_string"}}],"inLanguage":"sk-SK"},{"@type":"Organization","@id":"https:\/\/lugera.sk\/solutions\/en\/#organization","name":"Lugera - The People republic","url":"https:\/\/lugera.sk\/solutions\/en\/","logo":{"@type":"ImageObject","inLanguage":"sk-SK","@id":"https:\/\/lugera.sk\/solutions\/en\/#\/schema\/logo\/image\/","url":"https:\/\/lugera.sk\/solutions\/wp-content\/uploads\/2016\/11\/logo.png","contentUrl":"https:\/\/lugera.sk\/solutions\/wp-content\/uploads\/2016\/11\/logo.png","width":551,"height":126,"caption":"Lugera - The People republic"},"image":{"@id":"https:\/\/lugera.sk\/solutions\/en\/#\/schema\/logo\/image\/"},"sameAs":["https:\/\/www.facebook.com\/Lugera.sk","https:\/\/x.com\/lugeraslovakia","https:\/\/www.linkedin.com\/company\/lugera-the-people-republic-slovakia","https:\/\/www.youtube.com\/channel\/UCbloz3RG0Eg_dET26OqENUQ"]}]}},"_links":{"self":[{"href":"https:\/\/lugera.sk\/solutions\/wp-json\/wp\/v2\/pages\/8617","targetHints":{"allow":["GET"]}}],"collection":[{"href":"https:\/\/lugera.sk\/solutions\/wp-json\/wp\/v2\/pages"}],"about":[{"href":"https:\/\/lugera.sk\/solutions\/wp-json\/wp\/v2\/types\/page"}],"author":[{"embeddable":true,"href":"https:\/\/lugera.sk\/solutions\/wp-json\/wp\/v2\/users\/2"}],"replies":[{"embeddable":true,"href":"https:\/\/lugera.sk\/solutions\/wp-json\/wp\/v2\/comments?post=8617"}],"version-history":[{"count":0,"href":"https:\/\/lugera.sk\/solutions\/wp-json\/wp\/v2\/pages\/8617\/revisions"}],"wp:attachment":[{"href":"https:\/\/lugera.sk\/solutions\/wp-json\/wp\/v2\/media?parent=8617"}],"curies":[{"name":"wp","href":"https:\/\/api.w.org\/{rel}","templated":true}]}}