{"id":8583,"date":"2017-12-04T08:45:02","date_gmt":"2017-12-04T07:45:02","guid":{"rendered":"https:\/\/lugera.sk\/solutions\/?page_id=8583"},"modified":"2023-11-06T14:32:25","modified_gmt":"2023-11-06T13:32:25","slug":"mam-otazku","status":"publish","type":"page","link":"https:\/\/lugera.sk\/solutions\/mam-otazku\/","title":{"rendered":"Op\u00fdtajte sa n\u00e1s \u010doko\u013evek"},"content":{"rendered":"<section class=\"l-section wpb_row height_large color_secondary with_img\"><div class=\"l-section-img\" role=\"img\" data-img-width=\"1526\" data-img-height=\"315\" style=\"background-image: url(https:\/\/lugera.sk\/solutions\/wp-content\/uploads\/2017\/12\/header-fuchsia-3.png);\"><\/div><div class=\"l-section-h i-cf\"><div class=\"g-cols vc_row via_flex valign_middle type_default stacking_default\"><div class=\"vc_col-sm-12 wpb_column vc_column_container\"><div class=\"vc_column-inner\"><div class=\"wpb_wrapper\"><h1 class=\"w-post-elm post_title us_custom_62fa932f align_center entry-title color_link_inherit\">Op\u00fdtajte sa n\u00e1s \u010doko\u013evek<\/h1><\/div><\/div><\/div><\/div><\/div><\/section><section class=\"l-section wpb_row height_medium\"><div class=\"l-section-h i-cf\"><div class=\"g-cols vc_row via_flex valign_top type_default stacking_default\"><div class=\"vc_col-sm-12 wpb_column vc_column_container\"><div class=\"vc_column-inner\"><div class=\"wpb_wrapper\"><div data-uniq='69d28f975e78d' class='uniq-69d28f975e78d formcraft-css form-live align-center'><style type='text\/css' scoped='scoped'>html .formcraft-css .fc-form .form-element .field-cover.customText-cover p {\n    color: white;\n}<\/style><script> window.formcraftLogic = window.formcraftLogic || {}; window.formcraftLogic[33] = []; <\/script><div class=\"fc-pagination-cover fc-pagination-1\">\n\t\t\t\t<div class=\"fc-pagination width-100\">\n\t\t\t\t\t<div class=\"pagination-trigger \" data-index=\"0\">\n\t\t\t\t\t\t<span class=\"page-number\"><span >1<\/span><\/span>\n\t\t\t\t\t\t<span class=\"page-name \">Step 1<\/span>\n\t\t\t\t\t\t\n\t\t\t\t\t<\/div>\n\t\t\t\t<\/div>\n\t\t\t<\/div>\n\t\t\t\n\t\t\t<style scoped=\"scoped\" >\n\t\t\t@media (max-width : 480px) {\n\t\t\t\t.fc_modal-dialog-33 .fc-pagination-cover .fc-pagination\n\t\t\t\t{\n\t\t\t\t\tbackground-color: transparent !important;\n\t\t\t\t}\n\t\t\t}\n\t\t\t\t\t\t.formcraft-css .fc-form.fc-form-33 .form-element .submit-cover .submit-button,\n\t\t\t.formcraft-css .fc-form.fc-form-33 .form-element .fileupload-cover .button-file,\n\t\t\t.formcraft-css .fc-form.fc-form-33 .form-element .field-cover .button,\n\t\t\t.formcraft-datepicker .ui-datepicker-header,\n\t\t\t.formcraft-datepicker .ui-datepicker-title\n\t\t\t{\n\t\t\t\tbackground: #e90e8b;\n\t\t\t\tcolor: #fff;\n\t\t\t}\n\t\t\t.formcraft-datepicker td .ui-state-active,\n\t\t\t.formcraft-datepicker td .ui-state-hover,\n\t\t\t.formcraft-css .fc-form.fc-form-33 .form-element .slider-cover .ui-slider-range\n\t\t\t{\n\t\t\t\tbackground: #e90e8b;\n\t\t\t}\n\t\t\t#ui-datepicker-div.formcraft-datepicker .ui-datepicker-header,\n\t\t\t.formcraft-css .fc-form .field-cover>div.full hr\n\t\t\t{\n\t\t\t\tborder-color: #cd0c7a;\n\t\t\t}\n\t\t\t#ui-datepicker-div.formcraft-datepicker .ui-datepicker-prev:hover,\n\t\t\t#ui-datepicker-div.formcraft-datepicker .ui-datepicker-next:hover,\n\t\t\t#ui-datepicker-div.formcraft-datepicker select.ui-datepicker-month:hover,\n\t\t\t#ui-datepicker-div.formcraft-datepicker select.ui-datepicker-year:hover\n\t\t\t{\n\t\t\t\tbackground-color: #cd0c7a;\n\t\t\t}\n\t\t\t.formcraft-css .fc-pagination>div.active .page-number,\n\t\t\t.formcraft-css .form-cover-builder .fc-pagination>div:first-child .page-number\n\t\t\t{\n\t\t\t\tbackground-color: #e90e8b;\n\t\t\t\tcolor: #fff;\n\t\t\t}\n\t\t\t#ui-datepicker-div.formcraft-datepicker table.ui-datepicker-calendar th,\n\t\t\t#ui-datepicker-div.formcraft-datepicker table.ui-datepicker-calendar td.ui-datepicker-today a,\n\t\t\t.formcraft-css .fc-form.fc-form-33 .form-element .star-cover label,\n\t\t\thtml .formcraft-css .fc-form.label-floating .form-element .field-cover.has-focus>span,\n\t\t\t.formcraft-css .fc-form.fc-form-33 .form-element .customText-cover a,\n\t\t\t.formcraft-css .prev-next>div span:hover\n\t\t\t{\n\t\t\t\tcolor: #e90e8b;\n\t\t\t}\n\t\t\t.formcraft-css .fc-form.fc-form-33 .form-element .customText-cover a:hover\n\t\t\t{\n\t\t\t\tcolor: #cd0c7a;\n\t\t\t}\n\t\t\thtml .formcraft-css .fc-form.fc-form-33.label-floating .form-element .field-cover > span\n\t\t\t{\n\t\t\t\tcolor: #2f2145;\n\t\t\t}\n\t\t\thtml .formcraft-css .fc-form .final-success .final-success-check {\n\t\t\t\tborder: 2px solid #2f2145;\n\t\t\t}\n\t\t\t.formcraft-css .fc-form.fc-form-33 .form-element .field-cover input[type=\"text\"],\n\t\t\t.formcraft-css .fc-form.fc-form-33 .form-element .field-cover input[type=\"email\"],\n\t\t\t.formcraft-css .fc-form.fc-form-33 .form-element .field-cover input[type=\"password\"],\n\t\t\t.formcraft-css .fc-form.fc-form-33 .form-element .field-cover input[type=\"tel\"],\n\t\t\t.formcraft-css .fc-form.fc-form-33 .form-element .field-cover textarea,\n\t\t\t.formcraft-css .fc-form.fc-form-33 .form-element .field-cover select,\n\t\t\t.formcraft-css .fc-form.fc-form-33 .form-element .field-cover .time-fields-cover,\n\t\t\t.formcraft-css .fc-form.fc-form-33 .form-element .field-cover .awesomplete ul\n\t\t\t{\n\t\t\t\tcolor: #2f2145;\n\t\t\t}\n\t\t\t.formcraft-css .fc-form.fc-form-33 .form-element .field-cover input[type=\"text\"],\n\t\t\t.formcraft-css .fc-form.fc-form-33 .form-element .field-cover input[type=\"password\"],\n\t\t\t.formcraft-css .fc-form.fc-form-33 .form-element .field-cover input[type=\"email\"],\n\t\t\t.formcraft-css .fc-form.fc-form-33 .form-element .field-cover input[type=\"radio\"],\n\t\t\t.formcraft-css .fc-form.fc-form-33 .form-element .field-cover input[type=\"checkbox\"],\n\t\t\t.formcraft-css .fc-form.fc-form-33 .form-element .field-cover input[type=\"tel\"],\n\t\t\t.formcraft-css .fc-form.fc-form-33 .form-element .field-cover select,\n\t\t\t.formcraft-css .fc-form.fc-form-33 .form-element .field-cover textarea\n\t\t\t{\n\t\t\t\tbackground-color: #fafafa;\n\t\t\t}\n\t\t\t.formcraft-css .fc-form.fc-form-33 .form-element .field-cover input[type=\"radio\"]:checked,\n\t\t\t.formcraft-css .fc-form.fc-form-33 .form-element .field-cover input[type=\"checkbox\"]:checked {\n\t\t\t\tborder-color: #cd0c7a;\n\t\t\t\tbackground: #e90e8b;\t\t\t\t\n\t\t\t}\n\t\t\t.formcraft-css .fc-form.fc-form-33 .form-element .star-cover label .star\n\t\t\t{\n\t\t\t\ttext-shadow: 0px 1px 0px #cd0c7a;\n\t\t\t}\n\t\t\t.formcraft-css .fc-form.fc-form-33 .form-element .slider-cover .ui-slider-range\n\t\t\t{\n\t\t\t\tbox-shadow: 0px 1px 1px #cd0c7a inset;\n\t\t\t}\n\t\t\t.formcraft-css .fc-form.fc-form-33 .form-element .fileupload-cover .button-file\n\t\t\t{\n\t\t\t\tborder-color: #cd0c7a;\n\t\t\t}\n\t\t\t.formcraft-css .fc-form.fc-form-33 .form-element .form-element-html input[type=\"password\"]:focus,\n\t\t\t.formcraft-css .fc-form.fc-form-33 .form-element .form-element-html input[type=\"email\"]:focus,\n\t\t\t.formcraft-css .fc-form.fc-form-33 .form-element .form-element-html input[type=\"tel\"]:focus,\n\t\t\t.formcraft-css .fc-form.fc-form-33 .form-element .form-element-html input[type=\"text\"]:focus,\n\t\t\t.formcraft-css .fc-form.fc-form-33 .form-element .form-element-html textarea:focus,\n\t\t\t.formcraft-css .fc-form.fc-form-33 .form-element .form-element-html select:focus\n\t\t\t{\n\t\t\t\tborder-color: #e90e8b;\n\t\t\t}\n\t\t\t.formcraft-css .fc-form.fc-form-33 .form-element .form-element-html .field-cover .is-read-only:focus {\n\t\t\t\tborder-color: #ccc;\n\t\t\t}\n\t\t\t.formcraft-css .fc-form.fc-form-33\t\t\t{\n\t\t\t\tfont-family: Raleway;\n\t\t\t}\n\t\t\t@media (max-width : 480px) {\n\t\t\t\thtml .dedicated-page,\n\t\t\t\thtml .dedicated-page .formcraft-css .fc-pagination > div.active\n\t\t\t\t{\n\t\t\t\t\tbackground: transparent;\n\t\t\t\t}\n\t\t\t}\n\t\t<\/style>\n\t\t<div class=\"form-cover\">\n\t\t\t<form data-auto-scroll=\"\" data-no-message-redirect=\"\" data-thousand=\"\" data-decimal=\".\" data-delay=\"\" data-id=\"33\" class=\"fc-form fc-form-33 align- fc-temp-class spin- save-form- dont-submit-hidden- icons-hide- disable-enter- label-floating field-border-visible frame-hidden remove-asterisk-true field-alignment-left\" style=\"width: 600px; color: #2f2145; font-size: 100%; background: transparent\">\n\t\t\t\t<div class=\"form-page form-page-0\" data-index=\"0\">\n\t\t\t\t\t\n\t\t\t\t\t<div class=\"form-page-content     \">\n\t\t\t\t\t\t<div data-identifier=\"field8\" data-index=\"0\" style=\"width: 100%\" class=\" form-element form-element-field8 options- index- form-element-0 default-false form-element-type-heading is-required-false odd -handle\">\n\t\t\t\t\t\t\t<div class=\"form-element-html\"><div ><div style=\"background-color:\" class=\"heading-cover field-cover \"><div style=\"text-align: left; font-size: 1.5em; padding-top: ; padding-bottom: ; color:\" class=\"bold-\"><span >Ahoj Lugera!<\/span><\/div><input type=\"hidden\" data-field-id=\"field8\" name=\"field8[]\" value=\"Ahoj Lugera!\"><\/div><\/div><\/div>\n\t\t\t\t\t\t\t\n\t\t\t\t\t\t<\/div><div data-identifier=\"field1\" data-index=\"1\" style=\"width: 100%\" class=\" even form-element form-element-field1 options- index- form-element-1 default-false form-element-type-oneLineText is-required-false -handle\">\n\t\t\t\t\t\t\t<div class=\"form-element-html\"><div ><label class=\"oneLineText-cover field-cover \"><span class=\"sub-label-false\"><span class=\"main-label\"><span >Vol\u00e1m sa<\/span><\/span><span class=\"sub-label\"><\/span><\/span><div><span class=\"error\"><\/span><input type=\"text\" placeholder=\"\" make-read-only=\"\" data-field-id=\"field1\" name=\"field1[]\" data-min-char=\"\" data-max-char=\"\" data-val-type=\"\" data-regexp=\"\" data-is-required=\"false\" data-allow-spaces=\"true\" class=\"validation-lenient\" data-placement=\"right\" data-toggle=\"tooltip\" tooltip=\"\" data-trigger=\"focus\" data-html=\"true\" data-input-mask=\"\" data-mask-placeholder=\"\" data-original-title=\"\"><i class=\"formcraft-icon formcraft-icon-type-no-icon\">no-icon<\/i><\/div><\/label><\/div><\/div>\n\t\t\t\t\t\t\t\n\t\t\t\t\t\t<\/div><div data-identifier=\"field4\" data-index=\"2\" style=\"width: 100%\" class=\" form-element form-element-field4 options- index- form-element-2 default-false form-element-type-textarea is-required-false odd -handle\">\n\t\t\t\t\t\t\t<div class=\"form-element-html\"><div ><label class=\"textarea-cover field-cover \"><span class=\"sub-label-true\"><span class=\"main-label\"><span >a chcem sa sp\u00fdta\u0165 na:<\/span><\/span><span class=\"sub-label\"><span >more details<\/span><\/span><\/span><div><span class=\"error\"><\/span><textarea data-field-id=\"field4\" placeholder=\"\" class=\"validation-lenient\" name=\"field4\" value=\"\" rows=\"5\" data-min-char=\"\" data-max-char=\"\" data-is-required=\"false\" data-placement=\"right\" data-toggle=\"tooltip\" tooltip=\"\" data-trigger=\"focus\" data-html=\"true\" data-original-title=\"\" style=\"min-height: 126px\"><\/textarea><div class=\"count-\"><span class=\"current-count\">0<\/span> \/ <span class=\"max-count \"><\/span><\/div><\/div><\/label><\/div><\/div>\n\t\t\t\t\t\t\t\n\t\t\t\t\t\t<\/div><div data-identifier=\"field5\" data-index=\"3\" style=\"width: 100%\" class=\" even form-element form-element-field5 options- index- form-element-3 default-false form-element-type-email is-required-false -handle\">\n\t\t\t\t\t\t\t<div class=\"form-element-html\"><div ><label class=\"email-cover field-cover \"><span class=\"sub-label-true\"><span class=\"main-label\"><span >M\u00f4\u017eete ma kontaktova\u0165 na email:<\/span><\/span><span class=\"sub-label\"><span >a valid email<\/span><\/span><\/span><div><span class=\"error\"><\/span><input placeholder=\"\" data-field-id=\"field5\" type=\"text\" data-val-type=\"email\" make-read-only=\"\" data-is-required=\"false\" name=\"field5\" class=\"validation-lenient\" data-placement=\"right\" data-toggle=\"tooltip\" tooltip=\"\" data-trigger=\"focus\" data-html=\"true\" data-original-title=\"\"><i class=\"formcraft-icon\">email<\/i><\/div><\/label><\/div><\/div>\n\t\t\t\t\t\t\t\n\t\t\t\t\t\t<\/div><div data-identifier=\"field6\" data-index=\"4\" style=\"width: 100%\" class=\" form-element form-element-field6 options- index- form-element-4 default-false form-element-type-oneLineText is-required-false odd -handle\">\n\t\t\t\t\t\t\t<div class=\"form-element-html\"><div ><label class=\"oneLineText-cover field-cover \"><span class=\"sub-label-true\"><span class=\"main-label\"><span >alebo telef\u00f3n:<\/span><\/span><span class=\"sub-label\"><span >your full name<\/span><\/span><\/span><div><span class=\"error\"><\/span><input type=\"text\" placeholder=\"\" make-read-only=\"\" data-field-id=\"field6\" name=\"field6[]\" data-min-char=\"\" data-max-char=\"\" data-val-type=\"\" data-regexp=\"\" data-is-required=\"false\" data-allow-spaces=\"\" class=\"validation-lenient\" data-placement=\"right\" data-toggle=\"tooltip\" tooltip=\"\" data-trigger=\"focus\" data-html=\"true\" data-input-mask=\"\" data-mask-placeholder=\"\" data-original-title=\"\"><i class=\"formcraft-icon formcraft-icon-type-no-icon\">no-icon<\/i><\/div><\/label><\/div><\/div>\n\t\t\t\t\t\t\t\n\t\t\t\t\t\t<\/div><div data-identifier=\"field7\" data-index=\"5\" style=\"width: 100%\" class=\" even form-element form-element-field7 options- index- form-element-5 default-false form-element-type-submit is-required-false -handle\">\n\t\t\t\t\t\t\t<div class=\"form-element-html\"><div ><div class=\"align-center wide-true submit-cover field-cover\"><button type=\"submit\" class=\"button submit-button\"><span class=\"text \">Odosla\u0165<\/span><span class=\"spin-cover\"><i style=\"color:\" class=\"loading-icon icon-cog animate-spin\"><\/i><\/span><\/button><\/div><div class=\"submit-response \"><\/div><label ><input type=\"text\" class=\"required_field\" name=\"website\" autocomplete=\"maple-syrup-pot\"><\/label><\/div><\/div>\n\t\t\t\t\t\t\t\n\t\t\t\t\t\t<\/div>\n\t\t\t\t\t<\/div>\n\t\t\t\t<\/div>\n\t\t\t<\/form>\n\t\t\t<div class=\"prev-next prev-next-1\" style=\"width: 600px; color: #2f2145; font-size: 100%; background: transparent\">\n\t\t\t\t<div><label><input type=\"text\" class=\"  \"><\/label><span class=\"inactive page-prev \"><i class=\"formcraft-icon\">keyboard_arrow_left<\/i>Previous<\/span><\/div>\n\t\t\t\t<div><label><input type=\"text\" class=\"  \"><\/label><span class=\"page-next \">Next<i class=\"formcraft-icon\">keyboard_arrow_right<\/i><\/span><\/div>\n\t\t\t<\/div>\n\t\t<\/div><a class=\"powered-by\" target=\"_blank\" href=\"http:\/\/formcraft-wp.com?source=pb\"\/>FormCraft - WordPress form builder<\/a><\/div><\/div><\/div><\/div><\/div><\/div><\/section>\n","protected":false},"excerpt":{"rendered":"Op\u00fdtajte sa n\u00e1s \u010doko\u013evek 1 Step 1 Ahoj Lugera! Vol\u00e1m sano-icon a chcem sa sp\u00fdta\u0165 na:more details0 \/ M\u00f4\u017eete ma kontaktova\u0165 na email:a valid emailemail alebo telef\u00f3n:your full nameno-icon Odosla\u0165 keyboard_arrow_leftPrevious Nextkeyboard_arrow_right FormCraft - WordPress form builder","protected":false},"author":2,"featured_media":0,"parent":0,"menu_order":0,"comment_status":"closed","ping_status":"closed","template":"","meta":{"footnotes":""},"class_list":["post-8583","page","type-page","status-publish","hentry"],"yoast_head":"<!-- This site is optimized with the Yoast SEO plugin v25.4 - https:\/\/yoast.com\/wordpress\/plugins\/seo\/ -->\n<title>Op\u00fdtajte sa n\u00e1s \u010doko\u013evek | Lugera Solutions<\/title>\n<meta name=\"robots\" content=\"index, follow, max-snippet:-1, max-image-preview:large, max-video-preview:-1\" \/>\n<link rel=\"canonical\" href=\"https:\/\/lugera.sk\/solutions\/mam-otazku\/\" \/>\n<meta property=\"og:locale\" content=\"sk_SK\" \/>\n<meta property=\"og:type\" content=\"article\" \/>\n<meta property=\"og:title\" content=\"Op\u00fdtajte sa n\u00e1s \u010doko\u013evek | Lugera Solutions\" \/>\n<meta property=\"og:url\" content=\"https:\/\/lugera.sk\/solutions\/mam-otazku\/\" \/>\n<meta property=\"og:site_name\" content=\"Lugera Solutions\" \/>\n<meta property=\"article:publisher\" content=\"https:\/\/www.facebook.com\/Lugera.sk\" \/>\n<meta property=\"article:modified_time\" content=\"2023-11-06T13:32:25+00:00\" \/>\n<meta name=\"twitter:card\" content=\"summary_large_image\" \/>\n<meta name=\"twitter:site\" content=\"@lugeraslovakia\" \/>\n<script type=\"application\/ld+json\" class=\"yoast-schema-graph\">{\"@context\":\"https:\/\/schema.org\",\"@graph\":[{\"@type\":\"WebPage\",\"@id\":\"https:\/\/lugera.sk\/solutions\/mam-otazku\/\",\"url\":\"https:\/\/lugera.sk\/solutions\/mam-otazku\/\",\"name\":\"Op\u00fdtajte sa n\u00e1s \u010doko\u013evek | Lugera Solutions\",\"isPartOf\":{\"@id\":\"https:\/\/lugera.sk\/solutions\/en\/#website\"},\"datePublished\":\"2017-12-04T07:45:02+00:00\",\"dateModified\":\"2023-11-06T13:32:25+00:00\",\"breadcrumb\":{\"@id\":\"https:\/\/lugera.sk\/solutions\/mam-otazku\/#breadcrumb\"},\"inLanguage\":\"sk-SK\",\"potentialAction\":[{\"@type\":\"ReadAction\",\"target\":[\"https:\/\/lugera.sk\/solutions\/mam-otazku\/\"]}]},{\"@type\":\"BreadcrumbList\",\"@id\":\"https:\/\/lugera.sk\/solutions\/mam-otazku\/#breadcrumb\",\"itemListElement\":[{\"@type\":\"ListItem\",\"position\":1,\"name\":\"Domovsk\u00e1 str\u00e1nka\",\"item\":\"https:\/\/lugera.sk\/solutions\/\"},{\"@type\":\"ListItem\",\"position\":2,\"name\":\"Op\u00fdtajte sa n\u00e1s \u010doko\u013evek\"}]},{\"@type\":\"WebSite\",\"@id\":\"https:\/\/lugera.sk\/solutions\/en\/#website\",\"url\":\"https:\/\/lugera.sk\/solutions\/en\/\",\"name\":\"Lugera Solutions\",\"description\":\"HR rie\u0161enia od Lugera\",\"publisher\":{\"@id\":\"https:\/\/lugera.sk\/solutions\/en\/#organization\"},\"potentialAction\":[{\"@type\":\"SearchAction\",\"target\":{\"@type\":\"EntryPoint\",\"urlTemplate\":\"https:\/\/lugera.sk\/solutions\/en\/?s={search_term_string}\"},\"query-input\":{\"@type\":\"PropertyValueSpecification\",\"valueRequired\":true,\"valueName\":\"search_term_string\"}}],\"inLanguage\":\"sk-SK\"},{\"@type\":\"Organization\",\"@id\":\"https:\/\/lugera.sk\/solutions\/en\/#organization\",\"name\":\"Lugera - The People republic\",\"url\":\"https:\/\/lugera.sk\/solutions\/en\/\",\"logo\":{\"@type\":\"ImageObject\",\"inLanguage\":\"sk-SK\",\"@id\":\"https:\/\/lugera.sk\/solutions\/en\/#\/schema\/logo\/image\/\",\"url\":\"https:\/\/lugera.sk\/solutions\/wp-content\/uploads\/2016\/11\/logo.png\",\"contentUrl\":\"https:\/\/lugera.sk\/solutions\/wp-content\/uploads\/2016\/11\/logo.png\",\"width\":551,\"height\":126,\"caption\":\"Lugera - The People republic\"},\"image\":{\"@id\":\"https:\/\/lugera.sk\/solutions\/en\/#\/schema\/logo\/image\/\"},\"sameAs\":[\"https:\/\/www.facebook.com\/Lugera.sk\",\"https:\/\/x.com\/lugeraslovakia\",\"https:\/\/www.linkedin.com\/company\/lugera-the-people-republic-slovakia\",\"https:\/\/www.youtube.com\/channel\/UCbloz3RG0Eg_dET26OqENUQ\"]}]}<\/script>\n<!-- \/ Yoast SEO plugin. -->","yoast_head_json":{"title":"Op\u00fdtajte sa n\u00e1s \u010doko\u013evek | Lugera Solutions","robots":{"index":"index","follow":"follow","max-snippet":"max-snippet:-1","max-image-preview":"max-image-preview:large","max-video-preview":"max-video-preview:-1"},"canonical":"https:\/\/lugera.sk\/solutions\/mam-otazku\/","og_locale":"sk_SK","og_type":"article","og_title":"Op\u00fdtajte sa n\u00e1s \u010doko\u013evek | Lugera Solutions","og_url":"https:\/\/lugera.sk\/solutions\/mam-otazku\/","og_site_name":"Lugera Solutions","article_publisher":"https:\/\/www.facebook.com\/Lugera.sk","article_modified_time":"2023-11-06T13:32:25+00:00","twitter_card":"summary_large_image","twitter_site":"@lugeraslovakia","schema":{"@context":"https:\/\/schema.org","@graph":[{"@type":"WebPage","@id":"https:\/\/lugera.sk\/solutions\/mam-otazku\/","url":"https:\/\/lugera.sk\/solutions\/mam-otazku\/","name":"Op\u00fdtajte sa n\u00e1s \u010doko\u013evek | Lugera Solutions","isPartOf":{"@id":"https:\/\/lugera.sk\/solutions\/en\/#website"},"datePublished":"2017-12-04T07:45:02+00:00","dateModified":"2023-11-06T13:32:25+00:00","breadcrumb":{"@id":"https:\/\/lugera.sk\/solutions\/mam-otazku\/#breadcrumb"},"inLanguage":"sk-SK","potentialAction":[{"@type":"ReadAction","target":["https:\/\/lugera.sk\/solutions\/mam-otazku\/"]}]},{"@type":"BreadcrumbList","@id":"https:\/\/lugera.sk\/solutions\/mam-otazku\/#breadcrumb","itemListElement":[{"@type":"ListItem","position":1,"name":"Domovsk\u00e1 str\u00e1nka","item":"https:\/\/lugera.sk\/solutions\/"},{"@type":"ListItem","position":2,"name":"Op\u00fdtajte sa n\u00e1s \u010doko\u013evek"}]},{"@type":"WebSite","@id":"https:\/\/lugera.sk\/solutions\/en\/#website","url":"https:\/\/lugera.sk\/solutions\/en\/","name":"Lugera Solutions","description":"HR rie\u0161enia od Lugera","publisher":{"@id":"https:\/\/lugera.sk\/solutions\/en\/#organization"},"potentialAction":[{"@type":"SearchAction","target":{"@type":"EntryPoint","urlTemplate":"https:\/\/lugera.sk\/solutions\/en\/?s={search_term_string}"},"query-input":{"@type":"PropertyValueSpecification","valueRequired":true,"valueName":"search_term_string"}}],"inLanguage":"sk-SK"},{"@type":"Organization","@id":"https:\/\/lugera.sk\/solutions\/en\/#organization","name":"Lugera - The People republic","url":"https:\/\/lugera.sk\/solutions\/en\/","logo":{"@type":"ImageObject","inLanguage":"sk-SK","@id":"https:\/\/lugera.sk\/solutions\/en\/#\/schema\/logo\/image\/","url":"https:\/\/lugera.sk\/solutions\/wp-content\/uploads\/2016\/11\/logo.png","contentUrl":"https:\/\/lugera.sk\/solutions\/wp-content\/uploads\/2016\/11\/logo.png","width":551,"height":126,"caption":"Lugera - The People republic"},"image":{"@id":"https:\/\/lugera.sk\/solutions\/en\/#\/schema\/logo\/image\/"},"sameAs":["https:\/\/www.facebook.com\/Lugera.sk","https:\/\/x.com\/lugeraslovakia","https:\/\/www.linkedin.com\/company\/lugera-the-people-republic-slovakia","https:\/\/www.youtube.com\/channel\/UCbloz3RG0Eg_dET26OqENUQ"]}]}},"_links":{"self":[{"href":"https:\/\/lugera.sk\/solutions\/wp-json\/wp\/v2\/pages\/8583","targetHints":{"allow":["GET"]}}],"collection":[{"href":"https:\/\/lugera.sk\/solutions\/wp-json\/wp\/v2\/pages"}],"about":[{"href":"https:\/\/lugera.sk\/solutions\/wp-json\/wp\/v2\/types\/page"}],"author":[{"embeddable":true,"href":"https:\/\/lugera.sk\/solutions\/wp-json\/wp\/v2\/users\/2"}],"replies":[{"embeddable":true,"href":"https:\/\/lugera.sk\/solutions\/wp-json\/wp\/v2\/comments?post=8583"}],"version-history":[{"count":0,"href":"https:\/\/lugera.sk\/solutions\/wp-json\/wp\/v2\/pages\/8583\/revisions"}],"wp:attachment":[{"href":"https:\/\/lugera.sk\/solutions\/wp-json\/wp\/v2\/media?parent=8583"}],"curies":[{"name":"wp","href":"https:\/\/api.w.org\/{rel}","templated":true}]}}