{"id":567,"date":"2019-09-24T10:42:12","date_gmt":"2019-09-24T08:42:12","guid":{"rendered":"http:\/\/lugera.sk\/jobs\/?page_id=567"},"modified":"2024-01-09T11:21:00","modified_gmt":"2024-01-09T10:21:00","slug":"uvod","status":"publish","type":"page","link":"https:\/\/lugera.sk\/jobs\/","title":{"rendered":"Lugera.sk"},"content":{"rendered":"<section class=\"l-section wpb_row height_medium full_height valign_top with_img\"><div class=\"l-section-img\" role=\"img\" aria-label=\"Obr\u00e1zok\" data-img-width=\"640\" data-img-height=\"336\" style=\"background-image: url(https:\/\/lugera.sk\/jobs\/wp-content\/uploads\/2020\/11\/sddefault-1.jpg);\"><\/div><div class=\"l-section-overlay\" style=\"background:var(--color-header-top-transparent-bg)\"><\/div><div class=\"l-section-h i-cf\"><div class=\"g-cols vc_row via_flex valign_top type_default stacking_default\"><div class=\"vc_col-sm-12 wpb_column vc_column_container\"><div class=\"vc_column-inner\"><div class=\"wpb_wrapper\"><div class=\"g-cols wpb_row us_custom_42a04b01 via_flex valign_top type_default stacking_default\"><div class=\"vc_col-sm-12 wpb_column vc_column_container\"><div class=\"vc_column-inner\"><div class=\"wpb_wrapper\"><div class=\"w-separator size_medium\"><\/div><h1 class=\"w-itext us_custom_60c3f8c5 has_text_color type_fadeIn align_center dynamic_bold\" onclick='return {&quot;duration&quot;:200,&quot;delay&quot;:2000,&quot;disablePartAnimation&quot;:false,&quot;dynamicColor&quot;:&quot;#ffffff&quot;,&quot;html_nbsp_char&quot;:true}'>Vyberte\u00a0si\u00a0<span class=\"w-itext-part changesat_0 changesat_1 dynamic\" style=\"color:#ffffff\" onclick='return [&quot;nov\\u00fa\\u00a0pr\\u00e1cu\\u00a0&quot;,&quot;nov\\u00fd\\u00a0\\u017eivot\\u00a0&quot;]'><span>nov&uacute;&nbsp;pr&aacute;cu&nbsp;<\/span><\/span>e\u0161te\u00a0dnes<\/h1><div class=\"w-separator size_medium\"><\/div>[vc_raw_html]JTVCd3BqYl9qb2JzX2xpc3QlMjBzaG93X3Jlc3VsdHMlM0QlMjIwJTIyJTIwcmVkaXJlY3RfdG8lM0QyNDYlNUQ=[\/vc_raw_html]<\/div><\/div><\/div><\/div><div class=\"w-separator size_medium\"><\/div><\/div><\/div><\/div><\/div><\/div><\/section><section class=\"l-section wpb_row height_medium\"><div class=\"l-section-h i-cf\"><div class=\"g-cols vc_row via_flex valign_top type_default stacking_default\"><div class=\"vc_col-sm-12 wpb_column vc_column_container\"><div class=\"vc_column-inner\"><div class=\"wpb_wrapper\">[vc_custom_heading text=&#8220;NAJNOV\u0160IE PONUKY V LUGERE&#8220; font_container=&#8220;tag:h2|text_align:center&#8220; use_theme_fonts=&#8220;yes&#8220;][vc_raw_html]JTVCd3BqYl9qb2JzX2xpc3QlMjBjb3VudCUzRCUyMjUlMjIlMjBzb3J0X29yZGVyJTNEJTIydDEuam9iX2NyZWF0ZWRfYXQlMjBERVNDJTIyJTIwcGFnaW5hdGlvbiUzRCUyMjAlMjIlMjBzZWFyY2hfYmFyJTNEJTIyZGlzYWJsZWQlMjIlNUQ=[\/vc_raw_html]<div class=\"g-cols wpb_row via_flex valign_top type_default stacking_default\"><div class=\"vc_col-sm-12 wpb_column vc_column_container\"><div class=\"vc_column-inner\"><div class=\"wpb_wrapper\"><div class=\"w-btn-wrapper align_center\"><a class=\"w-btn us-btn-style_6\" title=\"Vo\u013en\u00e9 pracovn\u00e9 miesta\" target=\"_blank\" rel=\"nofollow\" href=\"https:\/\/lugera.sk\/jobs\/volne-pracovne-miesta\/\"><span class=\"w-btn-label\">V\u0161etky ponuky<\/span><\/a><\/div><\/div><\/div><\/div><\/div><\/div><\/div><\/div><\/div><\/div><\/section><section class=\"l-section wpb_row height_medium color_primary with_img\"><div class=\"l-section-img\" role=\"img\" aria-label=\"Obr\u00e1zok\" data-img-width=\"1440\" data-img-height=\"670\" style=\"background-image: url(https:\/\/lugera.sk\/jobs\/wp-content\/uploads\/2020\/11\/lugera_footer.png);\"><\/div><div class=\"l-section-h i-cf\"><div class=\"g-cols vc_row via_flex valign_top type_default stacking_default\"><div class=\"vc_col-sm-6 wpb_column vc_column_container\"><div class=\"vc_column-inner\"><div class=\"wpb_wrapper\">[vc_custom_heading text=&#8220;O SPOLO\u010cNOSTI<br \/>\nLUGERA \u2013 THE PEOPLE REPUBLIC&#8220; font_container=&#8220;tag:h2|text_align:center&#8220; use_theme_fonts=&#8220;yes&#8220; css=&#8220;%7B%22default%22%3A%7B%22font-weight%22%3A%22700%22%7D%7D&#8220;]<div class=\"w-image align_center us_animate_wfc\"><div class=\"w-image-h\"><img decoding=\"async\" width=\"445\" height=\"313\" src=\"https:\/\/lugera.sk\/jobs\/wp-content\/uploads\/2020\/11\/map_footer2018.png\" class=\"attachment-large size-large\" alt=\"\" loading=\"lazy\" srcset=\"https:\/\/lugera.sk\/jobs\/wp-content\/uploads\/2020\/11\/map_footer2018.png 445w, https:\/\/lugera.sk\/jobs\/wp-content\/uploads\/2020\/11\/map_footer2018-300x211.png 300w\" sizes=\"auto, (max-width: 445px) 100vw, 445px\" \/><\/div><\/div><\/div><\/div><\/div><div class=\"vc_col-sm-6 wpb_column vc_column_container\"><div class=\"vc_column-inner\"><div class=\"wpb_wrapper\"><div class=\"wpb_text_column\"><div class=\"wpb_wrapper\"><h4 style=\"text-align: center;\">Lugera je jednou z najv\u00e4\u010d\u0161\u00edch person\u00e1lno-poradensk\u00fdch spolo\u010dnost\u00ed na Slovensku. Od zalo\u017eenia v roku 1996 pom\u00e1hame sp\u00e1ja\u0165 t\u00fdch spr\u00e1vnych \u013eud\u00ed so spr\u00e1vnymi firmami.<\/h4>\n<\/div><\/div><div class=\"wpb_text_column\"><div class=\"wpb_wrapper\"><p style=\"text-align: center;\">Preto na\u0161im uch\u00e1dza\u010dom o zamestnanie bezplatne pom\u00e1hame n\u00e1js\u0165 pre nich t\u00fa najv\u00fdhodnej\u0161iu pr\u00e1cu. Poskytujeme k tomu \u0161pi\u010dkov\u00fd servis, ktor\u00fd zah\u0155\u0148a registr\u00e1ciu \u017eivotopisu v datab\u00e1ze, zasielanie aktu\u00e1lnych pracovn\u00fdch poz\u00edci\u00ed a inform\u00e1cie o aktu\u00e1lnej situ\u00e1cii na trhu pr\u00e1ce.<br \/>\nD\u00f4le\u017eitou s\u00fa\u010das\u0165ou je tie\u017e na\u0161e profesion\u00e1lne poradenstvo, ktor\u00e9 maximalizuje \u0161ance uch\u00e1dza\u010dov na \u00faspech. Patr\u00ed sem d\u00f4kladn\u00e1<br \/>\npr\u00edprava na pohovor a stretnutia s klientmi a kon\u0161trukt\u00edvna sp\u00e4tn\u00e1 v\u00e4zba na pohovor.<\/p>\n<\/div><\/div><div class=\"w-btn-wrapper align_center\"><a class=\"w-btn us-btn-style_6\" target=\"_blank\" rel=\"nofollow\" href=\"https:\/\/lugera.sk\/solutions\/o-nas\/\"><span class=\"w-btn-label\">Zisti\u0165 viac<\/span><\/a><\/div><\/div><\/div><\/div><\/div><\/div><\/section>\n","protected":false},"excerpt":{"rendered":"Vyberte\u00a0si\u00a0nov&uacute;&nbsp;pr&aacute;cu&nbsp;e\u0161te\u00a0dnes[vc_raw_html]JTVCd3BqYl9qb2JzX2xpc3QlMjBzaG93X3Jlc3VsdHMlM0QlMjIwJTIyJTIwcmVkaXJlY3RfdG8lM0QyNDYlNUQ=[\/vc_raw_html][vc_custom_heading text=\"NAJNOV\u0160IE PONUKY V LUGERE\" font_container=\"tag:h2|text_align:center\" use_theme_fonts=\"yes\"][vc_raw_html]JTVCd3BqYl9qb2JzX2xpc3QlMjBjb3VudCUzRCUyMjUlMjIlMjBzb3J0X29yZGVyJTNEJTIydDEuam9iX2NyZWF0ZWRfYXQlMjBERVNDJTIyJTIwcGFnaW5hdGlvbiUzRCUyMjAlMjIlMjBzZWFyY2hfYmFyJTNEJTIyZGlzYWJsZWQlMjIlNUQ=[\/vc_raw_html]V\u0161etky ponuky[vc_custom_heading text=\"O SPOLO\u010cNOSTI LUGERA \u2013 THE PEOPLE REPUBLIC\" font_container=\"tag:h2|text_align:center\" use_theme_fonts=\"yes\" css=\"%7B%22default%22%3A%7B%22font-weight%22%3A%22700%22%7D%7D\"]Lugera je jednou z najv\u00e4\u010d\u0161\u00edch person\u00e1lno-poradensk\u00fdch spolo\u010dnost\u00ed na Slovensku. Od zalo\u017eenia v roku 1996 pom\u00e1hame sp\u00e1ja\u0165 t\u00fdch spr\u00e1vnych \u013eud\u00ed so spr\u00e1vnymi firmami. Preto na\u0161im uch\u00e1dza\u010dom o zamestnanie bezplatne pom\u00e1hame n\u00e1js\u0165 pre nich t\u00fa najv\u00fdhodnej\u0161iu pr\u00e1cu. Poskytujeme k tomu...","protected":false},"author":1,"featured_media":2820,"parent":0,"menu_order":0,"comment_status":"closed","ping_status":"closed","template":"","meta":{"footnotes":""},"class_list":["post-567","page","type-page","status-publish","has-post-thumbnail","hentry"],"_links":{"self":[{"href":"https:\/\/lugera.sk\/jobs\/wp-json\/wp\/v2\/pages\/567","targetHints":{"allow":["GET"]}}],"collection":[{"href":"https:\/\/lugera.sk\/jobs\/wp-json\/wp\/v2\/pages"}],"about":[{"href":"https:\/\/lugera.sk\/jobs\/wp-json\/wp\/v2\/types\/page"}],"author":[{"embeddable":true,"href":"https:\/\/lugera.sk\/jobs\/wp-json\/wp\/v2\/users\/1"}],"replies":[{"embeddable":true,"href":"https:\/\/lugera.sk\/jobs\/wp-json\/wp\/v2\/comments?post=567"}],"version-history":[{"count":66,"href":"https:\/\/lugera.sk\/jobs\/wp-json\/wp\/v2\/pages\/567\/revisions"}],"predecessor-version":[{"id":24281,"href":"https:\/\/lugera.sk\/jobs\/wp-json\/wp\/v2\/pages\/567\/revisions\/24281"}],"wp:featuredmedia":[{"embeddable":true,"href":"https:\/\/lugera.sk\/jobs\/wp-json\/wp\/v2\/media\/2820"}],"wp:attachment":[{"href":"https:\/\/lugera.sk\/jobs\/wp-json\/wp\/v2\/media?parent=567"}],"curies":[{"name":"wp","href":"https:\/\/api.w.org\/{rel}","templated":true}]}}