{"id":5084,"date":"2021-05-04T12:54:47","date_gmt":"2021-05-04T10:54:47","guid":{"rendered":"https:\/\/lugera.sk\/jobs\/?page_id=5084"},"modified":"2021-05-04T13:00:59","modified_gmt":"2021-05-04T11:00:59","slug":"suhlas-so-spracuvanim-osobnych-udajov","status":"publish","type":"page","link":"https:\/\/lugera.sk\/jobs\/suhlas-so-spracuvanim-osobnych-udajov\/","title":{"rendered":"S\u00daHLAS SO SPRAC\u00daVAN\u00cdM OSOBN\u00ddCH \u00daDAJOV"},"content":{"rendered":"<section class=\"l-section wpb_row height_medium\"><div class=\"l-section-h i-cf\"><div class=\"g-cols vc_row via_flex valign_top type_default stacking_default\"><div class=\"vc_col-sm-12 wpb_column vc_column_container\"><div class=\"vc_column-inner\"><div class=\"wpb_wrapper\"><div class=\"g-cols wpb_row via_flex valign_top type_default stacking_default\"><div class=\"vc_col-sm-12 wpb_column vc_column_container\"><div class=\"vc_column-inner\"><div class=\"wpb_wrapper\"><div class=\"wpb_text_column\"><div class=\"wpb_wrapper\"><p class=\"subtitle\" style=\"text-align: center;\">v zmysle \u010dl. 6 ods. 1 p\u00edsm. a) a \u010dl. 7 Nariadenia Eur\u00f3pskeho parlamentu a Rady (E\u00da) 2016\/679 z 27. apr\u00edla 2016 o ochrane fyzick\u00fdch os\u00f4b pri sprac\u00favan\u00ed osobn\u00fdch \u00fadajov a o vo\u013enom pohybe tak\u00fdchto \u00fadajov, ktor\u00fdm sa zru\u0161uje smernica 95\/46\/ES (v\u0161eobecn\u00e9 nariadenie o ochrane \u00fadajov)<\/p>\n<\/div><\/div><div class=\"w-separator size_medium\"><\/div><\/div><\/div><\/div><\/div><div class=\"wpb_text_column\"><div class=\"wpb_wrapper\"><p>Potvrden\u00edm a odoslan\u00edm tohto dokumentu ude\u013eujem prev\u00e1dzkovate\u013eovi <strong>Lugera &amp; Makl\u00e9r, spol. s\u00a0r.o., Jilemnick\u00e9ho 3, 911 01\u00a0 Tren\u010d\u00edn,\u00a0<\/strong>I\u010cO: 34\u00a0140 620 (\u010falej len: \u201eprev\u00e1dzkovate\u013e\u201c) s\u00fahlas so sprac\u00favan\u00edm mojich osobn\u00fdch \u00fadajov pre \u00fa\u010del sprostredkovania zamestnania, z\u00edskavania inform\u00e1ci\u00ed o vhodn\u00fdch pracovn\u00fdch miestach a \u010fal\u0161\u00edch produktoch a slu\u017eb\u00e1ch s\u00favisiacich s\u00a0kari\u00e9rnym a osobnostn\u00fdm rozvojom. Pre tento \u00fa\u010del s\u00fahlas\u00edm so zaraden\u00edm do datab\u00e1zy uch\u00e1dza\u010dov o zamestnanie prev\u00e1dzkovate\u013ea a n\u00e1sledn\u00fdm poskytnut\u00edm alebo spr\u00edstupnen\u00edm mojich osobn\u00edch \u00fadajov potencion\u00e1lnym zamestn\u00e1vate\u013eom, a to v\u00a0rozsahu:<\/p>\n<div class=\"gdpr-block\">\n<div class=\"full\">\n<ul>\n<li><em>Meno, priezvisko, titul,<\/em><\/li>\n<li><em>D\u00e1tum narodenia,<\/em><\/li>\n<li><em>Adresa trval\u00e9ho\/prechodn\u00e9ho bydliska (ulica, \u010d\u00edslo, mesto, PS\u010c),<\/em><\/li>\n<li><em>Kontaktn\u00e9 \u00fadaje (mail, telef\u00f3n),<\/em><\/li>\n<li><em>Pracovno-pr\u00e1vny vz\u0165ah (s\u00fa\u010dasn\u00e9 a predch\u00e1dzaj\u00face zamestnanie\/-a v rozsahu: adresa zamestn\u00e1vate\u013ea a pracovn\u00e9 zaradenie),<\/em><\/li>\n<li><em>Dosiahnut\u00e9 vzdelanie (s\u00fa\u010dasn\u00e9, stredn\u00e9, vysoko\u0161kolsk\u00e9),<\/em><\/li>\n<li><em>Absolvovan\u00e9 kurzy a \u0161kolenia,<\/em><\/li>\n<li><em>Ostatn\u00e9 \u00fadaje zo \u017eivotopisu.<\/em><\/li>\n<\/ul>\n<\/div>\n<div class=\"full\">\n<p>Tento s\u00fahlas so sprac\u00favan\u00edm osobn\u00fdch \u00fadajov je slobodne dan\u00fdm, konkr\u00e9tnym, informovan\u00fdm a jednozna\u010dn\u00fdm prejavom mojej v\u00f4le, ktor\u00fd ude\u013eujem na obdobie 5 rokov odo d\u0148a zaslania \u017eiadosti o prijatie do zamestnania.Pred udelen\u00edm s\u00fahlasu som bol\/-a informovan\u00fd\/-\u00e1 o nasleduj\u00facich skuto\u010dnostiach:<\/p>\n<ul>\n<li>moje osobn\u00e9 \u00fadaje bud\u00fa poskytovan\u00e9 pr\u00edjemcom (potencion\u00e1lnym zamestn\u00e1vate\u013eom).<\/li>\n<li>moje osobn\u00e9 \u00fadaje, ktor\u00fdch poskytnutie je dobrovo\u013en\u00e9, bud\u00fa uchov\u00e1van\u00e9 po\u010das obdobia platnosti s\u00fahlasu a nebud\u00fa sprac\u00favan\u00e9 na \u017eiaden in\u00fd \u00fa\u010del, ne\u017e na ten, na ktor\u00fd boli z\u00edskan\u00e9.<\/li>\n<li>ako dotknut\u00e1 osoba m\u00e1m pr\u00e1vo po\u017eadova\u0165 od prev\u00e1dzkovate\u013ea pr\u00edstup k mojim osobn\u00fdm \u00fadajom, ktor\u00e9 sa ma t\u00fdkaj\u00fa, pr\u00e1vo na ich opravu alebo vymazanie alebo obmedzenie sprac\u00favania, pr\u00e1vo namieta\u0165 proti sprac\u00favaniu, ako aj pr\u00e1vo na prenosnos\u0165 \u00fadajov.<\/li>\n<li>v od\u00f4vodnenom pr\u00edpade m\u00e1m ako dotknut\u00e1 osoba pr\u00e1vo poda\u0165 s\u0165a\u017enos\u0165 dozorn\u00e9mu org\u00e1nu, ktor\u00fdm je \u00darad na ochranu osobn\u00fdch \u00fadajov Slovenskej republiky.<\/li>\n<li>beriem na vedomie, \u017ee cezhrani\u010dn\u00fd prenos mojich osobn\u00fdch do tretej krajiny sa neuskuto\u010d\u0148uje.<\/li>\n<li>beriem na vedomie, \u017ee nedoch\u00e1dza k automatizovan\u00e9mu rozhodovaniu, vr\u00e1tane profilovania.<\/li>\n<\/ul>\n<p>Svoje pr\u00e1vo kedyko\u013evek odvola\u0165 s\u00fahlas, a to aj pred uplynut\u00edm doby, na ktor\u00fa bol tento s\u00fahlas udelen\u00fd, m\u00f4\u017eem ako dotknut\u00e1 osoba uplatni\u0165 nasleduj\u00facimi sp\u00f4sobmi:<\/p>\n<ol>\n<li>emailovou \u017eiados\u0165ou zaslanou na adresu\u00a0<strong><u><a href=\"mailto:gdpr@lugera.sk\">gdpr@lugera.sk<\/a><\/u><\/strong><strong><em>,<\/em><\/strong><\/li>\n<li>telefonicky\u00a0<strong><em>+421 32 6538 111<\/em><\/strong>,<\/li>\n<li>zaslan\u00edm p\u00edsomnej \u017eiadosti na adresu s\u00eddla prev\u00e1dzkovate\u013ea s uveden\u00edm textu \u201eGDPR &#8211; odvolanie s\u00fahlasu\u201c na ob\u00e1lke.<\/li>\n<\/ol>\n<p>Odvolanie s\u00fahlasu nem\u00e1 vplyv na z\u00e1konnos\u0165 sprac\u00favania vych\u00e1dzaj\u00faceho zo s\u00fahlasu pred jeho odvolan\u00edm.<\/p>\n<\/div>\n<p>V pr\u00edpade ak\u00fdchko\u013evek ot\u00e1zok s\u00favisiacich s ochranou Va\u0161ich osobn\u00fdch \u00fadajov vr\u00e1tane uplatnenia Va\u0161ich pr\u00e1v v zmysle Nariadenia a z\u00e1kona o ochrane osobn\u00fdch \u00fadajov V\u00e1s pros\u00edme, aby ste kontaktovali n\u00e1s alebo sa obr\u00e1\u0165te na na\u0161u zodpovedn\u00fa osobu: Du\u0161an \u010eur\u010do emailov\u00e1 adresa:\u00a0<a href=\"mailto:gdpr@lugera.sk\">gdpr@lugera.sk<\/a><\/p>\n<\/div>\n<\/div><\/div><\/div><\/div><\/div><\/div><\/div><\/section>\n","protected":false},"excerpt":{"rendered":"v zmysle \u010dl. 6 ods. 1 p\u00edsm. a) a \u010dl. 7 Nariadenia Eur\u00f3pskeho parlamentu a Rady (E\u00da) 2016\/679 z 27. apr\u00edla 2016 o ochrane fyzick\u00fdch os\u00f4b pri sprac\u00favan\u00ed osobn\u00fdch \u00fadajov a o vo\u013enom pohybe tak\u00fdchto \u00fadajov, ktor\u00fdm sa zru\u0161uje smernica 95\/46\/ES (v\u0161eobecn\u00e9 nariadenie o ochrane \u00fadajov) Potvrden\u00edm a odoslan\u00edm tohto dokumentu ude\u013eujem prev\u00e1dzkovate\u013eovi Lugera &amp;...","protected":false},"author":1,"featured_media":0,"parent":0,"menu_order":0,"comment_status":"closed","ping_status":"closed","template":"","meta":{"footnotes":""},"class_list":["post-5084","page","type-page","status-publish","hentry"],"_links":{"self":[{"href":"https:\/\/lugera.sk\/jobs\/wp-json\/wp\/v2\/pages\/5084","targetHints":{"allow":["GET"]}}],"collection":[{"href":"https:\/\/lugera.sk\/jobs\/wp-json\/wp\/v2\/pages"}],"about":[{"href":"https:\/\/lugera.sk\/jobs\/wp-json\/wp\/v2\/types\/page"}],"author":[{"embeddable":true,"href":"https:\/\/lugera.sk\/jobs\/wp-json\/wp\/v2\/users\/1"}],"replies":[{"embeddable":true,"href":"https:\/\/lugera.sk\/jobs\/wp-json\/wp\/v2\/comments?post=5084"}],"version-history":[{"count":5,"href":"https:\/\/lugera.sk\/jobs\/wp-json\/wp\/v2\/pages\/5084\/revisions"}],"predecessor-version":[{"id":5118,"href":"https:\/\/lugera.sk\/jobs\/wp-json\/wp\/v2\/pages\/5084\/revisions\/5118"}],"wp:attachment":[{"href":"https:\/\/lugera.sk\/jobs\/wp-json\/wp\/v2\/media?parent=5084"}],"curies":[{"name":"wp","href":"https:\/\/api.w.org\/{rel}","templated":true}]}}