{"id":3613,"date":"2021-04-15T15:09:20","date_gmt":"2021-04-15T13:09:20","guid":{"rendered":"https:\/\/lugera.sk\/jobs\/?page_id=3613"},"modified":"2021-05-04T14:34:31","modified_gmt":"2021-05-04T12:34:31","slug":"mam-zivotopis-vyber","status":"publish","type":"page","link":"https:\/\/lugera.sk\/jobs\/mam-zivotopis-vyber\/","title":{"rendered":"Nahraj \u017eivotopis"},"content":{"rendered":"<section class=\"l-section wpb_row height_small\"><div class=\"l-section-h i-cf\"><div class=\"g-cols vc_row via_flex valign_top type_default stacking_default\"><div class=\"vc_col-sm-12 wpb_column vc_column_container\"><div class=\"vc_column-inner\"><div class=\"wpb_wrapper\"><div class=\"wpb_text_column\"><div class=\"wpb_wrapper\"><h3 style=\"text-align: center;\">Vypl\u0148te v\u00e1\u0161\u00a0<strong>\u017eivotopis <\/strong>a uch\u00e1dzajte sa o poz\u00edciu<\/h3>\n<\/div><\/div><div class=\"wpb_text_column\"><div class=\"wpb_wrapper\"><p style=\"text-align: center;\">Pre uch\u00e1dzanie sa o zamestnanie pros\u00edm vypl\u0148te formul\u00e1r<br \/>\na za\u0161krtnite s\u00fahlas so spracovan\u00edm osobn\u00fdch \u00fadajov.<\/p>\n<\/div><\/div><\/div><\/div><\/div><\/div><\/div><\/section><section class=\"l-section wpb_row height_medium\"><div class=\"l-section-h i-cf\"><div class=\"g-cols vc_row via_flex valign_top type_default stacking_default\"><div class=\"vc_col-sm-2 wpb_column vc_column_container\"><div class=\"vc_column-inner\"><div class=\"wpb_wrapper\"><\/div><\/div><\/div><div class=\"vc_col-sm-8 wpb_column vc_column_container\"><div class=\"vc_column-inner\"><div class=\"wpb_wrapper\"><div class=\"wpb_text_column\"><div class=\"wpb_wrapper\"><div data-uniq='69d98180be919' class='uniq-69d98180be919 formcraft-css form-live align-left'><script> window.formcraftLogic = window.formcraftLogic || {}; window.formcraftLogic[6] = []; <\/script><div class=\"fc-pagination-cover fc-pagination-1\">\n\t\t\t\t<div class=\"fc-pagination width-100\">\n\t\t\t\t\t<!-- ngRepeat: page in Builder.FormElements track by $index --><div class=\"pagination-trigger \" data-index=\"0\">\n\t\t\t\t\t\t<span class=\"page-number\"><span >1<\/span><\/span>\n\t\t\t\t\t\t<span class=\"page-name \">Step 1<\/span>\n\t\t\t\t\t\t\n\t\t\t\t\t<\/div><!-- end ngRepeat: page in Builder.FormElements track by $index -->\n\t\t\t\t<\/div>\n\t\t\t<\/div>\n\t\t\t\n\t\t\t<style scoped=\"scoped\" >\n\t\t\t@media (max-width : 480px) {\n\t\t\t\t.fc_modal-dialog-6 .fc-pagination-cover .fc-pagination\n\t\t\t\t{\n\t\t\t\t\tbackground-color: #ffffff !important;\n\t\t\t\t}\n\t\t\t}\n\t\t\t\t\t\t.formcraft-css .fc-form.fc-form-6 .form-element .submit-cover .submit-button,\n\t\t\t.formcraft-css .fc-form.fc-form-6 .form-element .fileupload-cover .button-file,\n\t\t\t.formcraft-css .fc-form.fc-form-6 .form-element .field-cover .button,\n\t\t\t.formcraft-datepicker .ui-datepicker-header,\n\t\t\t.formcraft-datepicker .ui-datepicker-title\n\t\t\t{\n\t\t\t\tbackground: #f5c339;\n\t\t\t\tcolor: #000000;\n\t\t\t}\n\t\t\t.formcraft-datepicker td .ui-state-active,\n\t\t\t.formcraft-datepicker td .ui-state-hover,\n\t\t\t.formcraft-css .fc-form.fc-form-6 .form-element .slider-cover .ui-slider-range\n\t\t\t{\n\t\t\t\tbackground: #f5c339;\n\t\t\t}\n\t\t\t#ui-datepicker-div.formcraft-datepicker .ui-datepicker-header,\n\t\t\t.formcraft-css .fc-form .field-cover>div.full hr\n\t\t\t{\n\t\t\t\tborder-color: #d7ab32;\n\t\t\t}\n\t\t\t#ui-datepicker-div.formcraft-datepicker .ui-datepicker-prev:hover,\n\t\t\t#ui-datepicker-div.formcraft-datepicker .ui-datepicker-next:hover,\n\t\t\t#ui-datepicker-div.formcraft-datepicker select.ui-datepicker-month:hover,\n\t\t\t#ui-datepicker-div.formcraft-datepicker select.ui-datepicker-year:hover\n\t\t\t{\n\t\t\t\tbackground-color: #d7ab32;\n\t\t\t}\n\t\t\t.formcraft-css .fc-pagination>div.active .page-number,\n\t\t\t.formcraft-css .form-cover-builder .fc-pagination>div:first-child .page-number\n\t\t\t{\n\t\t\t\tbackground-color: #db3fa4;\n\t\t\t\tcolor: #000000;\n\t\t\t}\n\t\t\t#ui-datepicker-div.formcraft-datepicker table.ui-datepicker-calendar th,\n\t\t\t#ui-datepicker-div.formcraft-datepicker table.ui-datepicker-calendar td.ui-datepicker-today a,\n\t\t\t.formcraft-css .fc-form.fc-form-6 .form-element .star-cover label,\n\t\t\thtml .formcraft-css .fc-form.label-floating .form-element .field-cover.has-focus>span,\n\t\t\t.formcraft-css .fc-form.fc-form-6 .form-element .customText-cover a,\n\t\t\t.formcraft-css .prev-next>div span:hover\n\t\t\t{\n\t\t\t\tcolor: #f5c339;\n\t\t\t}\n\t\t\t.formcraft-css .fc-form.fc-form-6 .form-element .customText-cover a:hover\n\t\t\t{\n\t\t\t\tcolor: #d7ab32;\n\t\t\t}\n\t\t\thtml .formcraft-css .fc-form.fc-form-6.label-floating .form-element .field-cover > span\n\t\t\t{\n\t\t\t\tcolor: #666666;\n\t\t\t}\n\t\t\thtml .formcraft-css .fc-form .final-success .final-success-check {\n\t\t\t\tborder: 2px solid #666666;\n\t\t\t}\n\t\t\t.formcraft-css .fc-form.fc-form-6 .form-element .field-cover input[type=\"text\"],\n\t\t\t.formcraft-css .fc-form.fc-form-6 .form-element .field-cover input[type=\"email\"],\n\t\t\t.formcraft-css .fc-form.fc-form-6 .form-element .field-cover input[type=\"password\"],\n\t\t\t.formcraft-css .fc-form.fc-form-6 .form-element .field-cover input[type=\"tel\"],\n\t\t\t.formcraft-css .fc-form.fc-form-6 .form-element .field-cover textarea,\n\t\t\t.formcraft-css .fc-form.fc-form-6 .form-element .field-cover select,\n\t\t\t.formcraft-css .fc-form.fc-form-6 .form-element .field-cover .time-fields-cover,\n\t\t\t.formcraft-css .fc-form.fc-form-6 .form-element .field-cover .awesomplete ul\n\t\t\t{\n\t\t\t\tcolor: #777;\n\t\t\t}\n\t\t\t.formcraft-css .fc-form.fc-form-6 .form-element .field-cover input[type=\"text\"],\n\t\t\t.formcraft-css .fc-form.fc-form-6 .form-element .field-cover input[type=\"password\"],\n\t\t\t.formcraft-css .fc-form.fc-form-6 .form-element .field-cover input[type=\"email\"],\n\t\t\t.formcraft-css .fc-form.fc-form-6 .form-element .field-cover input[type=\"radio\"],\n\t\t\t.formcraft-css .fc-form.fc-form-6 .form-element .field-cover input[type=\"checkbox\"],\n\t\t\t.formcraft-css .fc-form.fc-form-6 .form-element .field-cover input[type=\"tel\"],\n\t\t\t.formcraft-css .fc-form.fc-form-6 .form-element .field-cover select,\n\t\t\t.formcraft-css .fc-form.fc-form-6 .form-element .field-cover textarea\n\t\t\t{\n\t\t\t\tbackground-color: #fafafa;\n\t\t\t}\n\t\t\t.formcraft-css .fc-form.fc-form-6 .form-element .field-cover input[type=\"radio\"]:checked,\n\t\t\t.formcraft-css .fc-form.fc-form-6 .form-element .field-cover input[type=\"checkbox\"]:checked {\n\t\t\t\tborder-color: #d7ab32;\n\t\t\t\tbackground: #f5c339;\t\t\t\t\n\t\t\t}\n\t\t\t.formcraft-css .fc-form.fc-form-6 .form-element .star-cover label .star\n\t\t\t{\n\t\t\t\ttext-shadow: 0px 1px 0px #d7ab32;\n\t\t\t}\n\t\t\t.formcraft-css .fc-form.fc-form-6 .form-element .slider-cover .ui-slider-range\n\t\t\t{\n\t\t\t\tbox-shadow: 0px 1px 1px #d7ab32 inset;\n\t\t\t}\n\t\t\t.formcraft-css .fc-form.fc-form-6 .form-element .fileupload-cover .button-file\n\t\t\t{\n\t\t\t\tborder-color: #d7ab32;\n\t\t\t}\n\t\t\t.formcraft-css .fc-form.fc-form-6 .form-element .form-element-html input[type=\"password\"]:focus,\n\t\t\t.formcraft-css .fc-form.fc-form-6 .form-element .form-element-html input[type=\"email\"]:focus,\n\t\t\t.formcraft-css .fc-form.fc-form-6 .form-element .form-element-html input[type=\"tel\"]:focus,\n\t\t\t.formcraft-css .fc-form.fc-form-6 .form-element .form-element-html input[type=\"text\"]:focus,\n\t\t\t.formcraft-css .fc-form.fc-form-6 .form-element .form-element-html textarea:focus,\n\t\t\t.formcraft-css .fc-form.fc-form-6 .form-element .form-element-html select:focus\n\t\t\t{\n\t\t\t\tborder-color: #f5c339;\n\t\t\t}\n\t\t\t.formcraft-css .fc-form.fc-form-6 .form-element .form-element-html .field-cover .is-read-only:focus {\n\t\t\t\tborder-color: #ccc;\n\t\t\t}\n\t\t\t.formcraft-css .fc-form.fc-form-6\t\t\t{\n\t\t\t\tfont-family: inherit;\n\t\t\t}\n\t\t\t@media (max-width : 480px) {\n\t\t\t\thtml .dedicated-page,\n\t\t\t\thtml .dedicated-page .formcraft-css .fc-pagination > div.active\n\t\t\t\t{\n\t\t\t\t\tbackground: #ffffff;\n\t\t\t\t}\n\t\t\t}\n\t\t<\/style>\n\t\t<div class=\"form-cover\">\n\t\t\t<form data-auto-scroll=\"\" data-no-message-redirect=\"\" data-thousand=\"\" data-decimal=\".\" data-delay=\"0\" data-id=\"6\" class=\"fc-form fc-form-6 align- fc-temp-class save-form- dont-submit-hidden- icons-hide- label-inline field-border-visible frame-visible remove-asterisk-true field-alignment-left disable-enter-false\" style=\"width: 800px; color: #666666; font-size: 100%; background: #ffffff\">\n\t\t\t\t<!-- ngRepeat: page in Builder.FormElements track by $index --><div class=\"form-page form-page-0\" data-index=\"0\">\n\t\t\t\t\t\n\t\t\t\t\t<div class=\"form-page-content      ng-not-empty\">\n\t\t\t\t\t\t<div data-identifier=\"field155\" data-index=\"0\" style=\"width: 100%\" class=\" form-element form-element-field155 options-false form-element-0 default-false form-element-type-dropdown is-required-true odd -handle\">\n\t\t\t\t\t\t\t<div class=\"form-element-html\"><div ><label class=\"dropdown-cover field-cover autocomplete-type- \"><span class=\"sub-label-false\"><span class=\"main-label\"><span >Odvetvie *<\/span><\/span><span class=\"sub-label\"><\/span><\/span><div><span class=\"error\"><\/span><select data-is-required=\"true\" class=\"validation-lenient\" data-field-id=\"field155\" name=\"field155\" data-placement=\"right\" data-toggle=\"tooltip\" tooltip=\"\" data-trigger=\"hover\" data-html=\"true\" data-original-title=\"\"><option value=\"\" class=\" \">- v\u00fdber -<\/option><option value=\"10\" class=\" \">Administrat\u00edva<\/option><option value=\"11\" class=\" \">Automobilov\u00fd priemysel<\/option><option value=\"12\" class=\" \">Bankovn\u00edctvo a pois\u0165ovn\u00edctvo<\/option><option value=\"16\" class=\" \">Ch\u00e9mia a farm\u00e1cia<\/option><option value=\"13\" class=\" \">Elektrotechnika<\/option><option value=\"14\" class=\" \">Energetika<\/option><option value=\"15\" class=\" \">Financie a \u00fa\u010dtovn\u00edctvo<\/option><option value=\"17\" class=\" \">Informa\u010dn\u00e9 technol\u00f3gie a telekomunik\u00e1cie<\/option><option value=\"18\" class=\" \">Kvalita a kontrola<\/option><option value=\"19\" class=\" \">Logistika a transport<\/option><option value=\"20\" class=\" \">\u013dudsk\u00e9 zdroje<\/option><option value=\"21\" class=\" \">Mana\u017ement<\/option><option value=\"22\" class=\" \">Marketing, reklama a m\u00e9di\u00e1<\/option><option value=\"23\" class=\" \">Obchod<\/option><option value=\"24\" class=\" \">Pr\u00e1vo<\/option><option value=\"25\" class=\" \">Slu\u017eby<\/option><option value=\"26\" class=\" \">Stavebn\u00edctvo<\/option><option value=\"27\" class=\" \">Stroj\u00e1rstvo<\/option><option value=\"28\" class=\" \">V\u00fdroba<\/option><option value=\"29\" class=\" \">Zdravotn\u00edctvo<\/option><option value=\"30\" class=\" \">In\u00e9<\/option><\/select><input type=\"text\"><\/div><\/label><\/div><\/div>\n\t\t\t\t\t\t\t\n\t\t\t\t\t\t<\/div><div data-identifier=\"field156\" data-index=\"1\" style=\"width: 100%\" class=\" even form-element form-element-field156 options- form-element-1 default-false form-element-type-dropdown is-required-true -handle\">\n\t\t\t\t\t\t\t<div class=\"form-element-html\"><div ><label class=\"dropdown-cover field-cover autocomplete-type- \"><span class=\"sub-label-false\"><span class=\"main-label\"><span >Regi\u00f3n *<\/span><\/span><span class=\"sub-label\"><\/span><\/span><div><span class=\"error\"><\/span><select data-is-required=\"true\" class=\"validation-lenient\" data-field-id=\"field156\" name=\"field156\" data-placement=\"right\" data-toggle=\"tooltip\" tooltip=\"\" data-trigger=\"hover\" data-html=\"true\" data-original-title=\"\"><option value=\"\" class=\" \">- v\u00fdber -<\/option><option value=\"1\" class=\" \">Banskobystrick\u00fd kraj<\/option><option value=\"2\" class=\" \">Bratislavsk\u00fd kraj<\/option><option value=\"3\" class=\" \">Ko\u0161ick\u00fd kraj<\/option><option value=\"4\" class=\" \">Nitriansky kraj<\/option><option value=\"5\" class=\" \">Pre\u0161ovsk\u00fd kraj<\/option><option value=\"6\" class=\" \">Tren\u010diansky kraj<\/option><option value=\"7\" class=\" \">Trnavsk\u00fd kraj<\/option><option value=\"8\" class=\" \">\u017dilinsk\u00fd kraj<\/option><\/select><input type=\"text\"><\/div><\/label><\/div><\/div>\n\t\t\t\t\t\t\t\n\t\t\t\t\t\t<\/div><div data-identifier=\"field1\" data-index=\"2\" style=\"width: 100%\" class=\" form-element form-element-field1 options-false form-element-2 default-false form-element-type-heading is-required-false odd -handle\">\n\t\t\t\t\t\t\t<div class=\"form-element-html\"><div ><div style=\"background-color: #ffffff\" class=\"heading-cover field-cover \"><div style=\"text-align: left; font-size: 1.5em; padding-top: ; padding-bottom: ; color: #e90e8b\" class=\"bold-\"><span >OSOBN\u00c9 \u00daDAJE<\/span><\/div><input type=\"hidden\" data-field-id=\"field1\" name=\"field1[]\" value=\"OSOBN\u00c9 \u00daDAJE\"><\/div><\/div><\/div>\n\t\t\t\t\t\t\t\n\t\t\t\t\t\t<\/div><div data-identifier=\"field2\" data-index=\"3\" style=\"width: 100%\" class=\" even form-element form-element-field2 options- form-element-3 default-false form-element-type-oneLineText is-required-true -handle\">\n\t\t\t\t\t\t\t<div class=\"form-element-html\"><div ><label class=\"oneLineText-cover field-cover \"><span class=\"sub-label-false\"><span class=\"main-label\"><span >Meno *<\/span><\/span><span class=\"sub-label\"><\/span><\/span><div><span class=\"error\"><\/span><input type=\"text\" placeholder=\"\" make-read-only=\"\" data-field-id=\"field2\" name=\"field2[]\" data-min-char=\"\" data-max-char=\"\" data-val-type=\"\" data-regexp=\"\" data-is-required=\"true\" data-allow-spaces=\"\" class=\"validation-lenient\" data-placement=\"right\" data-toggle=\"tooltip\" tooltip=\"\" data-trigger=\"focus\" data-html=\"true\" data-input-mask=\"\" data-mask-placeholder=\"\" data-original-title=\"\"><i class=\"formcraft-icon formcraft-icon-type-no-icon\">no-icon<\/i><\/div><\/label><\/div><\/div>\n\t\t\t\t\t\t\t\n\t\t\t\t\t\t<\/div><div data-identifier=\"field3\" data-index=\"4\" style=\"width: 100%\" class=\" form-element form-element-field3 options- form-element-4 default-false form-element-type-oneLineText is-required-true odd -handle\">\n\t\t\t\t\t\t\t<div class=\"form-element-html\"><div ><label class=\"oneLineText-cover field-cover \"><span class=\"sub-label-false\"><span class=\"main-label\"><span >Priezvisko *<\/span><\/span><span class=\"sub-label\"><\/span><\/span><div><span class=\"error\"><\/span><input type=\"text\" placeholder=\"\" make-read-only=\"\" data-field-id=\"field3\" name=\"field3[]\" data-min-char=\"\" data-max-char=\"\" data-val-type=\"\" data-regexp=\"\" data-is-required=\"true\" data-allow-spaces=\"\" class=\"validation-lenient\" data-placement=\"right\" data-toggle=\"tooltip\" tooltip=\"\" data-trigger=\"focus\" data-html=\"true\" data-input-mask=\"\" data-mask-placeholder=\"\" data-original-title=\"\"><i class=\"formcraft-icon formcraft-icon-type-no-icon\">no-icon<\/i><\/div><\/label><\/div><\/div>\n\t\t\t\t\t\t\t\n\t\t\t\t\t\t<\/div><div data-identifier=\"field6\" data-index=\"5\" style=\"width: 100%\" class=\" even form-element form-element-field6 options- form-element-5 default-false form-element-type-email is-required-true -handle\">\n\t\t\t\t\t\t\t<div class=\"form-element-html\"><div ><label class=\"email-cover field-cover \"><span class=\"sub-label-true\"><span class=\"main-label\"><span >Email *<\/span><\/span><span class=\"sub-label\"><\/span><\/span><div><span class=\"error\"><\/span><input placeholder=\"\" data-field-id=\"field6\" type=\"text\" data-val-type=\"email\" make-read-only=\"\" data-is-required=\"true\" name=\"field6\" class=\"validation-lenient\" data-placement=\"right\" data-toggle=\"tooltip\" tooltip=\"\" data-trigger=\"focus\" data-html=\"true\" data-original-title=\"\"><i class=\"formcraft-icon\">email<\/i><\/div><\/label><\/div><\/div>\n\t\t\t\t\t\t\t\n\t\t\t\t\t\t<\/div><div data-identifier=\"field131\" data-index=\"6\" style=\"width: 100%\" class=\" form-element form-element-field131 options-true form-element-6 default-false form-element-type-fileupload is-required-false odd -handle\">\n\t\t\t\t\t\t\t<div class=\"form-element-html\"><div ><label class=\"wide- fileupload-cover field-cover\"><span class=\"sub-label-\"><span class=\"main-label\"><span >\u017divotopis *<\/span><\/span><span class=\"sub-label\"><\/span><\/span><div><span class=\"error\"><\/span><div class=\"button button-file fileupload-button\" data-placement=\"right\" data-toggle=\"tooltip\" tooltip=\"\" data-trigger=\"hover\" data-html=\"true\" data-original-title=\"\"><i class=\"icon-upload-cloud formcraft-icon\">cloud_upload<\/i><span >NAHRA\u0164 \u017dIVOTOPIS<\/span><input type=\"file\" data-name-list=\"field131\" name=\"files\" multiple=\"multiple\" data-allow-extensions=\"doc,docx,pdf\" data-min-files=\"1\" data-max-files=\"1\" data-max-size=\"\"><\/div><\/div><\/label><\/div><\/div>\n\t\t\t\t\t\t\t\n\t\t\t\t\t\t<\/div><div data-identifier=\"field154\" data-index=\"7\" style=\"width: 100%\" class=\" even form-element form-element-field154 options-true form-element-7 default-false form-element-type-fileupload is-required-false -handle\">\n\t\t\t\t\t\t\t<div class=\"form-element-html\"><div ><label class=\"wide- fileupload-cover field-cover\"><span class=\"sub-label-\"><span class=\"main-label\"><span >Ostatn\u00e9 pr\u00edlohy<\/span><\/span><span class=\"sub-label\"><\/span><\/span><div><span class=\"error\"><\/span><div class=\"button button-file fileupload-button\" data-placement=\"right\" data-toggle=\"tooltip\" tooltip=\"\" data-trigger=\"hover\" data-html=\"true\" data-original-title=\"\"><i class=\"icon-upload-cloud formcraft-icon\">cloud_upload<\/i><span >NAHRA\u0164 PR\u00cdLOHY<\/span><input type=\"file\" data-name-list=\"field154\" name=\"files\" multiple=\"multiple\" data-allow-extensions=\"*.*\" data-min-files=\"0\" data-max-files=\"5\" data-max-size=\"\"><\/div><\/div><\/label><\/div><\/div>\n\t\t\t\t\t\t\t\n\t\t\t\t\t\t<\/div><div data-identifier=\"field67\" data-index=\"8\" style=\"width: 100%\" class=\" form-element form-element-field67 options- form-element-8 default-false form-element-type-textarea is-required-false odd -handle\">\n\t\t\t\t\t\t\t<div class=\"form-element-html\"><div ><label class=\"textarea-cover field-cover \"><span class=\"sub-label-false\"><span class=\"main-label\"><span >Sprievodn\u00fd text<\/span><\/span><span class=\"sub-label\"><\/span><\/span><div><span class=\"error\"><\/span><textarea data-field-id=\"field67\" placeholder=\"\" class=\"validation-lenient\" name=\"field67\" value=\"\" rows=\"5\" data-min-char=\"\" data-max-char=\"\" data-is-required=\"false\" data-placement=\"right\" data-toggle=\"tooltip\" tooltip=\"\" data-trigger=\"focus\" data-html=\"true\" data-original-title=\"\" style=\"min-height: 110.4px\"><\/textarea><div class=\"count-false\"><span class=\"current-count\">0<\/span> \/ <span class=\"max-count \"><\/span><\/div><\/div><\/label><\/div><\/div>\n\t\t\t\t\t\t\t\n\t\t\t\t\t\t<\/div><div data-identifier=\"field132\" data-index=\"9\" style=\"width: 70%\" class=\" even form-element form-element-field132 options-false form-element-9 default-false form-element-type-checkbox is-required-true -handle\">\n\t\t\t\t\t\t\t<div class=\"form-element-html\"><div ><div class=\"images- checkbox-cover field-cover\"><span class=\"sub-label-false\"><span class=\"main-label\"><\/span><span class=\"sub-label\"><\/span><\/span><div data-placement=\"right\" data-toggle=\"tooltip\" tooltip=\"\" data-trigger=\"hover\" data-html=\"true\" data-original-title=\"\"><span class=\"error\"><\/span><label style=\"width:\" ><img alt=\"\"><input data-field-id=\"field132\" type=\"checkbox\" data-is-required=\"true\" name=\"field132[]\" value=\"*<a target=&quot;_blank&quot; href=&quot;https:\/\/lugera.sk\/jobs\/suhlas-so-spracuvanim-osobnych-udajov\/&quot;  ><span style=&quot;color: #666666; text-decoration: none;&quot;>S\u00fahlas\u00edm so spr\u00e1vou, sprac\u00favan\u00edm a uchov\u00e1van\u00edm osobn\u00fdch \u00fadajov spolo\u010dnos\u0165ou Lugera &amp; Makl\u00e9r spol. s r.o.<\/span><\/a>\" class=\"validation-lenient\"><span><span >*<\/span><a target=\"_blank\" href=\"https:\/\/lugera.sk\/jobs\/suhlas-so-spracuvanim-osobnych-udajov\/\" ><span>S\u00fahlas\u00edm so spr\u00e1vou, sprac\u00favan\u00edm a uchov\u00e1van\u00edm osobn\u00fdch \u00fadajov spolo\u010dnos\u0165ou Lugera &amp; Makl\u00e9r spol. s r.o.<\/span><\/a><\/span><\/label><\/div><\/div><\/div><\/div>\n\t\t\t\t\t\t\t\n\t\t\t\t\t\t<\/div><div data-identifier=\"field78\" data-index=\"10\" style=\"width: 30%\" class=\" form-element form-element-field78 options- form-element-10 default-false form-element-type-submit is-required-false odd -handle\">\n\t\t\t\t\t\t\t<div class=\"form-element-html\"><div ><div class=\"align-center wide-false submit-cover field-cover\"><button type=\"submit\" class=\"button submit-button\"><span class=\"text \">Odosla\u0165 \u017eivotopis<\/span><span class=\"spin-cover\"><i style=\"color:\" class=\"loading-icon icon-cog animate-spin\"><\/i><\/span><\/button><\/div><div class=\"submit-response \"><\/div><label ><input type=\"text\" class=\"required_field\" name=\"website\" autocomplete=\"maple-syrup-pot\"><\/label><\/div><\/div>\n\t\t\t\t\t\t\t\n\t\t\t\t\t\t<\/div>\n\t\t\t\t\t<\/div>\n\t\t\t\t<\/div><!-- end ngRepeat: page in Builder.FormElements track by $index -->\n\t\t\t<\/form>\n\t\t\t<div class=\"prev-next prev-next-1\" style=\"width: 800px; color: #666666; font-size: 100%; background: #ffffff\">\n\t\t\t\t<div>\n\t\t\t\t\t\n\t\t\t\t\t<span class=\"inactive page-prev \"><i class=\"formcraft-icon\">keyboard_arrow_left<\/i>Previous<\/span><\/div>\n\t\t\t\t<div>\n\t\t\t\t\t\n\t\t\t\t\t<span class=\"page-next \">Next<i class=\"formcraft-icon\">keyboard_arrow_right<\/i><\/span><\/div>\n\t\t\t<\/div>\n\t\t<\/div><\/div>\n<\/div><\/div><\/div><\/div><\/div><div class=\"vc_col-sm-2 wpb_column vc_column_container\"><div class=\"vc_column-inner\"><div class=\"wpb_wrapper\"><\/div><\/div><\/div><\/div><\/div><\/section>\n","protected":false},"excerpt":{"rendered":"Vypl\u0148te v\u00e1\u0161\u00a0\u017eivotopis a uch\u00e1dzajte sa o poz\u00edciu Pre uch\u00e1dzanie sa o zamestnanie pros\u00edm vypl\u0148te formul\u00e1r a za\u0161krtnite s\u00fahlas so spracovan\u00edm osobn\u00fdch \u00fadajov. 1 Step 1 Odvetvie *- v\u00fdber -Administrat\u00edvaAutomobilov\u00fd priemyselBankovn\u00edctvo a pois\u0165ovn\u00edctvoCh\u00e9mia a farm\u00e1ciaElektrotechnikaEnergetikaFinancie a \u00fa\u010dtovn\u00edctvoInforma\u010dn\u00e9 technol\u00f3gie a telekomunik\u00e1cieKvalita a kontrolaLogistika a transport\u013dudsk\u00e9 zdrojeMana\u017ementMarketing, reklama a m\u00e9di\u00e1ObchodPr\u00e1voSlu\u017ebyStavebn\u00edctvoStroj\u00e1rstvoV\u00fdrobaZdravotn\u00edctvoIn\u00e9 Regi\u00f3n *- v\u00fdber -Banskobystrick\u00fd krajBratislavsk\u00fd krajKo\u0161ick\u00fd krajNitriansky krajPre\u0161ovsk\u00fd...","protected":false},"author":1,"featured_media":0,"parent":0,"menu_order":0,"comment_status":"closed","ping_status":"closed","template":"","meta":{"footnotes":""},"class_list":["post-3613","page","type-page","status-publish","hentry"],"_links":{"self":[{"href":"https:\/\/lugera.sk\/jobs\/wp-json\/wp\/v2\/pages\/3613","targetHints":{"allow":["GET"]}}],"collection":[{"href":"https:\/\/lugera.sk\/jobs\/wp-json\/wp\/v2\/pages"}],"about":[{"href":"https:\/\/lugera.sk\/jobs\/wp-json\/wp\/v2\/types\/page"}],"author":[{"embeddable":true,"href":"https:\/\/lugera.sk\/jobs\/wp-json\/wp\/v2\/users\/1"}],"replies":[{"embeddable":true,"href":"https:\/\/lugera.sk\/jobs\/wp-json\/wp\/v2\/comments?post=3613"}],"version-history":[{"count":5,"href":"https:\/\/lugera.sk\/jobs\/wp-json\/wp\/v2\/pages\/3613\/revisions"}],"predecessor-version":[{"id":3686,"href":"https:\/\/lugera.sk\/jobs\/wp-json\/wp\/v2\/pages\/3613\/revisions\/3686"}],"wp:attachment":[{"href":"https:\/\/lugera.sk\/jobs\/wp-json\/wp\/v2\/media?parent=3613"}],"curies":[{"name":"wp","href":"https:\/\/api.w.org\/{rel}","templated":true}]}}