{"id":3598,"date":"2021-04-15T14:51:27","date_gmt":"2021-04-15T12:51:27","guid":{"rendered":"https:\/\/lugera.sk\/jobs\/?page_id=3598"},"modified":"2021-05-04T14:35:15","modified_gmt":"2021-05-04T12:35:15","slug":"kontaktujte-ma-vyber","status":"publish","type":"page","link":"https:\/\/lugera.sk\/jobs\/kontaktujte-ma-vyber\/","title":{"rendered":"Kontaktujte ma"},"content":{"rendered":"<section class=\"l-section wpb_row height_medium\"><div class=\"l-section-h i-cf\"><div class=\"g-cols vc_row via_flex valign_top type_default stacking_default\"><div class=\"vc_col-sm-12 wpb_column vc_column_container\"><div class=\"vc_column-inner\"><div class=\"wpb_wrapper\"><div class=\"wpb_text_column\"><div class=\"wpb_wrapper\"><h4 style=\"text-align: center;\">Dost\u00e1vajte inform\u00e1cie o aktu\u00e1lnych pracovn\u00fdch ponuk\u00e1ch vo va\u0161om okol\u00ed. Sta\u010d\u00ed n\u00e1m zanecha\u0165 v\u00e1\u0161 kontakt a my sa postar\u00e1me o to, aby v\u00e1m neu\u0161la \u017eiadna zauj\u00edmav\u00e1 poz\u00edcia. Mo\u017eno pr\u00e1ve pre v\u00e1s n\u00e1jdeme t\u00fa najlep\u0161iu pr\u00e1cu!!<\/h4>\n<\/div><\/div><\/div><\/div><\/div><\/div><\/div><\/section><section class=\"l-section wpb_row height_medium\"><div class=\"l-section-h i-cf\"><div class=\"g-cols vc_row via_flex valign_top type_default stacking_default\"><div class=\"vc_col-sm-2 wpb_column vc_column_container\"><div class=\"vc_column-inner\"><div class=\"wpb_wrapper\"><\/div><\/div><\/div><div class=\"vc_col-sm-8 wpb_column vc_column_container\"><div class=\"vc_column-inner\"><div class=\"wpb_wrapper\"><div class=\"wpb_text_column\"><div class=\"wpb_wrapper\"><div data-uniq='69f273e4c3315' class='uniq-69f273e4c3315 formcraft-css form-live align-left'><script> window.formcraftLogic = window.formcraftLogic || {}; window.formcraftLogic[5] = []; <\/script><div class=\"fc-pagination-cover fc-pagination-1\">\n\t\t\t\t<div class=\"fc-pagination width-100\">\n\t\t\t\t\t<!-- ngRepeat: page in Builder.FormElements track by $index --><div class=\"pagination-trigger \" data-index=\"0\">\n\t\t\t\t\t\t<span class=\"page-number\"><span >1<\/span><\/span>\n\t\t\t\t\t\t<span class=\"page-name \">Step 1<\/span>\n\t\t\t\t\t\t\n\t\t\t\t\t<\/div><!-- end ngRepeat: page in Builder.FormElements track by $index -->\n\t\t\t\t<\/div>\n\t\t\t<\/div>\n\t\t\t\n\t\t\t<style scoped=\"scoped\" >\n\t\t\t@media (max-width : 480px) {\n\t\t\t\t.fc_modal-dialog-5 .fc-pagination-cover .fc-pagination\n\t\t\t\t{\n\t\t\t\t\tbackground-color: #ffffff !important;\n\t\t\t\t}\n\t\t\t}\n\t\t\t\t\t\t.formcraft-css .fc-form.fc-form-5 .form-element .submit-cover .submit-button,\n\t\t\t.formcraft-css .fc-form.fc-form-5 .form-element .fileupload-cover .button-file,\n\t\t\t.formcraft-css .fc-form.fc-form-5 .form-element .field-cover .button,\n\t\t\t.formcraft-datepicker .ui-datepicker-header,\n\t\t\t.formcraft-datepicker .ui-datepicker-title\n\t\t\t{\n\t\t\t\tbackground: #f5c339;\n\t\t\t\tcolor: #000000;\n\t\t\t}\n\t\t\t.formcraft-datepicker td .ui-state-active,\n\t\t\t.formcraft-datepicker td .ui-state-hover,\n\t\t\t.formcraft-css .fc-form.fc-form-5 .form-element .slider-cover .ui-slider-range\n\t\t\t{\n\t\t\t\tbackground: #f5c339;\n\t\t\t}\n\t\t\t#ui-datepicker-div.formcraft-datepicker .ui-datepicker-header,\n\t\t\t.formcraft-css .fc-form .field-cover>div.full hr\n\t\t\t{\n\t\t\t\tborder-color: #d7ab32;\n\t\t\t}\n\t\t\t#ui-datepicker-div.formcraft-datepicker .ui-datepicker-prev:hover,\n\t\t\t#ui-datepicker-div.formcraft-datepicker .ui-datepicker-next:hover,\n\t\t\t#ui-datepicker-div.formcraft-datepicker select.ui-datepicker-month:hover,\n\t\t\t#ui-datepicker-div.formcraft-datepicker select.ui-datepicker-year:hover\n\t\t\t{\n\t\t\t\tbackground-color: #d7ab32;\n\t\t\t}\n\t\t\t.formcraft-css .fc-pagination>div.active .page-number,\n\t\t\t.formcraft-css .form-cover-builder .fc-pagination>div:first-child .page-number\n\t\t\t{\n\t\t\t\tbackground-color: #db3fa4;\n\t\t\t\tcolor: #000000;\n\t\t\t}\n\t\t\t#ui-datepicker-div.formcraft-datepicker table.ui-datepicker-calendar th,\n\t\t\t#ui-datepicker-div.formcraft-datepicker table.ui-datepicker-calendar td.ui-datepicker-today a,\n\t\t\t.formcraft-css .fc-form.fc-form-5 .form-element .star-cover label,\n\t\t\thtml .formcraft-css .fc-form.label-floating .form-element .field-cover.has-focus>span,\n\t\t\t.formcraft-css .fc-form.fc-form-5 .form-element .customText-cover a,\n\t\t\t.formcraft-css .prev-next>div span:hover\n\t\t\t{\n\t\t\t\tcolor: #f5c339;\n\t\t\t}\n\t\t\t.formcraft-css .fc-form.fc-form-5 .form-element .customText-cover a:hover\n\t\t\t{\n\t\t\t\tcolor: #d7ab32;\n\t\t\t}\n\t\t\thtml .formcraft-css .fc-form.fc-form-5.label-floating .form-element .field-cover > span\n\t\t\t{\n\t\t\t\tcolor: #666666;\n\t\t\t}\n\t\t\thtml .formcraft-css .fc-form .final-success .final-success-check {\n\t\t\t\tborder: 2px solid #666666;\n\t\t\t}\n\t\t\t.formcraft-css .fc-form.fc-form-5 .form-element .field-cover input[type=\"text\"],\n\t\t\t.formcraft-css .fc-form.fc-form-5 .form-element .field-cover input[type=\"email\"],\n\t\t\t.formcraft-css .fc-form.fc-form-5 .form-element .field-cover input[type=\"password\"],\n\t\t\t.formcraft-css .fc-form.fc-form-5 .form-element .field-cover input[type=\"tel\"],\n\t\t\t.formcraft-css .fc-form.fc-form-5 .form-element .field-cover textarea,\n\t\t\t.formcraft-css .fc-form.fc-form-5 .form-element .field-cover select,\n\t\t\t.formcraft-css .fc-form.fc-form-5 .form-element .field-cover .time-fields-cover,\n\t\t\t.formcraft-css .fc-form.fc-form-5 .form-element .field-cover .awesomplete ul\n\t\t\t{\n\t\t\t\tcolor: #777;\n\t\t\t}\n\t\t\t.formcraft-css .fc-form.fc-form-5 .form-element .field-cover input[type=\"text\"],\n\t\t\t.formcraft-css .fc-form.fc-form-5 .form-element .field-cover input[type=\"password\"],\n\t\t\t.formcraft-css .fc-form.fc-form-5 .form-element .field-cover input[type=\"email\"],\n\t\t\t.formcraft-css .fc-form.fc-form-5 .form-element .field-cover input[type=\"radio\"],\n\t\t\t.formcraft-css .fc-form.fc-form-5 .form-element .field-cover input[type=\"checkbox\"],\n\t\t\t.formcraft-css .fc-form.fc-form-5 .form-element .field-cover input[type=\"tel\"],\n\t\t\t.formcraft-css .fc-form.fc-form-5 .form-element .field-cover select,\n\t\t\t.formcraft-css .fc-form.fc-form-5 .form-element .field-cover textarea\n\t\t\t{\n\t\t\t\tbackground-color: #fafafa;\n\t\t\t}\n\t\t\t.formcraft-css .fc-form.fc-form-5 .form-element .field-cover input[type=\"radio\"]:checked,\n\t\t\t.formcraft-css .fc-form.fc-form-5 .form-element .field-cover input[type=\"checkbox\"]:checked {\n\t\t\t\tborder-color: #d7ab32;\n\t\t\t\tbackground: #f5c339;\t\t\t\t\n\t\t\t}\n\t\t\t.formcraft-css .fc-form.fc-form-5 .form-element .star-cover label .star\n\t\t\t{\n\t\t\t\ttext-shadow: 0px 1px 0px #d7ab32;\n\t\t\t}\n\t\t\t.formcraft-css .fc-form.fc-form-5 .form-element .slider-cover .ui-slider-range\n\t\t\t{\n\t\t\t\tbox-shadow: 0px 1px 1px #d7ab32 inset;\n\t\t\t}\n\t\t\t.formcraft-css .fc-form.fc-form-5 .form-element .fileupload-cover .button-file\n\t\t\t{\n\t\t\t\tborder-color: #d7ab32;\n\t\t\t}\n\t\t\t.formcraft-css .fc-form.fc-form-5 .form-element .form-element-html input[type=\"password\"]:focus,\n\t\t\t.formcraft-css .fc-form.fc-form-5 .form-element .form-element-html input[type=\"email\"]:focus,\n\t\t\t.formcraft-css .fc-form.fc-form-5 .form-element .form-element-html input[type=\"tel\"]:focus,\n\t\t\t.formcraft-css .fc-form.fc-form-5 .form-element .form-element-html input[type=\"text\"]:focus,\n\t\t\t.formcraft-css .fc-form.fc-form-5 .form-element .form-element-html textarea:focus,\n\t\t\t.formcraft-css .fc-form.fc-form-5 .form-element .form-element-html select:focus\n\t\t\t{\n\t\t\t\tborder-color: #f5c339;\n\t\t\t}\n\t\t\t.formcraft-css .fc-form.fc-form-5 .form-element .form-element-html .field-cover .is-read-only:focus {\n\t\t\t\tborder-color: #ccc;\n\t\t\t}\n\t\t\t.formcraft-css .fc-form.fc-form-5\t\t\t{\n\t\t\t\tfont-family: inherit;\n\t\t\t}\n\t\t\t@media (max-width : 480px) {\n\t\t\t\thtml .dedicated-page,\n\t\t\t\thtml .dedicated-page .formcraft-css .fc-pagination > div.active\n\t\t\t\t{\n\t\t\t\t\tbackground: #ffffff;\n\t\t\t\t}\n\t\t\t}\n\t\t<\/style>\n\t\t<div class=\"form-cover\">\n\t\t\t<form data-auto-scroll=\"\" data-no-message-redirect=\"\" data-thousand=\"\" data-decimal=\".\" data-delay=\"0\" data-id=\"5\" class=\"fc-form fc-form-5 align- fc-temp-class save-form- dont-submit-hidden- icons-hide- disable-enter- label-inline field-border-visible frame-visible remove-asterisk-true field-alignment-left\" style=\"width: 800px; color: #666666; font-size: 100%; background: #ffffff\">\n\t\t\t\t<!-- ngRepeat: page in Builder.FormElements track by $index --><div class=\"form-page form-page-0\" data-index=\"0\">\n\t\t\t\t\t\n\t\t\t\t\t<div class=\"form-page-content      ng-not-empty\">\n\t\t\t\t\t\t<div data-identifier=\"field1\" data-index=\"0\" style=\"width: 100%\" class=\" form-element form-element-field1 options- form-element-0 default-false form-element-type-heading is-required-false odd -handle\">\n\t\t\t\t\t\t\t<div class=\"form-element-html\"><div ><div style=\"background-color: #ffffff\" class=\"heading-cover field-cover \"><div style=\"text-align: left; font-size: 1.5em; padding-top: ; padding-bottom: ; color: #e90e8b\" class=\"bold-\"><span >M\u00c1M Z\u00c1UJEM O PRACOVN\u00c9 PONUKY<\/span><\/div><input type=\"hidden\" data-field-id=\"field1\" name=\"field1[]\" value=\"M\u00c1M Z\u00c1UJEM O PRACOVN\u00c9 PONUKY\"><\/div><\/div><\/div>\n\t\t\t\t\t\t\t\n\t\t\t\t\t\t<\/div><div data-identifier=\"field157\" data-index=\"1\" style=\"width: 100%\" class=\" even form-element form-element-field157 options-true form-element-1 default-false form-element-type-dropdown is-required-true -handle\">\n\t\t\t\t\t\t\t<div class=\"form-element-html\"><div ><label class=\"dropdown-cover field-cover autocomplete-type- \"><span class=\"sub-label-false\"><span class=\"main-label\"><span >Odvetvie *<\/span><\/span><span class=\"sub-label\"><\/span><\/span><div><span class=\"error\"><\/span><select data-is-required=\"true\" class=\"validation-lenient\" data-field-id=\"field157\" name=\"field157\" data-placement=\"right\" data-toggle=\"tooltip\" tooltip=\"\" data-trigger=\"hover\" data-html=\"true\" data-original-title=\"\"><option value=\"\" class=\" \">- v\u00fdber -<\/option><option value=\"10\" class=\" \">Administrat\u00edva<\/option><option value=\"11\" class=\" \">Automobilov\u00fd priemysel<\/option><option value=\"12\" class=\" \">Bankovn\u00edctvo a pois\u0165ovn\u00edctvo<\/option><option value=\"16\" class=\" \">Ch\u00e9mia a farm\u00e1cia<\/option><option value=\"13\" class=\" \">Elektrotechnika<\/option><option value=\"14\" class=\" \">Energetika<\/option><option value=\"15\" class=\" \">Financie a \u00fa\u010dtovn\u00edctvo<\/option><option value=\"17\" class=\" \">Informa\u010dn\u00e9 technol\u00f3gie a telekomunik\u00e1cie<\/option><option value=\"18\" class=\" \">Kvalita a kontrola<\/option><option value=\"19\" class=\" \">Logistika a transport<\/option><option value=\"20\" class=\" \">\u013dudsk\u00e9 zdroje<\/option><option value=\"21\" class=\" \">Mana\u017ement<\/option><option value=\"22\" class=\" \">Marketing, reklama a m\u00e9di\u00e1<\/option><option value=\"23\" class=\" \">Obchod<\/option><option value=\"24\" class=\" \">Pr\u00e1vo<\/option><option value=\"25\" class=\" \">Slu\u017eby<\/option><option value=\"26\" class=\" \">Stavebn\u00edctvo<\/option><option value=\"27\" class=\" \">Stroj\u00e1rstvo<\/option><option value=\"28\" class=\" \">V\u00fdroba<\/option><option value=\"29\" class=\" \">Zdravotn\u00edctvo<\/option><option value=\"30\" class=\" \">In\u00e9<\/option><\/select><input type=\"text\"><\/div><\/label><\/div><\/div>\n\t\t\t\t\t\t\t\n\t\t\t\t\t\t<\/div><div data-identifier=\"field158\" data-index=\"2\" style=\"width: 100%\" class=\" form-element form-element-field158 options-false form-element-2 default-false form-element-type-dropdown is-required-true odd -handle\">\n\t\t\t\t\t\t\t<div class=\"form-element-html\"><div ><label class=\"dropdown-cover field-cover autocomplete-type- \"><span class=\"sub-label-false\"><span class=\"main-label\"><span >Regi\u00f3n *<\/span><\/span><span class=\"sub-label\"><\/span><\/span><div><span class=\"error\"><\/span><select data-is-required=\"true\" class=\"validation-lenient\" data-field-id=\"field158\" name=\"field158\" data-placement=\"right\" data-toggle=\"tooltip\" tooltip=\"\" data-trigger=\"hover\" data-html=\"true\" data-original-title=\"\"><option value=\"\" class=\" \">- v\u00fdber -<\/option><option value=\"1\" class=\" \">Banskobystrick\u00fd kraj<\/option><option value=\"2\" class=\" \">Bratislavsk\u00fd kraj<\/option><option value=\"3\" class=\" \">Ko\u0161ick\u00fd kraj<\/option><option value=\"4\" class=\" \">Nitriansky kraj<\/option><option value=\"5\" class=\" \">Pre\u0161ovsk\u00fd kraj<\/option><option value=\"6\" class=\" \">Tren\u010diansky kraj<\/option><option value=\"7\" class=\" \">Trnavsk\u00fd kraj<\/option><option value=\"8\" class=\" \">\u017dilinsk\u00fd kraj<\/option><\/select><input type=\"text\"><\/div><\/label><\/div><\/div>\n\t\t\t\t\t\t\t\n\t\t\t\t\t\t<\/div><div data-identifier=\"field156\" data-index=\"3\" style=\"width: 100%\" class=\" even form-element form-element-field156 options- form-element-3 default-false form-element-type-heading is-required-false -handle\">\n\t\t\t\t\t\t\t<div class=\"form-element-html\"><div ><div style=\"background-color: #ffffff\" class=\"heading-cover field-cover \"><div style=\"text-align: left; font-size: 1.5em; padding-top: ; padding-bottom: ; color: #e90e8b\" class=\"bold-\"><span >KONTAKTN\u00c9 \u00daDAJE<\/span><\/div><input type=\"hidden\" data-field-id=\"field156\" name=\"field156[]\" value=\"KONTAKTN\u00c9 \u00daDAJE\"><\/div><\/div><\/div>\n\t\t\t\t\t\t\t\n\t\t\t\t\t\t<\/div><div data-identifier=\"field2\" data-index=\"4\" style=\"width: 100%\" class=\" form-element form-element-field2 options- form-element-4 default-false form-element-type-oneLineText is-required-true odd -handle\">\n\t\t\t\t\t\t\t<div class=\"form-element-html\"><div ><label class=\"oneLineText-cover field-cover \"><span class=\"sub-label-false\"><span class=\"main-label\"><span >Meno *<\/span><\/span><span class=\"sub-label\"><\/span><\/span><div><span class=\"error\"><\/span><input type=\"text\" placeholder=\"\" make-read-only=\"\" data-field-id=\"field2\" name=\"field2[]\" data-min-char=\"\" data-max-char=\"\" data-val-type=\"\" data-regexp=\"\" data-is-required=\"true\" data-allow-spaces=\"\" class=\"validation-lenient\" data-placement=\"right\" data-toggle=\"tooltip\" tooltip=\"\" data-trigger=\"focus\" data-html=\"true\" data-input-mask=\"\" data-mask-placeholder=\"\" data-original-title=\"\"><i class=\"formcraft-icon formcraft-icon-type-no-icon\">no-icon<\/i><\/div><\/label><\/div><\/div>\n\t\t\t\t\t\t\t\n\t\t\t\t\t\t<\/div><div data-identifier=\"field3\" data-index=\"5\" style=\"width: 100%\" class=\" even form-element form-element-field3 options- form-element-5 default-false form-element-type-oneLineText is-required-true -handle\">\n\t\t\t\t\t\t\t<div class=\"form-element-html\"><div ><label class=\"oneLineText-cover field-cover \"><span class=\"sub-label-false\"><span class=\"main-label\"><span >Priezvisko *<\/span><\/span><span class=\"sub-label\"><\/span><\/span><div><span class=\"error\"><\/span><input type=\"text\" placeholder=\"\" make-read-only=\"\" data-field-id=\"field3\" name=\"field3[]\" data-min-char=\"\" data-max-char=\"\" data-val-type=\"\" data-regexp=\"\" data-is-required=\"true\" data-allow-spaces=\"\" class=\"validation-lenient\" data-placement=\"right\" data-toggle=\"tooltip\" tooltip=\"\" data-trigger=\"focus\" data-html=\"true\" data-input-mask=\"\" data-mask-placeholder=\"\" data-original-title=\"\"><i class=\"formcraft-icon formcraft-icon-type-no-icon\">no-icon<\/i><\/div><\/label><\/div><\/div>\n\t\t\t\t\t\t\t\n\t\t\t\t\t\t<\/div><div data-identifier=\"field4\" data-index=\"6\" style=\"width: 100%\" class=\" form-element form-element-field4 options- form-element-6 default-false form-element-type-oneLineText is-required-true odd -handle\">\n\t\t\t\t\t\t\t<div class=\"form-element-html\"><div ><label class=\"oneLineText-cover field-cover \"><span class=\"sub-label-false\"><span class=\"main-label\"><span >Aktu\u00e1lna poz\u00edcia *<\/span><\/span><span class=\"sub-label\"><\/span><\/span><div><span class=\"error\"><\/span><input type=\"text\" placeholder=\"\" make-read-only=\"\" data-field-id=\"field4\" name=\"field4[]\" data-min-char=\"\" data-max-char=\"\" data-val-type=\"\" data-regexp=\"(^d{6,12}$)|(^d{1,3}\/d{1,8}$)|(^+d{6,12}$)(^d{6,12}$)|(^d{1,3}\/d{1,8}$)|(^+d{6,12}$)|(^+d{3}? ?d{3} ?d{3} ?d{3}$)\" data-is-required=\"true\" data-allow-spaces=\"\" class=\"validation-lenient\" data-placement=\"right\" data-toggle=\"tooltip\" tooltip=\"\" data-trigger=\"focus\" data-html=\"true\" data-input-mask=\"\" data-mask-placeholder=\"\" data-original-title=\"\"><i class=\"formcraft-icon formcraft-icon-type-no-icon\">no-icon<\/i><\/div><\/label><\/div><\/div>\n\t\t\t\t\t\t\t\n\t\t\t\t\t\t<\/div><div data-identifier=\"field155\" data-index=\"7\" style=\"width: 100%\" class=\" even form-element form-element-field155 options-true form-element-7 default-false form-element-type-oneLineText is-required-true -handle\">\n\t\t\t\t\t\t\t<div class=\"form-element-html\"><div ><label class=\"oneLineText-cover field-cover \"><span class=\"sub-label-false\"><span class=\"main-label\"><span >Telef\u00f3n *<\/span><\/span><span class=\"sub-label\"><\/span><\/span><div><span class=\"error\"><\/span><input type=\"text\" placeholder=\"\" make-read-only=\"\" data-field-id=\"field155\" name=\"field155[]\" data-min-char=\"10\" data-max-char=\"16\" data-val-type=\"regexp\" data-regexp=\"\" data-is-required=\"true\" data-allow-spaces=\"\" class=\"validation-lenient\" data-placement=\"right\" data-toggle=\"tooltip\" tooltip=\"\" data-trigger=\"focus\" data-html=\"true\" data-input-mask=\"\" data-mask-placeholder=\"\" data-original-title=\"\"><i class=\"formcraft-icon formcraft-icon-type-phone_android\">phone_android<\/i><\/div><\/label><\/div><\/div>\n\t\t\t\t\t\t\t\n\t\t\t\t\t\t<\/div><div data-identifier=\"field6\" data-index=\"8\" style=\"width: 100%\" class=\" form-element form-element-field6 options- form-element-8 default-false form-element-type-email is-required-true odd -handle\">\n\t\t\t\t\t\t\t<div class=\"form-element-html\"><div ><label class=\"email-cover field-cover \"><span class=\"sub-label-true\"><span class=\"main-label\"><span >Email *<\/span><\/span><span class=\"sub-label\"><\/span><\/span><div><span class=\"error\"><\/span><input placeholder=\"\" data-field-id=\"field6\" type=\"text\" data-val-type=\"email\" make-read-only=\"\" data-is-required=\"true\" name=\"field6\" class=\"validation-lenient\" data-placement=\"right\" data-toggle=\"tooltip\" tooltip=\"\" data-trigger=\"focus\" data-html=\"true\" data-original-title=\"\"><i class=\"formcraft-icon\">email<\/i><\/div><\/label><\/div><\/div>\n\t\t\t\t\t\t\t\n\t\t\t\t\t\t<\/div><div data-identifier=\"field67\" data-index=\"9\" style=\"width: 100%\" class=\" even form-element form-element-field67 options- form-element-9 default-false form-element-type-textarea is-required-false -handle\">\n\t\t\t\t\t\t\t<div class=\"form-element-html\"><div ><label class=\"textarea-cover field-cover \"><span class=\"sub-label-false\"><span class=\"main-label\"><span >Inform\u00e1cia pre n\u00e1s<\/span><\/span><span class=\"sub-label\"><\/span><\/span><div><span class=\"error\"><\/span><textarea data-field-id=\"field67\" placeholder=\"\" class=\"validation-lenient\" name=\"field67\" value=\"\" rows=\"5\" data-min-char=\"\" data-max-char=\"\" data-is-required=\"false\" data-placement=\"right\" data-toggle=\"tooltip\" tooltip=\"\" data-trigger=\"focus\" data-html=\"true\" data-original-title=\"\" style=\"min-height: 110.4px\"><\/textarea><div class=\"count-false\"><span class=\"current-count\">0<\/span> \/ <span class=\"max-count \"><\/span><\/div><\/div><\/label><\/div><\/div>\n\t\t\t\t\t\t\t\n\t\t\t\t\t\t<\/div><div data-identifier=\"field160\" data-index=\"10\" style=\"width: 100%\" class=\" form-element form-element-field160 options- form-element-10 default-false form-element-type-checkbox is-required-true odd -handle\">\n\t\t\t\t\t\t\t<div class=\"form-element-html\"><div ><div class=\"images- checkbox-cover field-cover\"><span class=\"sub-label-false\"><span class=\"main-label\"><\/span><span class=\"sub-label\"><\/span><\/span><div data-placement=\"right\" data-toggle=\"tooltip\" tooltip=\"\" data-trigger=\"hover\" data-html=\"true\" data-original-title=\"\"><span class=\"error\"><\/span><label style=\"width:\" ><img alt=\"\"><input data-field-id=\"field160\" type=\"checkbox\" data-is-required=\"true\" name=\"field160[]\" value=\"Odoslan\u00edm formul\u00e1ra beriem na vedomie, \u017ee moje osobn\u00e9 \u00fadaje v \u0148om uveden\u00e9 bud\u00fa pou\u017eit\u00e9 iba za \u00fa\u010delom organiza\u010dn\u00e9ho zabezpe\u010denia mojej po\u017eiadavky a po jej naplnen\u00ed bud\u00fa vymazan\u00e9 z informa\u010dn\u00e9ho syst\u00e9mu spolo\u010dnosti Lugera &amp; Makl\u00e9r spol. s r.o.\" class=\"validation-lenient\"><span><span >Odoslan\u00edm formul\u00e1ra beriem na vedomie, \u017ee moje osobn\u00e9 \u00fadaje v \u0148om uveden\u00e9 bud\u00fa pou\u017eit\u00e9 iba za \u00fa\u010delom organiza\u010dn\u00e9ho zabezpe\u010denia mojej po\u017eiadavky a po jej naplnen\u00ed bud\u00fa vymazan\u00e9 z informa\u010dn\u00e9ho syst\u00e9mu spolo\u010dnosti Lugera &amp; Makl\u00e9r spol. s r.o.<\/span><\/span><\/label><\/div><\/div><\/div><\/div>\n\t\t\t\t\t\t\t\n\t\t\t\t\t\t<\/div><div data-identifier=\"field78\" data-index=\"11\" style=\"width: 100%\" class=\" even form-element form-element-field78 options- form-element-11 default-false form-element-type-submit is-required-false -handle\">\n\t\t\t\t\t\t\t<div class=\"form-element-html\"><div ><div class=\"align-center wide-false submit-cover field-cover\"><button type=\"submit\" class=\"button submit-button\"><span class=\"text \">Odosla\u0165 \u017eiados\u0165<\/span><span class=\"spin-cover\"><i style=\"color:\" class=\"loading-icon icon-cog animate-spin\"><\/i><\/span><\/button><\/div><div class=\"submit-response \"><\/div><label ><input type=\"text\" class=\"required_field\" name=\"website\" autocomplete=\"maple-syrup-pot\"><\/label><\/div><\/div>\n\t\t\t\t\t\t\t\n\t\t\t\t\t\t<\/div>\n\t\t\t\t\t<\/div>\n\t\t\t\t<\/div><!-- end ngRepeat: page in Builder.FormElements track by $index -->\n\t\t\t<\/form>\n\t\t\t<div class=\"prev-next prev-next-1\" style=\"width: 800px; color: #666666; font-size: 100%; background: #ffffff\">\n\t\t\t\t<div>\n\t\t\t\t\t\n\t\t\t\t\t<span class=\"inactive page-prev \"><i class=\"formcraft-icon\">keyboard_arrow_left<\/i>Previous<\/span><\/div>\n\t\t\t\t<div>\n\t\t\t\t\t\n\t\t\t\t\t<span class=\"page-next \">Next<i class=\"formcraft-icon\">keyboard_arrow_right<\/i><\/span><\/div>\n\t\t\t<\/div>\n\t\t<\/div><\/div>\n<\/div><\/div><\/div><\/div><\/div><div class=\"vc_col-sm-2 wpb_column vc_column_container\"><div class=\"vc_column-inner\"><div class=\"wpb_wrapper\"><\/div><\/div><\/div><\/div><\/div><\/section>\n","protected":false},"excerpt":{"rendered":"Dost\u00e1vajte inform\u00e1cie o aktu\u00e1lnych pracovn\u00fdch ponuk\u00e1ch vo va\u0161om okol\u00ed. Sta\u010d\u00ed n\u00e1m zanecha\u0165 v\u00e1\u0161 kontakt a my sa postar\u00e1me o to, aby v\u00e1m neu\u0161la \u017eiadna zauj\u00edmav\u00e1 poz\u00edcia. Mo\u017eno pr\u00e1ve pre v\u00e1s n\u00e1jdeme t\u00fa najlep\u0161iu pr\u00e1cu!! 1 Step 1 M\u00c1M Z\u00c1UJEM O PRACOVN\u00c9 PONUKY Odvetvie *- v\u00fdber -Administrat\u00edvaAutomobilov\u00fd priemyselBankovn\u00edctvo a pois\u0165ovn\u00edctvoCh\u00e9mia a farm\u00e1ciaElektrotechnikaEnergetikaFinancie a \u00fa\u010dtovn\u00edctvoInforma\u010dn\u00e9 technol\u00f3gie a...","protected":false},"author":1,"featured_media":0,"parent":0,"menu_order":0,"comment_status":"closed","ping_status":"closed","template":"","meta":{"footnotes":""},"class_list":["post-3598","page","type-page","status-publish","hentry"],"_links":{"self":[{"href":"https:\/\/lugera.sk\/jobs\/wp-json\/wp\/v2\/pages\/3598","targetHints":{"allow":["GET"]}}],"collection":[{"href":"https:\/\/lugera.sk\/jobs\/wp-json\/wp\/v2\/pages"}],"about":[{"href":"https:\/\/lugera.sk\/jobs\/wp-json\/wp\/v2\/types\/page"}],"author":[{"embeddable":true,"href":"https:\/\/lugera.sk\/jobs\/wp-json\/wp\/v2\/users\/1"}],"replies":[{"embeddable":true,"href":"https:\/\/lugera.sk\/jobs\/wp-json\/wp\/v2\/comments?post=3598"}],"version-history":[{"count":7,"href":"https:\/\/lugera.sk\/jobs\/wp-json\/wp\/v2\/pages\/3598\/revisions"}],"predecessor-version":[{"id":3605,"href":"https:\/\/lugera.sk\/jobs\/wp-json\/wp\/v2\/pages\/3598\/revisions\/3605"}],"wp:attachment":[{"href":"https:\/\/lugera.sk\/jobs\/wp-json\/wp\/v2\/media?parent=3598"}],"curies":[{"name":"wp","href":"https:\/\/api.w.org\/{rel}","templated":true}]}}