{"id":2875,"date":"2020-11-25T10:15:58","date_gmt":"2020-11-25T09:15:58","guid":{"rendered":"http:\/\/lugera.sk\/jobs\/?page_id=2875"},"modified":"2020-11-25T10:15:58","modified_gmt":"2020-11-25T09:15:58","slug":"kosicky-kraj","status":"publish","type":"page","link":"https:\/\/lugera.sk\/jobs\/kraje\/kosicky-kraj\/","title":{"rendered":"Ko\u0161ick\u00fd kraj"},"content":{"rendered":"<section class=\"l-section wpb_row kraj height_medium\"><div class=\"l-section-h i-cf\"><div class=\"g-cols vc_row via_flex valign_top type_default stacking_default\"><div class=\"vc_col-sm-12 wpb_column vc_column_container\"><div class=\"vc_column-inner\"><div class=\"wpb_wrapper\">\r\n<div class=\"wpjbx wpjb-page-index\">\r\n\r\n    \r\n        \r\n\r\n            <div class=\"wpjb-job-list wpjb-grid row\">\r\n                                                            \n<div class=\"col-md-12\">\n\t<div class=\"card card-listing\" style=\"margin-bottom: 2rem;\">\n\t\t<div class=\" card-content\">\n\t\t\t<div class=\"row text-center\">\n\t\t\t\t<div class=\"col-md-2\">\n\t\t\t\n\t\t\t\t\t\t\t<img decoding=\"async\" class=\"img-fluid\" src=\"https:\/\/lugera.sk\/jobs\/lugera-logo-avatar-100.jpg\" \n\t\t\t\t\t\t\talt=\"Lugera &amp; Makl\u00e9r spol. s r.o.\" style=\"max-width: 100px;\">\n\t\t\t\t\t\n\t\t\t\t<\/div>\n\t\t\t\t<div class=\"col-md-10\">\n\t\t\t\t\t<h3 class=\"card-title h3 mb-3\">\n\t\t\t\t\t\t<a href=\" https:\/\/lugera.sk\/jobs\/job\/konstrukter-vyrobnych-liniek-autodesk-inventor-29673\/\">Kon\u0161trukt\u00e9r v\u00fdrobn\u00fdch liniek (Autodesk Inventor) !<\/a>\n\t\t\t\t\t<\/h3>\n\t\t\t\t\t<p class=\"text-muted mt-1 mb-0\"><small>Aktualizovan\u00e9: 2026-04-30<\/small><\/p>\n\t\t\t\t<\/div>\n\t\t\t<\/div>\n\t\t\t<hr>\n\t\t\t<div class=\"row text-center\">\r\n\t<div class=\"col-md-12\">\r\n\r\n\r\n\t\t\t\t\t\t<a href=\"https:\/\/lugera.sk\/jobs\/volne-pracovne-miesta\/category\/strojarstvo\/\" class=\"btn  btn-sm btn-white  border-color-fuchsia\"><i class=\"fas fas fa-cogs\"><\/i>\r\n\t\t\t\t\t&nbsp;Stroj\u00e1rstvo <\/a>\r\n\t\t\t\t\t\t<a href=\"https:\/\/lugera.sk\/jobs\/volne-pracovne-miesta\/category\/stavebnictvo\/\" class=\"btn  btn-sm btn-white  border-color-fuchsia\"><i class=\"fas far fa-building\"><\/i>\r\n\t\t\t\t\t&nbsp;Stavebn\u00edctvo <\/a>\r\n\t\t\t\t<a href=\"https:\/\/lugera.sk\/jobs\/ponuka-prace\/?state=Ko%C5%A1ick%C3%BD+kraj\" class=\"btn  btn-sm btn-white  border-color-fuchsia\"><i class=\"fas fa-map-marker-alt\"><\/i>\r\n\t\t\t&nbsp;Ko\u0161ick\u00fd kraj <\/a>\r\n\r\n\r\n\t<\/div>\r\n<\/div>\t\t\t<div class=\"row text-center\">\n\t\t\t\t<div class=\"description\">\n\t\t\t\t\tRadi by sme pon\u00fakli poz\u00edciu pre <b>Kon\u0161trukt\u00e9ra s praxou v Inventore<\/b>, ktor\u00fd sa chce venova\u0165 technicky zauj\u00edmav\u00fdm projektom dod\u00e1vok v\u00fdrobn\u00fdch liniek a zariaden\u00ed pre priemysel. Realizujeme komplexn\u00e9 projekty od n\u00e1vrhu a\u017e po in\u0161tal\u00e1ciu u v\u00fdznamn\u00fdch priemyseln\u00fdch z\u00e1kazn\u00edkov. N\u00e1pl\u0148 pr\u00e1ce bude\u0161 ako sk\u00fasen\u00fd kon\u0161trukt\u00e9r ur\u010dite pozna\u0165: n\u00e1vrh v\u00fdrobn\u00fdch liniek, jedno\u00fa\u010delov\u00fdch strojov, dopravn\u00edkov ako aj\t\t\t\t<\/div>\n\t\t\t<\/div>\n\n\t\t\t<div class=\"row text-center\">\n\t\t\t\t<div class=\"col-md-12\">\n\t\t\t\t\t<a href=\"https:\/\/lugera.sk\/jobs\/job\/konstrukter-vyrobnych-liniek-autodesk-inventor-29673\/\" class=\"btn btn-sm btn-rose btn-round \"><span>\n\t\t\t\t\t\t\t<img decoding=\"async\" id=\"lion-before-position2\" src=\"https:\/\/lugera.sk\/jobs\/lion.png\"> Zisti\u0165 viac <\/span><\/a>\n\t\t\t\t<\/div>\n\t\t\t<\/div>\n\n\n\t\t<\/div>\n\t<\/div>\n<\/div>\n                                                \n<div class=\"col-md-12\">\n\t<div class=\"card card-listing\" style=\"margin-bottom: 2rem;\">\n\t\t<div class=\" card-content\">\n\t\t\t<div class=\"row text-center\">\n\t\t\t\t<div class=\"col-md-2\">\n\t\t\t\n\t\t\t\t\t\t\t<img decoding=\"async\" class=\"img-fluid\" src=\"https:\/\/lugera.sk\/jobs\/lugera-logo-avatar-100.jpg\" \n\t\t\t\t\t\t\talt=\"Lugera &amp; Makl\u00e9r spol. s r.o.\" style=\"max-width: 100px;\">\n\t\t\t\t\t\n\t\t\t\t<\/div>\n\t\t\t\t<div class=\"col-md-10\">\n\t\t\t\t\t<h3 class=\"card-title h3 mb-3\">\n\t\t\t\t\t\t<a href=\" https:\/\/lugera.sk\/jobs\/job\/obchodny-zastupca-b2b-segment-29681\/\">Obchodn\u00fd z\u00e1stupca - B2B segment<\/a>\n\t\t\t\t\t<\/h3>\n\t\t\t\t\t<p class=\"text-muted mt-1 mb-0\"><small>Aktualizovan\u00e9: 2026-04-30<\/small><\/p>\n\t\t\t\t<\/div>\n\t\t\t<\/div>\n\t\t\t<hr>\n\t\t\t<div class=\"row text-center\">\r\n\t<div class=\"col-md-12\">\r\n\r\n\r\n\t\t\t\t\t\t<a href=\"https:\/\/lugera.sk\/jobs\/volne-pracovne-miesta\/category\/obchod\/\" class=\"btn  btn-sm btn-white  border-color-fuchsia\"><i class=\"fas fas fa-business-time\"><\/i>\r\n\t\t\t\t\t&nbsp;Obchod <\/a>\r\n\t\t\t\t<a href=\"https:\/\/lugera.sk\/jobs\/ponuka-prace\/?state=Ko%C5%A1ick%C3%BD+kraj\" class=\"btn  btn-sm btn-white  border-color-fuchsia\"><i class=\"fas fa-map-marker-alt\"><\/i>\r\n\t\t\t&nbsp;Ko\u0161ick\u00fd kraj <\/a>\r\n\r\n\r\n\t<\/div>\r\n<\/div>\t\t\t<div class=\"row text-center\">\n\t\t\t\t<div class=\"description\">\n\t\t\t\t\t Do stabilnej a dlhodobo etablovanej spolo\u010dnosti h\u013ead\u00e1me obchodne zdatn\u00e9ho \u010dloveka pre B2B segment v oblasti vybavenia pre akt\u00edvny \u017eivotn\u00fd \u0161t\u00fdl \u2013 od rie\u0161en\u00ed pre prepravu \u0161portov\u00e9ho a cestovn\u00e9ho vybavenia a\u017e po rast\u00faci segment karavaningu a kempingu.  N\u00e1\u0161 klient, pre ktor\u00e9ho poz\u00edciu obsadzujeme, na trhu p\u00f4sob\u00ed roky a m\u00e1 vybudovan\u00e9 siln\u00e9 vz\u0165ahy s partnermi, na ktor\u00fdch si zaklad\u00e1. Kancel\u00e1ria klienta\t\t\t\t<\/div>\n\t\t\t<\/div>\n\n\t\t\t<div class=\"row text-center\">\n\t\t\t\t<div class=\"col-md-12\">\n\t\t\t\t\t<a href=\"https:\/\/lugera.sk\/jobs\/job\/obchodny-zastupca-b2b-segment-29681\/\" class=\"btn btn-sm btn-rose btn-round \"><span>\n\t\t\t\t\t\t\t<img decoding=\"async\" id=\"lion-before-position2\" src=\"https:\/\/lugera.sk\/jobs\/lion.png\"> Zisti\u0165 viac <\/span><\/a>\n\t\t\t\t<\/div>\n\t\t\t<\/div>\n\n\n\t\t<\/div>\n\t<\/div>\n<\/div>\n                                                \n<div class=\"col-md-12\">\n\t<div class=\"card card-listing\" style=\"margin-bottom: 2rem;\">\n\t\t<div class=\" card-content\">\n\t\t\t<div class=\"row text-center\">\n\t\t\t\t<div class=\"col-md-2\">\n\t\t\t\n\t\t\t\t\t\t\t<img decoding=\"async\" class=\"img-fluid\" src=\"https:\/\/lugera.sk\/jobs\/lugera-logo-avatar-100.jpg\" \n\t\t\t\t\t\t\talt=\"Lugera &amp; Makl\u00e9r spol. s r.o.\" style=\"max-width: 100px;\">\n\t\t\t\t\t\n\t\t\t\t<\/div>\n\t\t\t\t<div class=\"col-md-10\">\n\t\t\t\t\t<h3 class=\"card-title h3 mb-3\">\n\t\t\t\t\t\t<a href=\" https:\/\/lugera.sk\/jobs\/job\/energetik-s-moznostou-home-office-po-zauceni-29592\/\">Energetik (s mo\u017enos\u0165ou home office po zau\u010den\u00ed)<\/a>\n\t\t\t\t\t<\/h3>\n\t\t\t\t\t<p class=\"text-muted mt-1 mb-0\"><small>Aktualizovan\u00e9: 2026-04-30<\/small><\/p>\n\t\t\t\t<\/div>\n\t\t\t<\/div>\n\t\t\t<hr>\n\t\t\t<div class=\"row text-center\">\r\n\t<div class=\"col-md-12\">\r\n\r\n\r\n\t\t\t\t\t\t<a href=\"https:\/\/lugera.sk\/jobs\/volne-pracovne-miesta\/category\/elektrotechnika\/\" class=\"btn  btn-sm btn-white  border-color-fuchsia\"><i class=\"fas fas fa-plug\"><\/i>\r\n\t\t\t\t\t&nbsp;Elektrotechnika <\/a>\r\n\t\t\t\t\t\t<a href=\"https:\/\/lugera.sk\/jobs\/volne-pracovne-miesta\/category\/energetika\/\" class=\"btn  btn-sm btn-white  border-color-fuchsia\"><i class=\"fas fas fa-plug\"><\/i>\r\n\t\t\t\t\t&nbsp;Energetika <\/a>\r\n\t\t\t\t<a href=\"https:\/\/lugera.sk\/jobs\/ponuka-prace\/?state=Ko%C5%A1ick%C3%BD+kraj\" class=\"btn  btn-sm btn-white  border-color-fuchsia\"><i class=\"fas fa-map-marker-alt\"><\/i>\r\n\t\t\t&nbsp;Ko\u0161ick\u00fd kraj <\/a>\r\n\r\n\r\n\t<\/div>\r\n<\/div>\t\t\t<div class=\"row text-center\">\n\t\t\t\t<div class=\"description\">\n\t\t\t\t\tBu\u010f pri tvorbe modern\u00fdch energetick\u00fdch rie\u0161en\u00ed.\t\t\t\t<\/div>\n\t\t\t<\/div>\n\n\t\t\t<div class=\"row text-center\">\n\t\t\t\t<div class=\"col-md-12\">\n\t\t\t\t\t<a href=\"https:\/\/lugera.sk\/jobs\/job\/energetik-s-moznostou-home-office-po-zauceni-29592\/\" class=\"btn btn-sm btn-rose btn-round \"><span>\n\t\t\t\t\t\t\t<img decoding=\"async\" id=\"lion-before-position2\" src=\"https:\/\/lugera.sk\/jobs\/lion.png\"> Zisti\u0165 viac <\/span><\/a>\n\t\t\t\t<\/div>\n\t\t\t<\/div>\n\n\n\t\t<\/div>\n\t<\/div>\n<\/div>\n                                                \n<div class=\"col-md-12\">\n\t<div class=\"card card-listing\" style=\"margin-bottom: 2rem;\">\n\t\t<div class=\" card-content\">\n\t\t\t<div class=\"row text-center\">\n\t\t\t\t<div class=\"col-md-2\">\n\t\t\t\n\t\t\t\t\t\t\t<img decoding=\"async\" class=\"img-fluid\" src=\"https:\/\/lugera.sk\/jobs\/lugera-logo-avatar-100.jpg\" \n\t\t\t\t\t\t\talt=\"Lugera &amp; Makl\u00e9r spol. s r.o.\" style=\"max-width: 100px;\">\n\t\t\t\t\t\n\t\t\t\t<\/div>\n\t\t\t\t<div class=\"col-md-10\">\n\t\t\t\t\t<h3 class=\"card-title h3 mb-3\">\n\t\t\t\t\t\t<a href=\" https:\/\/lugera.sk\/jobs\/job\/sales-consultant-29671\/\">Sales Consultant<\/a>\n\t\t\t\t\t<\/h3>\n\t\t\t\t\t<p class=\"text-muted mt-1 mb-0\"><small>Aktualizovan\u00e9: 2026-04-30<\/small><\/p>\n\t\t\t\t<\/div>\n\t\t\t<\/div>\n\t\t\t<hr>\n\t\t\t<div class=\"row text-center\">\r\n\t<div class=\"col-md-12\">\r\n\r\n\r\n\t\t\t\t\t\t<a href=\"https:\/\/lugera.sk\/jobs\/volne-pracovne-miesta\/category\/obchod\/\" class=\"btn  btn-sm btn-white  border-color-fuchsia\"><i class=\"fas fas fa-business-time\"><\/i>\r\n\t\t\t\t\t&nbsp;Obchod <\/a>\r\n\t\t\t\t<a href=\"https:\/\/lugera.sk\/jobs\/ponuka-prace\/?state=Ko%C5%A1ick%C3%BD+kraj\" class=\"btn  btn-sm btn-white  border-color-fuchsia\"><i class=\"fas fa-map-marker-alt\"><\/i>\r\n\t\t\t&nbsp;Ko\u0161ick\u00fd kraj <\/a>\r\n\r\n\r\n\t<\/div>\r\n<\/div>\t\t\t<div class=\"row text-center\">\n\t\t\t\t<div class=\"description\">\n\t\t\t\t\tSales Consultant\t\t\t\t<\/div>\n\t\t\t<\/div>\n\n\t\t\t<div class=\"row text-center\">\n\t\t\t\t<div class=\"col-md-12\">\n\t\t\t\t\t<a href=\"https:\/\/lugera.sk\/jobs\/job\/sales-consultant-29671\/\" class=\"btn btn-sm btn-rose btn-round \"><span>\n\t\t\t\t\t\t\t<img decoding=\"async\" id=\"lion-before-position2\" src=\"https:\/\/lugera.sk\/jobs\/lion.png\"> Zisti\u0165 viac <\/span><\/a>\n\t\t\t\t<\/div>\n\t\t\t<\/div>\n\n\n\t\t<\/div>\n\t<\/div>\n<\/div>\n                                                \n<div class=\"col-md-12\">\n\t<div class=\"card card-listing\" style=\"margin-bottom: 2rem;\">\n\t\t<div class=\" card-content\">\n\t\t\t<div class=\"row text-center\">\n\t\t\t\t<div class=\"col-md-2\">\n\t\t\t\n\t\t\t\t\t\t\t<img decoding=\"async\" class=\"img-fluid\" src=\"https:\/\/lugera.sk\/jobs\/lugera-logo-avatar-100.jpg\" \n\t\t\t\t\t\t\talt=\"Lugera &amp; Makl\u00e9r spol. s r.o.\" style=\"max-width: 100px;\">\n\t\t\t\t\t\n\t\t\t\t<\/div>\n\t\t\t\t<div class=\"col-md-10\">\n\t\t\t\t\t<h3 class=\"card-title h3 mb-3\">\n\t\t\t\t\t\t<a href=\" https:\/\/lugera.sk\/jobs\/job\/senior-embedded-programmer-cc-29496\/\">Senior Embedded Programmer (C\/C++)<\/a>\n\t\t\t\t\t<\/h3>\n\t\t\t\t\t<p class=\"text-muted mt-1 mb-0\"><small>Aktualizovan\u00e9: 2026-04-30<\/small><\/p>\n\t\t\t\t<\/div>\n\t\t\t<\/div>\n\t\t\t<hr>\n\t\t\t<div class=\"row text-center\">\r\n\t<div class=\"col-md-12\">\r\n\r\n\r\n\t\t\t\t\t\t<a href=\"https:\/\/lugera.sk\/jobs\/volne-pracovne-miesta\/category\/informacne-technologie\/\" class=\"btn  btn-sm btn-white  border-color-fuchsia\"><i class=\"fas fas fa-laptop-code\"><\/i>\r\n\t\t\t\t\t&nbsp;Informa\u010dn\u00e9 technol\u00f3gie <\/a>\r\n\t\t\t\t<a href=\"https:\/\/lugera.sk\/jobs\/ponuka-prace\/?state=Ko%C5%A1ick%C3%BD+kraj\" class=\"btn  btn-sm btn-white  border-color-fuchsia\"><i class=\"fas fa-map-marker-alt\"><\/i>\r\n\t\t\t&nbsp;Ko\u0161ick\u00fd kraj <\/a>\r\n\r\n\r\n\t<\/div>\r\n<\/div>\t\t\t<div class=\"row text-center\">\n\t\t\t\t<div class=\"description\">\n\t\t\t\t\tVyv\u00edjaj smart technol\u00f3gie pre mili\u00f3ny pou\u017e\u00edvate\u013eov\t\t\t\t<\/div>\n\t\t\t<\/div>\n\n\t\t\t<div class=\"row text-center\">\n\t\t\t\t<div class=\"col-md-12\">\n\t\t\t\t\t<a href=\"https:\/\/lugera.sk\/jobs\/job\/senior-embedded-programmer-cc-29496\/\" class=\"btn btn-sm btn-rose btn-round \"><span>\n\t\t\t\t\t\t\t<img decoding=\"async\" id=\"lion-before-position2\" src=\"https:\/\/lugera.sk\/jobs\/lion.png\"> Zisti\u0165 viac <\/span><\/a>\n\t\t\t\t<\/div>\n\t\t\t<\/div>\n\n\n\t\t<\/div>\n\t<\/div>\n<\/div>\n                                                \n<div class=\"col-md-12\">\n\t<div class=\"card card-listing\" style=\"margin-bottom: 2rem;\">\n\t\t<div class=\" card-content\">\n\t\t\t<div class=\"row text-center\">\n\t\t\t\t<div class=\"col-md-2\">\n\t\t\t\n\t\t\t\t\t\t\t<img decoding=\"async\" class=\"img-fluid\" src=\"https:\/\/lugera.sk\/jobs\/lugera-logo-avatar-100.jpg\" \n\t\t\t\t\t\t\talt=\"Lugera &amp; Makl\u00e9r spol. s r.o.\" style=\"max-width: 100px;\">\n\t\t\t\t\t\n\t\t\t\t<\/div>\n\t\t\t\t<div class=\"col-md-10\">\n\t\t\t\t\t<h3 class=\"card-title h3 mb-3\">\n\t\t\t\t\t\t<a href=\" https:\/\/lugera.sk\/jobs\/job\/inzinier-zakaznickej-kvality-doplname-tim-pre-nove-projekty-29448\/\">In\u017einier z\u00e1kazn\u00edckej kvality - dop\u013a\u0148ame t\u00edm pre nov\u00e9 projekty !<\/a>\n\t\t\t\t\t<\/h3>\n\t\t\t\t\t<p class=\"text-muted mt-1 mb-0\"><small>Aktualizovan\u00e9: 2026-04-30<\/small><\/p>\n\t\t\t\t<\/div>\n\t\t\t<\/div>\n\t\t\t<hr>\n\t\t\t<div class=\"row text-center\">\r\n\t<div class=\"col-md-12\">\r\n\r\n\r\n\t\t\t\t\t\t<a href=\"https:\/\/lugera.sk\/jobs\/volne-pracovne-miesta\/category\/kvalita-a-kontrola\/\" class=\"btn  btn-sm btn-white  border-color-fuchsia\"><i class=\"fas fas fa-undo-alt\"><\/i>\r\n\t\t\t\t\t&nbsp;Kvalita a kontrola <\/a>\r\n\t\t\t\t<a href=\"https:\/\/lugera.sk\/jobs\/ponuka-prace\/?state=Ko%C5%A1ick%C3%BD+kraj\" class=\"btn  btn-sm btn-white  border-color-fuchsia\"><i class=\"fas fa-map-marker-alt\"><\/i>\r\n\t\t\t&nbsp;Ko\u0161ick\u00fd kraj <\/a>\r\n\r\n\r\n\t<\/div>\r\n<\/div>\t\t\t<div class=\"row text-center\">\n\t\t\t\t<div class=\"description\">\n\t\t\t\t\tN\u00e1jdi si poz\u00edciu In\u017einiera kvality kde bude\u0161 komunikova\u0165 s v\u00fdrobcami pr\u00e9miov\u00fdch automobilov a prep\u00e1ja\u0165 ich po\u017eiadavky s internou kvalitou v\u00fdroby. N\u00e1pl\u0148 pr\u00e1ce bude\u0161 ako sk\u00fasen\u00fd In\u017einier kvality ur\u010dite pozna\u0165 \ud83d\ude42  pravideln\u00e1 komunik\u00e1cia a kontakt so z\u00e1kazn\u00edkmi spolo\u010dnosti (Tier 1) denn\u00fd monitoring z\u00e1kazn\u00edckych reklam\u00e1ci\u00ed v informa\u010dnom syst\u00e9me zav\u00e1dzanie \u00fa\u010dinnosti n\u00e1pravn\u00fdch opatren\u00ed sledovan\u00edm\t\t\t\t<\/div>\n\t\t\t<\/div>\n\n\t\t\t<div class=\"row text-center\">\n\t\t\t\t<div class=\"col-md-12\">\n\t\t\t\t\t<a href=\"https:\/\/lugera.sk\/jobs\/job\/inzinier-zakaznickej-kvality-doplname-tim-pre-nove-projekty-29448\/\" class=\"btn btn-sm btn-rose btn-round \"><span>\n\t\t\t\t\t\t\t<img decoding=\"async\" id=\"lion-before-position2\" src=\"https:\/\/lugera.sk\/jobs\/lion.png\"> Zisti\u0165 viac <\/span><\/a>\n\t\t\t\t<\/div>\n\t\t\t<\/div>\n\n\n\t\t<\/div>\n\t<\/div>\n<\/div>\n                                                \n<div class=\"col-md-12\">\n\t<div class=\"card card-listing\" style=\"margin-bottom: 2rem;\">\n\t\t<div class=\" card-content\">\n\t\t\t<div class=\"row text-center\">\n\t\t\t\t<div class=\"col-md-2\">\n\t\t\t\n\t\t\t\t\t\t\t<img decoding=\"async\" class=\"img-fluid\" src=\"https:\/\/lugera.sk\/jobs\/lugera-logo-avatar-100.jpg\" \n\t\t\t\t\t\t\talt=\"Lugera &amp; Makl\u00e9r spol. s r.o.\" style=\"max-width: 100px;\">\n\t\t\t\t\t\n\t\t\t\t<\/div>\n\t\t\t\t<div class=\"col-md-10\">\n\t\t\t\t\t<h3 class=\"card-title h3 mb-3\">\n\t\t\t\t\t\t<a href=\" https:\/\/lugera.sk\/jobs\/job\/hladame-nakupcu-v-oblasti-priemyselnych-technologii-29642\/\">H\u013ead\u00e1me n\u00e1kupcu v oblasti priemyseln\u00fdch technol\u00f3gi\u00ed<\/a>\n\t\t\t\t\t<\/h3>\n\t\t\t\t\t<p class=\"text-muted mt-1 mb-0\"><small>Aktualizovan\u00e9: 2026-04-30<\/small><\/p>\n\t\t\t\t<\/div>\n\t\t\t<\/div>\n\t\t\t<hr>\n\t\t\t<div class=\"row text-center\">\r\n\t<div class=\"col-md-12\">\r\n\r\n\r\n\t\t\t\t\t\t<a href=\"https:\/\/lugera.sk\/jobs\/volne-pracovne-miesta\/category\/obchod\/\" class=\"btn  btn-sm btn-white  border-color-fuchsia\"><i class=\"fas fas fa-business-time\"><\/i>\r\n\t\t\t\t\t&nbsp;Obchod <\/a>\r\n\t\t\t\t\t\t<a href=\"https:\/\/lugera.sk\/jobs\/volne-pracovne-miesta\/category\/vyroba\/\" class=\"btn  btn-sm btn-white  border-color-fuchsia\"><i class=\"fas fas fa-industry\"><\/i>\r\n\t\t\t\t\t&nbsp;V\u00fdroba <\/a>\r\n\t\t\t\t<a href=\"https:\/\/lugera.sk\/jobs\/ponuka-prace\/?state=Ko%C5%A1ick%C3%BD+kraj\" class=\"btn  btn-sm btn-white  border-color-fuchsia\"><i class=\"fas fa-map-marker-alt\"><\/i>\r\n\t\t\t&nbsp;Ko\u0161ick\u00fd kraj <\/a>\r\n\r\n\r\n\t<\/div>\r\n<\/div>\t\t\t<div class=\"row text-center\">\n\t\t\t\t<div class=\"description\">\n\t\t\t\t\t Pre n\u00e1\u0161ho klienta, etablovan\u00fa medzin\u00e1rodn\u00fa spolo\u010dnos\u0165 v oblasti priemyselnej v\u00fdroby, obsadzujeme poz\u00edciu n\u00e1kupcu, ktor\u00fd bude zohr\u00e1va\u0165 k\u013e\u00fa\u010dov\u00fa \u00falohu pri zabezpe\u010den\u00ed plynul\u00e9ho chodu dod\u00e1vate\u013esk\u00e9ho re\u0165azca.   N\u00e1pl\u0148 pr\u00e1ce:   Spracovanie intern\u00fdch po\u017eiadaviek na n\u00e1kup materi\u00e1lu a slu\u017eieb  Anal\u00fdza a porovn\u00e1vanie cenov\u00fdch pon\u00fak, v\u00fdber optim\u00e1lneho rie\u0161enia  Vyjedn\u00e1vanie obchodn\u00fdch a cenov\u00fdch podmienok s\t\t\t\t<\/div>\n\t\t\t<\/div>\n\n\t\t\t<div class=\"row text-center\">\n\t\t\t\t<div class=\"col-md-12\">\n\t\t\t\t\t<a href=\"https:\/\/lugera.sk\/jobs\/job\/hladame-nakupcu-v-oblasti-priemyselnych-technologii-29642\/\" class=\"btn btn-sm btn-rose btn-round \"><span>\n\t\t\t\t\t\t\t<img decoding=\"async\" id=\"lion-before-position2\" src=\"https:\/\/lugera.sk\/jobs\/lion.png\"> Zisti\u0165 viac <\/span><\/a>\n\t\t\t\t<\/div>\n\t\t\t<\/div>\n\n\n\t\t<\/div>\n\t<\/div>\n<\/div>\n                                                \n<div class=\"col-md-12\">\n\t<div class=\"card card-listing\" style=\"margin-bottom: 2rem;\">\n\t\t<div class=\" card-content\">\n\t\t\t<div class=\"row text-center\">\n\t\t\t\t<div class=\"col-md-2\">\n\t\t\t\n\t\t\t\t\t\t\t<img decoding=\"async\" class=\"img-fluid\" src=\"https:\/\/lugera.sk\/jobs\/lugera-logo-avatar-100.jpg\" \n\t\t\t\t\t\t\talt=\"Lugera &amp; Makl\u00e9r spol. s r.o.\" style=\"max-width: 100px;\">\n\t\t\t\t\t\n\t\t\t\t<\/div>\n\t\t\t\t<div class=\"col-md-10\">\n\t\t\t\t\t<h3 class=\"card-title h3 mb-3\">\n\t\t\t\t\t\t<a href=\" https:\/\/lugera.sk\/jobs\/job\/hlada-sa-call-agent-pre-b2b-segment-29372\/\">H\u013ead\u00e1 sa Call agent pre B2B segment<\/a>\n\t\t\t\t\t<\/h3>\n\t\t\t\t\t<p class=\"text-muted mt-1 mb-0\"><small>Aktualizovan\u00e9: 2026-04-30<\/small><\/p>\n\t\t\t\t<\/div>\n\t\t\t<\/div>\n\t\t\t<hr>\n\t\t\t<div class=\"row text-center\">\r\n\t<div class=\"col-md-12\">\r\n\r\n\r\n\t\t\t\t\t\t<a href=\"https:\/\/lugera.sk\/jobs\/volne-pracovne-miesta\/category\/obchod\/\" class=\"btn  btn-sm btn-white  border-color-fuchsia\"><i class=\"fas fas fa-business-time\"><\/i>\r\n\t\t\t\t\t&nbsp;Obchod <\/a>\r\n\t\t\t\t<a href=\"https:\/\/lugera.sk\/jobs\/ponuka-prace\/?state=Ko%C5%A1ick%C3%BD+kraj\" class=\"btn  btn-sm btn-white  border-color-fuchsia\"><i class=\"fas fa-map-marker-alt\"><\/i>\r\n\t\t\t&nbsp;Ko\u0161ick\u00fd kraj <\/a>\r\n\r\n\r\n\t<\/div>\r\n<\/div>\t\t\t<div class=\"row text-center\">\n\t\t\t\t<div class=\"description\">\n\t\t\t\t\t Bav\u00ed \u0165a komunik\u00e1cia s \u013eu\u010fmi a m\u00e1\u0161 prirodzen\u00fd talent presved\u010di\u0165? Vie\u0161 nadchn\u00fa\u0165 druh\u00fdch pre dobr\u00fa my\u0161lienku \u2013 alebo sa to chce\u0161 nau\u010di\u0165?   \u010cak\u00e1 \u0165a produkt, ktor\u00fd m\u00e1 zmysel \u2013 pom\u00e1ha firm\u00e1m stara\u0165 sa o zdravie a pohodu ich zamestnancov.   Nemus\u00ed\u0161 ma\u0165 \u017eiadne sk\u00fasenosti, v\u0161etko sa zau\u010d\u00ed\u0161. Sta\u010d\u00ed ten spr\u00e1vny drive a chu\u0165 rozbehn\u00fa\u0165 kari\u00e9ru v obchode.  \u010co bude\u0161 robi\u0165?  Vyh\u013ead\u00e1va\u0165 nov\u00e9 firmy a nadv\u00e4zova\u0165 s\t\t\t\t<\/div>\n\t\t\t<\/div>\n\n\t\t\t<div class=\"row text-center\">\n\t\t\t\t<div class=\"col-md-12\">\n\t\t\t\t\t<a href=\"https:\/\/lugera.sk\/jobs\/job\/hlada-sa-call-agent-pre-b2b-segment-29372\/\" class=\"btn btn-sm btn-rose btn-round \"><span>\n\t\t\t\t\t\t\t<img decoding=\"async\" id=\"lion-before-position2\" src=\"https:\/\/lugera.sk\/jobs\/lion.png\"> Zisti\u0165 viac <\/span><\/a>\n\t\t\t\t<\/div>\n\t\t\t<\/div>\n\n\n\t\t<\/div>\n\t<\/div>\n<\/div>\n            \r\n        <\/div>\r\n\r\n                <div class=\"wpjb-paginate-links wpjb-paginate-links-index\">        <div class=\"text-center\">\r\n        <nav class=\"navigation pagination\" role=\"navigation\">\r\n            <div class=\"nav-links\">\r\n               \r\n        <\/div>             <\/div>\r\n        <\/nav>\r\n         <\/div>\r\n        \r\n        <script>\r\n            window.dataLayer = window.dataLayer || [];\r\n            window.dataLayer.push({\r\n            \"event\": \"view_item_list\",\r\n            'items': [ {\n  'id': '100029673',\n  'location_id': 'kosicky',  \n  'google_business_vertical': 'jobs'\n   },{\n  'id': '100029681',\n  'location_id': 'kosicky',  \n  'google_business_vertical': 'jobs'\n   },{\n  'id': '100029592',\n  'location_id': 'kosicky',  \n  'google_business_vertical': 'jobs'\n   },{\n  'id': '100029671',\n  'location_id': 'kosicky',  \n  'google_business_vertical': 'jobs'\n   },{\n  'id': '100029496',\n  'location_id': 'kosicky',  \n  'google_business_vertical': 'jobs'\n   },{\n  'id': '100029448',\n  'location_id': 'kosicky',  \n  'google_business_vertical': 'jobs'\n   },{\n  'id': '100029642',\n  'location_id': 'kosicky',  \n  'google_business_vertical': 'jobs'\n   },{\n  'id': '100029372',\n  'location_id': 'kosicky',  \n  'google_business_vertical': 'jobs'\n   } ]\r\n            });\r\n        <\/script>\r\n       \r\n     \r\n\r\n    \r\n<\/div>\r\n     \r\n<!-- Begin: Subscribe to anything -->\r\n<!-- End: Subscribe to anything -->\r\n<\/div><\/div><\/div><\/div><\/div><\/section>\n","protected":false},"excerpt":{"rendered":"Kon\u0161trukt\u00e9r v\u00fdrobn\u00fdch liniek (Autodesk Inventor) ! Aktualizovan\u00e9: 2026-04-30 &nbsp;Stroj\u00e1rstvo &nbsp;Stavebn\u00edctvo &nbsp;Ko\u0161ick\u00fd kraj Radi by sme pon\u00fakli poz\u00edciu pre Kon\u0161trukt\u00e9ra s praxou v Inventore, ktor\u00fd sa chce venova\u0165 technicky zauj\u00edmav\u00fdm projektom dod\u00e1vok v\u00fdrobn\u00fdch liniek a zariaden\u00ed pre priemysel. Realizujeme komplexn\u00e9 projekty od n\u00e1vrhu a\u017e po in\u0161tal\u00e1ciu u v\u00fdznamn\u00fdch priemyseln\u00fdch z\u00e1kazn\u00edkov. N\u00e1pl\u0148 pr\u00e1ce bude\u0161 ako sk\u00fasen\u00fd kon\u0161trukt\u00e9r...","protected":false},"author":1,"featured_media":0,"parent":2846,"menu_order":0,"comment_status":"closed","ping_status":"closed","template":"","meta":{"footnotes":""},"class_list":["post-2875","page","type-page","status-publish","hentry"],"_links":{"self":[{"href":"https:\/\/lugera.sk\/jobs\/wp-json\/wp\/v2\/pages\/2875","targetHints":{"allow":["GET"]}}],"collection":[{"href":"https:\/\/lugera.sk\/jobs\/wp-json\/wp\/v2\/pages"}],"about":[{"href":"https:\/\/lugera.sk\/jobs\/wp-json\/wp\/v2\/types\/page"}],"author":[{"embeddable":true,"href":"https:\/\/lugera.sk\/jobs\/wp-json\/wp\/v2\/users\/1"}],"replies":[{"embeddable":true,"href":"https:\/\/lugera.sk\/jobs\/wp-json\/wp\/v2\/comments?post=2875"}],"version-history":[{"count":1,"href":"https:\/\/lugera.sk\/jobs\/wp-json\/wp\/v2\/pages\/2875\/revisions"}],"predecessor-version":[{"id":2876,"href":"https:\/\/lugera.sk\/jobs\/wp-json\/wp\/v2\/pages\/2875\/revisions\/2876"}],"up":[{"embeddable":true,"href":"https:\/\/lugera.sk\/jobs\/wp-json\/wp\/v2\/pages\/2846"}],"wp:attachment":[{"href":"https:\/\/lugera.sk\/jobs\/wp-json\/wp\/v2\/media?parent=2875"}],"curies":[{"name":"wp","href":"https:\/\/api.w.org\/{rel}","templated":true}]}}