{"id":2873,"date":"2020-11-25T10:15:33","date_gmt":"2020-11-25T09:15:33","guid":{"rendered":"http:\/\/lugera.sk\/jobs\/?page_id=2873"},"modified":"2020-11-25T10:15:33","modified_gmt":"2020-11-25T09:15:33","slug":"presovsky-kraj","status":"publish","type":"page","link":"https:\/\/lugera.sk\/jobs\/kraje\/presovsky-kraj\/","title":{"rendered":"Pre\u0161ovsk\u00fd kraj"},"content":{"rendered":"<section class=\"l-section wpb_row kraj height_medium\"><div class=\"l-section-h i-cf\"><div class=\"g-cols vc_row via_flex valign_top type_default stacking_default\"><div class=\"vc_col-sm-12 wpb_column vc_column_container\"><div class=\"vc_column-inner\"><div class=\"wpb_wrapper\">\r\n<div class=\"wpjbx wpjb-page-index\">\r\n\r\n    \r\n        \r\n\r\n            <div class=\"wpjb-job-list wpjb-grid row\">\r\n                                                            \n<div class=\"col-md-12\">\n\t<div class=\"card card-listing\" style=\"margin-bottom: 2rem;\">\n\t\t<div class=\" card-content\">\n\t\t\t<div class=\"row text-center\">\n\t\t\t\t<div class=\"col-md-2\">\n\t\t\t\n\t\t\t\t\t\t\t<img decoding=\"async\" class=\"img-fluid\" src=\"https:\/\/lugera.sk\/jobs\/lugera-logo-avatar-100.jpg\" \n\t\t\t\t\t\t\talt=\"Lugera &amp; Makl\u00e9r spol. s r.o.\" style=\"max-width: 100px;\">\n\t\t\t\t\t\n\t\t\t\t<\/div>\n\t\t\t\t<div class=\"col-md-10\">\n\t\t\t\t\t<h3 class=\"card-title h3 mb-3\">\n\t\t\t\t\t\t<a href=\" https:\/\/lugera.sk\/jobs\/job\/veducia-laboratoria-a-manazer-kvality-29688\/\">Ved\u00faci\/a laborat\u00f3ria a mana\u017e\u00e9r kvality<\/a>\n\t\t\t\t\t<\/h3>\n\t\t\t\t\t<p class=\"text-muted mt-1 mb-0\"><small>Aktualizovan\u00e9: 2026-04-29<\/small><\/p>\n\t\t\t\t<\/div>\n\t\t\t<\/div>\n\t\t\t<hr>\n\t\t\t<div class=\"row text-center\">\r\n\t<div class=\"col-md-12\">\r\n\r\n\r\n\t\t\t\t\t\t<a href=\"https:\/\/lugera.sk\/jobs\/volne-pracovne-miesta\/category\/vyroba\/\" class=\"btn  btn-sm btn-white  border-color-fuchsia\"><i class=\"fas fas fa-industry\"><\/i>\r\n\t\t\t\t\t&nbsp;V\u00fdroba <\/a>\r\n\t\t\t\t<a href=\"https:\/\/lugera.sk\/jobs\/ponuka-prace\/?state=Pre%C5%A1ovsk%C3%BD+kraj\" class=\"btn  btn-sm btn-white  border-color-fuchsia\"><i class=\"fas fa-map-marker-alt\"><\/i>\r\n\t\t\t&nbsp;Pre\u0161ovsk\u00fd kraj <\/a>\r\n\r\n\r\n\t<\/div>\r\n<\/div>\t\t\t<div class=\"row text-center\">\n\t\t\t\t<div class=\"description\">\n\t\t\t\t\triadenie \u010dinnosti sk\u00fa\u0161obn\u00e9ho laborat\u00f3ria a zabezpe\u010denie jeho plynul\u00e9ho chodu (materi\u00e1lneho aj person\u00e1lneho) pl\u00e1novanie a kontrola sk\u00fa\u0161ok v\u00fdrobkov v s\u00falade s platn\u00fdmi normami vykon\u00e1vanie technick\u00fdch sk\u00fa\u0161ok (odber vzoriek, ich pr\u00edprava, testovanie, vyhodnocovanie a tvorba protokolov) spolupr\u00e1ca a odborn\u00e1 komunik\u00e1cia s extern\u00fdmi laborat\u00f3riami a vedeck\u00fdmi in\u0161tit\u00faciami vedenie evidencie a kompletnej\t\t\t\t<\/div>\n\t\t\t<\/div>\n\n\t\t\t<div class=\"row text-center\">\n\t\t\t\t<div class=\"col-md-12\">\n\t\t\t\t\t<a href=\"https:\/\/lugera.sk\/jobs\/job\/veducia-laboratoria-a-manazer-kvality-29688\/\" class=\"btn btn-sm btn-rose btn-round \"><span>\n\t\t\t\t\t\t\t<img decoding=\"async\" id=\"lion-before-position2\" src=\"https:\/\/lugera.sk\/jobs\/lion.png\"> Zisti\u0165 viac <\/span><\/a>\n\t\t\t\t<\/div>\n\t\t\t<\/div>\n\n\n\t\t<\/div>\n\t<\/div>\n<\/div>\n                                                \n<div class=\"col-md-12\">\n\t<div class=\"card card-listing\" style=\"margin-bottom: 2rem;\">\n\t\t<div class=\" card-content\">\n\t\t\t<div class=\"row text-center\">\n\t\t\t\t<div class=\"col-md-2\">\n\t\t\t\n\t\t\t\t\t\t\t<img decoding=\"async\" class=\"img-fluid\" src=\"https:\/\/lugera.sk\/jobs\/lugera-logo-avatar-100.jpg\" \n\t\t\t\t\t\t\talt=\"Lugera &amp; Makl\u00e9r spol. s r.o.\" style=\"max-width: 100px;\">\n\t\t\t\t\t\n\t\t\t\t<\/div>\n\t\t\t\t<div class=\"col-md-10\">\n\t\t\t\t\t<h3 class=\"card-title h3 mb-3\">\n\t\t\t\t\t\t<a href=\" https:\/\/lugera.sk\/jobs\/job\/hladame-speditera-aj-bez-skusenosti-ci-dopravnej-skoly-s-francuzskym-jazykom-29657\/\">H\u013ead\u00e1me \u0161pedit\u00e9ra - aj bez sk\u00fasenost\u00ed \u010di dopravnej \u0161koly - s franc\u00fazskym jazykom<\/a>\n\t\t\t\t\t<\/h3>\n\t\t\t\t\t<p class=\"text-muted mt-1 mb-0\"><small>Aktualizovan\u00e9: 2026-04-29<\/small><\/p>\n\t\t\t\t<\/div>\n\t\t\t<\/div>\n\t\t\t<hr>\n\t\t\t<div class=\"row text-center\">\r\n\t<div class=\"col-md-12\">\r\n\r\n\r\n\t\t\t\t\t\t<a href=\"https:\/\/lugera.sk\/jobs\/volne-pracovne-miesta\/category\/logistika-a-transport\/\" class=\"btn  btn-sm btn-white  border-color-fuchsia\"><i class=\"fas fas fa-shipping-fast\"><\/i>\r\n\t\t\t\t\t&nbsp;Logistika a transport <\/a>\r\n\t\t\t\t<a href=\"https:\/\/lugera.sk\/jobs\/ponuka-prace\/?state=Pre%C5%A1ovsk%C3%BD+kraj\" class=\"btn  btn-sm btn-white  border-color-fuchsia\"><i class=\"fas fa-map-marker-alt\"><\/i>\r\n\t\t\t&nbsp;Pre\u0161ovsk\u00fd kraj <\/a>\r\n\r\n\r\n\t<\/div>\r\n<\/div>\t\t\t<div class=\"row text-center\">\n\t\t\t\t<div class=\"description\">\n\t\t\t\t\t Pre n\u00e1\u0161ho stabiln\u00e9ho klienta, p\u00f4sobiaceho v oblasti medzin\u00e1rodnej n\u00e1kladnej dopravy a logistiky so s\u00eddlom v okrese Vranov nad Top\u013eou, obsadzujeme poz\u00edciu \u0161pedit\u00e9ra\/\u0161pedit\u00e9rky. Nepotrebuje\u0161 \u0161kolu ani prax, v\u0161etko \u0165a nau\u010d\u00edme - sta\u010d\u00ed znalos\u0165 franc\u00fazskeho jazyka.  N\u00e1pl\u0148 pr\u00e1ce:   Zabezpe\u010dovanie obchodn\u00fdch vz\u0165ahov a komunik\u00e1cie s prepravcami Spracovanie a posudzovanie cenov\u00fdch pon\u00fak z h\u013eadiska\t\t\t\t<\/div>\n\t\t\t<\/div>\n\n\t\t\t<div class=\"row text-center\">\n\t\t\t\t<div class=\"col-md-12\">\n\t\t\t\t\t<a href=\"https:\/\/lugera.sk\/jobs\/job\/hladame-speditera-aj-bez-skusenosti-ci-dopravnej-skoly-s-francuzskym-jazykom-29657\/\" class=\"btn btn-sm btn-rose btn-round \"><span>\n\t\t\t\t\t\t\t<img decoding=\"async\" id=\"lion-before-position2\" src=\"https:\/\/lugera.sk\/jobs\/lion.png\"> Zisti\u0165 viac <\/span><\/a>\n\t\t\t\t<\/div>\n\t\t\t<\/div>\n\n\n\t\t<\/div>\n\t<\/div>\n<\/div>\n                                                \n<div class=\"col-md-12\">\n\t<div class=\"card card-listing\" style=\"margin-bottom: 2rem;\">\n\t\t<div class=\" card-content\">\n\t\t\t<div class=\"row text-center\">\n\t\t\t\t<div class=\"col-md-2\">\n\t\t\t\n\t\t\t\t\t\t\t<img decoding=\"async\" class=\"img-fluid\" src=\"https:\/\/lugera.sk\/jobs\/lugera-logo-avatar-100.jpg\" \n\t\t\t\t\t\t\talt=\"Lugera &amp; Makl\u00e9r spol. s r.o.\" style=\"max-width: 100px;\">\n\t\t\t\t\t\n\t\t\t\t<\/div>\n\t\t\t\t<div class=\"col-md-10\">\n\t\t\t\t\t<h3 class=\"card-title h3 mb-3\">\n\t\t\t\t\t\t<a href=\" https:\/\/lugera.sk\/jobs\/job\/obchodny-zastupca-pre-region-poprad-kezmarok-svit-lipany-revuca-29314\/\">Obchodn\u00fd z\u00e1stupca pre regi\u00f3n Poprad, Ke\u017emarok, Svit, Lipany, Rev\u00faca<\/a>\n\t\t\t\t\t<\/h3>\n\t\t\t\t\t<p class=\"text-muted mt-1 mb-0\"><small>Aktualizovan\u00e9: 2026-04-29<\/small><\/p>\n\t\t\t\t<\/div>\n\t\t\t<\/div>\n\t\t\t<hr>\n\t\t\t<div class=\"row text-center\">\r\n\t<div class=\"col-md-12\">\r\n\r\n\r\n\t\t\t\t\t\t<a href=\"https:\/\/lugera.sk\/jobs\/volne-pracovne-miesta\/category\/obchod\/\" class=\"btn  btn-sm btn-white  border-color-fuchsia\"><i class=\"fas fas fa-business-time\"><\/i>\r\n\t\t\t\t\t&nbsp;Obchod <\/a>\r\n\t\t\t\t<a href=\"https:\/\/lugera.sk\/jobs\/ponuka-prace\/?state=Pre%C5%A1ovsk%C3%BD+kraj\" class=\"btn  btn-sm btn-white  border-color-fuchsia\"><i class=\"fas fa-map-marker-alt\"><\/i>\r\n\t\t\t&nbsp;Pre\u0161ovsk\u00fd kraj <\/a>\r\n\r\n\r\n\t<\/div>\r\n<\/div>\t\t\t<div class=\"row text-center\">\n\t\t\t\t<div class=\"description\">\n\t\t\t\t\t N\u00e1\u0161 klient, pre ktor\u00e9ho obsadzujeme poz\u00edciu Obchodn\u00e9ho z\u00e1stupcu je spolo\u010dnos\u0165 s dlhoro\u010dn\u00fdm p\u00f4soben\u00edm na trhu, zameran\u00e1 na predaj profesion\u00e1lneho spojovacieho materi\u00e1lu, n\u00e1radia, kotviacej techniky a mont\u00e1\u017enych syst\u00e9mov. Z\u00e1kazn\u00edkom pon\u00faka \u0161irok\u00e9 portf\u00f3lio kvalitn\u00fdch produktov a technick\u00fdch rie\u0161en\u00ed najm\u00e4 pre priemysel, stavebn\u00edctvo a remeseln\u00e9 odvetvia.   \u010co bude\u0161 robi\u0165?  Pred\u00e1va\u0165 produkty a\t\t\t\t<\/div>\n\t\t\t<\/div>\n\n\t\t\t<div class=\"row text-center\">\n\t\t\t\t<div class=\"col-md-12\">\n\t\t\t\t\t<a href=\"https:\/\/lugera.sk\/jobs\/job\/obchodny-zastupca-pre-region-poprad-kezmarok-svit-lipany-revuca-29314\/\" class=\"btn btn-sm btn-rose btn-round \"><span>\n\t\t\t\t\t\t\t<img decoding=\"async\" id=\"lion-before-position2\" src=\"https:\/\/lugera.sk\/jobs\/lion.png\"> Zisti\u0165 viac <\/span><\/a>\n\t\t\t\t<\/div>\n\t\t\t<\/div>\n\n\n\t\t<\/div>\n\t<\/div>\n<\/div>\n            \r\n        <\/div>\r\n\r\n                <div class=\"wpjb-paginate-links wpjb-paginate-links-index\">        <div class=\"text-center\">\r\n        <nav class=\"navigation pagination\" role=\"navigation\">\r\n            <div class=\"nav-links\">\r\n               \r\n        <\/div>             <\/div>\r\n        <\/nav>\r\n         <\/div>\r\n        \r\n        <script>\r\n            window.dataLayer = window.dataLayer || [];\r\n            window.dataLayer.push({\r\n            \"event\": \"view_item_list\",\r\n            'items': [ {\n  'id': '100029688',\n  'location_id': 'presovsky',  \n  'google_business_vertical': 'jobs'\n   },{\n  'id': '100029657',\n  'location_id': 'presovsky',  \n  'google_business_vertical': 'jobs'\n   },{\n  'id': '100029314',\n  'location_id': 'presovsky',  \n  'google_business_vertical': 'jobs'\n   } ]\r\n            });\r\n        <\/script>\r\n       \r\n     \r\n\r\n    \r\n<\/div>\r\n     \r\n<!-- Begin: Subscribe to anything -->\r\n<!-- End: Subscribe to anything -->\r\n<\/div><\/div><\/div><\/div><\/div><\/section>\n","protected":false},"excerpt":{"rendered":"Ved\u00faci\/a laborat\u00f3ria a mana\u017e\u00e9r kvality Aktualizovan\u00e9: 2026-04-29 &nbsp;V\u00fdroba &nbsp;Pre\u0161ovsk\u00fd kraj riadenie \u010dinnosti sk\u00fa\u0161obn\u00e9ho laborat\u00f3ria a zabezpe\u010denie jeho plynul\u00e9ho chodu (materi\u00e1lneho aj person\u00e1lneho) pl\u00e1novanie a kontrola sk\u00fa\u0161ok v\u00fdrobkov v s\u00falade s platn\u00fdmi normami vykon\u00e1vanie technick\u00fdch sk\u00fa\u0161ok (odber vzoriek, ich pr\u00edprava, testovanie, vyhodnocovanie a tvorba protokolov) spolupr\u00e1ca a odborn\u00e1 komunik\u00e1cia s extern\u00fdmi laborat\u00f3riami a vedeck\u00fdmi in\u0161tit\u00faciami vedenie...","protected":false},"author":1,"featured_media":0,"parent":2846,"menu_order":0,"comment_status":"closed","ping_status":"closed","template":"","meta":{"footnotes":""},"class_list":["post-2873","page","type-page","status-publish","hentry"],"_links":{"self":[{"href":"https:\/\/lugera.sk\/jobs\/wp-json\/wp\/v2\/pages\/2873","targetHints":{"allow":["GET"]}}],"collection":[{"href":"https:\/\/lugera.sk\/jobs\/wp-json\/wp\/v2\/pages"}],"about":[{"href":"https:\/\/lugera.sk\/jobs\/wp-json\/wp\/v2\/types\/page"}],"author":[{"embeddable":true,"href":"https:\/\/lugera.sk\/jobs\/wp-json\/wp\/v2\/users\/1"}],"replies":[{"embeddable":true,"href":"https:\/\/lugera.sk\/jobs\/wp-json\/wp\/v2\/comments?post=2873"}],"version-history":[{"count":1,"href":"https:\/\/lugera.sk\/jobs\/wp-json\/wp\/v2\/pages\/2873\/revisions"}],"predecessor-version":[{"id":2874,"href":"https:\/\/lugera.sk\/jobs\/wp-json\/wp\/v2\/pages\/2873\/revisions\/2874"}],"up":[{"embeddable":true,"href":"https:\/\/lugera.sk\/jobs\/wp-json\/wp\/v2\/pages\/2846"}],"wp:attachment":[{"href":"https:\/\/lugera.sk\/jobs\/wp-json\/wp\/v2\/media?parent=2873"}],"curies":[{"name":"wp","href":"https:\/\/api.w.org\/{rel}","templated":true}]}}