{"id":25661,"date":"2025-03-24T11:11:36","date_gmt":"2025-03-24T10:11:36","guid":{"rendered":"https:\/\/lugera.sk\/jobs\/?page_id=25661"},"modified":"2025-03-26T07:21:02","modified_gmt":"2025-03-26T06:21:02","slug":"inalfa","status":"publish","type":"page","link":"https:\/\/lugera.sk\/jobs\/inalfa\/","title":{"rendered":"INALFA Slovensko"},"content":{"rendered":"<section class=\"l-section wpb_row height_medium color_secondary with_img\"><div class=\"l-section-img\" role=\"img\" aria-label=\"Obr\u00e1zok\" data-img-width=\"1440\" data-img-height=\"359\" style=\"background-image: url(https:\/\/lugera.sk\/jobs\/wp-content\/uploads\/2019\/10\/lugera_jobs_heading.png);\"><\/div><div class=\"l-section-h i-cf\"><div class=\"g-cols vc_row via_flex valign_top type_default stacking_default\"><div class=\"vc_col-sm-12 wpb_column vc_column_container\"><div class=\"vc_column-inner\"><div class=\"wpb_wrapper\"><div class=\"w-separator size_medium\"><\/div><h2 class=\"w-text us_custom_eb849559\"><span class=\"w-text-h\"><span class=\"w-text-value\">INALFA Slovensko<br \/>\npr\u00e1ve h\u013ead\u00e1 nov\u00fdch kolegov<\/span><\/span><\/h2><div class=\"g-cols wpb_row via_flex valign_top type_default stacking_default\"><div class=\"vc_col-sm-1\/5 wpb_column vc_column_container hide_on_mobiles\"><div class=\"vc_column-inner\"><div class=\"wpb_wrapper\"><\/div><\/div><\/div><div class=\"vc_col-sm-1\/5 wpb_column vc_column_container\"><div class=\"vc_column-inner\"><div class=\"wpb_wrapper\"><\/div><\/div><\/div><div class=\"vc_col-sm-1\/5 wpb_column vc_column_container\"><div class=\"vc_column-inner\"><div class=\"wpb_wrapper\"><div class=\"w-image align_center\"><div class=\"w-image-h\"><img decoding=\"async\" width=\"200\" height=\"118\" src=\"https:\/\/lugera.sk\/jobs\/wp-content\/uploads\/2025\/03\/logo1-e1742969618136.png\" class=\"attachment-full size-full\" alt=\"\" loading=\"lazy\" \/><\/div><\/div><\/div><\/div><\/div><div class=\"vc_col-sm-1\/5 wpb_column vc_column_container\"><div class=\"vc_column-inner\"><div class=\"wpb_wrapper\"><\/div><\/div><\/div><div class=\"vc_col-sm-1\/5 wpb_column vc_column_container\"><div class=\"vc_column-inner\"><div class=\"wpb_wrapper\"><\/div><\/div><\/div><\/div><div class=\"w-separator size_small\"><\/div><\/div><\/div><\/div><\/div><\/div><\/section><section class=\"l-section wpb_row height_medium\"><div class=\"l-section-h i-cf\"><div class=\"g-cols vc_row via_flex valign_top type_default stacking_default\"><div class=\"vc_col-sm-12 wpb_column vc_column_container\"><div class=\"vc_column-inner\"><div class=\"wpb_wrapper\">[vc_raw_html]JTVCd3BqYl9qb2JzX2xpc3QlMjBtZXRhX19qb2JfZ3JvdXAlM0QlMjJpbmFsZmElMjIlMjBzZWFyY2hfYmFyJTNEJTIyZGlzYWJsZWQlMjIlNUQ=[\/vc_raw_html]<\/div><\/div><\/div><\/div><\/div><\/section>\n","protected":false},"excerpt":{"rendered":"INALFA Slovensko pr\u00e1ve h\u013ead\u00e1 nov\u00fdch kolegov[vc_raw_html]JTVCd3BqYl9qb2JzX2xpc3QlMjBtZXRhX19qb2JfZ3JvdXAlM0QlMjJpbmFsZmElMjIlMjBzZWFyY2hfYmFyJTNEJTIyZGlzYWJsZWQlMjIlNUQ=[\/vc_raw_html]","protected":false},"author":1,"featured_media":0,"parent":0,"menu_order":0,"comment_status":"closed","ping_status":"closed","template":"","meta":{"footnotes":""},"class_list":["post-25661","page","type-page","status-publish","hentry"],"_links":{"self":[{"href":"https:\/\/lugera.sk\/jobs\/wp-json\/wp\/v2\/pages\/25661","targetHints":{"allow":["GET"]}}],"collection":[{"href":"https:\/\/lugera.sk\/jobs\/wp-json\/wp\/v2\/pages"}],"about":[{"href":"https:\/\/lugera.sk\/jobs\/wp-json\/wp\/v2\/types\/page"}],"author":[{"embeddable":true,"href":"https:\/\/lugera.sk\/jobs\/wp-json\/wp\/v2\/users\/1"}],"replies":[{"embeddable":true,"href":"https:\/\/lugera.sk\/jobs\/wp-json\/wp\/v2\/comments?post=25661"}],"version-history":[{"count":26,"href":"https:\/\/lugera.sk\/jobs\/wp-json\/wp\/v2\/pages\/25661\/revisions"}],"predecessor-version":[{"id":25699,"href":"https:\/\/lugera.sk\/jobs\/wp-json\/wp\/v2\/pages\/25661\/revisions\/25699"}],"wp:attachment":[{"href":"https:\/\/lugera.sk\/jobs\/wp-json\/wp\/v2\/media?parent=25661"}],"curies":[{"name":"wp","href":"https:\/\/api.w.org\/{rel}","templated":true}]}}